{"id":6727,"date":"2024-01-08T15:36:05","date_gmt":"2024-01-08T13:36:05","guid":{"rendered":"https:\/\/equisil.com\/product\/equisil-mane-and-tail-detangler\/"},"modified":"2025-02-19T16:52:40","modified_gmt":"2025-02-19T14:52:40","slug":"equisil-mane-and-tail-detangler","status":"publish","type":"product","link":"https:\/\/equisil.com\/fr\/produit\/equisil-mane-and-tail-detangler\/","title":{"rendered":"Mane &amp; Tale detangler"},"content":{"rendered":"","protected":false},"excerpt":{"rendered":"<p><strong>D\u00e9m\u00ealant durable pour crini\u00e8re et queue<\/strong><\/p>\n<p>Notre d\u00e9m\u00ealant avanc\u00e9 est con\u00e7u pour pr\u00e9venir efficacement la formation de n\u0153uds et renforcer les crins de votre cheval. Vaporisez simplement directement sur la crini\u00e8re et la queue pour r\u00e9duire la traction caus\u00e9e par les n\u0153uds. Simply spray directly onto the mane and tail to reduce drag caused by tangles.<\/p>\n<p><strong>Avantages cl\u00e9s:<\/strong><\/p>\n<ul>\n<li><strong>Brillance et \u00e9clat:<\/strong> Am\u00e9liore l&#8217;apparence de la crini\u00e8re et de la queue de votre cheval avec une brillance \u00e9clatante.<\/li>\n<li><strong>Renforce les crins:<\/strong> Fortifie les crins, favorisant une croissance plus saine et plus r\u00e9sistante.<\/li>\n<li><strong>Conditionneur longue dur\u00e9e:<\/strong> Offre un conditionnement prolong\u00e9 pour la fourrure, la crini\u00e8re et la queue.<\/li>\n<li><strong>Protection contre la salet\u00e9:<\/strong> Cr\u00e9e une barri\u00e8re protectrice contre la salet\u00e9, gardant le pelage de votre cheval propre plus longtemps.<\/li>\n<\/ul>\n<p><strong>Technologie:<\/strong><\/p>\n<p>Formul\u00e9 avec la technologie innovante SiArmor\u00ae \u00e0 base de silicone, ce d\u00e9m\u00ealant embellit et prot\u00e8ge les crins, facilitant un toilettage plus simple et efficace.<\/p>\n","protected":false},"featured_media":6703,"template":"","meta":[],"product_brand":[],"product_cat":[708],"product_tag":[],"class_list":{"0":"post-6727","1":"product","2":"type-product","3":"status-publish","4":"has-post-thumbnail","6":"product_cat-pour-votre-cheval","8":"first","9":"instock","10":"taxable","11":"shipping-taxable","12":"purchasable","13":"product-type-variable"},"yoast_head":"<!-- This site is optimized with the Yoast SEO plugin v27.3 - https:\/\/yoast.com\/product\/yoast-seo-wordpress\/ -->\n<title>Mane &amp; Tale detangler - Equisil a new equestrian revelation<\/title>\n<meta name=\"robots\" content=\"index, follow, max-snippet:-1, max-image-preview:large, max-video-preview:-1\" \/>\n<link rel=\"canonical\" href=\"https:\/\/equisil.com\/fr\/produit\/equisil-mane-and-tail-detangler\/\" \/>\n<meta property=\"og:locale\" content=\"fr_FR\" \/>\n<meta property=\"og:type\" content=\"article\" \/>\n<meta property=\"og:title\" content=\"Mane &amp; Tale detangler - Equisil a new equestrian revelation\" \/>\n<meta property=\"og:description\" content=\"D\u00e9m\u00ealant durable pour crini\u00e8re et queue  Notre d\u00e9m\u00ealant avanc\u00e9 est con\u00e7u pour pr\u00e9venir efficacement la formation de n\u0153uds et renforcer les crins de votre cheval. Vaporisez simplement directement sur la crini\u00e8re et la queue pour r\u00e9duire la traction caus\u00e9e par les n\u0153uds. Simply spray directly onto the mane and tail to reduce drag caused by tangles.  Avantages cl\u00e9s:   Brillance et \u00e9clat: Am\u00e9liore l&#039;apparence de la crini\u00e8re et de la queue de votre cheval avec une brillance \u00e9clatante.  Renforce les crins: Fortifie les crins, favorisant une croissance plus saine et plus r\u00e9sistante.  Conditionneur longue dur\u00e9e: Offre un conditionnement prolong\u00e9 pour la fourrure, la crini\u00e8re et la queue.  Protection contre la salet\u00e9: Cr\u00e9e une barri\u00e8re protectrice contre la salet\u00e9, gardant le pelage de votre cheval propre plus longtemps.  Technologie:  Formul\u00e9 avec la technologie innovante SiArmor\u00ae \u00e0 base de silicone, ce d\u00e9m\u00ealant embellit et prot\u00e8ge les crins, facilitant un toilettage plus simple et efficace.\" \/>\n<meta property=\"og:url\" content=\"https:\/\/equisil.com\/fr\/produit\/equisil-mane-and-tail-detangler\/\" \/>\n<meta property=\"og:site_name\" content=\"Equisil a new equestrian revelation\" \/>\n<meta property=\"article:modified_time\" content=\"2025-02-19T14:52:40+00:00\" \/>\n<meta property=\"og:image\" content=\"https:\/\/equisil.com\/wp-content\/uploads\/2024\/01\/equisil_mane.png\" \/>\n\t<meta property=\"og:image:width\" content=\"1200\" \/>\n\t<meta property=\"og:image:height\" content=\"1200\" \/>\n\t<meta property=\"og:image:type\" content=\"image\/png\" \/>\n<meta name=\"twitter:card\" content=\"summary_large_image\" \/>\n<meta name=\"twitter:label1\" content=\"Dur\u00e9e de lecture estim\u00e9e\" \/>\n\t<meta name=\"twitter:data1\" content=\"1 minute\" \/>\n<script type=\"application\/ld+json\" class=\"yoast-schema-graph\">{\"@context\":\"https:\\\/\\\/schema.org\",\"@graph\":[{\"@type\":\"WebPage\",\"@id\":\"https:\\\/\\\/equisil.com\\\/fr\\\/produit\\\/equisil-mane-and-tail-detangler\\\/\",\"url\":\"https:\\\/\\\/equisil.com\\\/fr\\\/produit\\\/equisil-mane-and-tail-detangler\\\/\",\"name\":\"Mane &amp; Tale detangler - Equisil a new equestrian revelation\",\"isPartOf\":{\"@id\":\"https:\\\/\\\/equisil.com\\\/#website\"},\"primaryImageOfPage\":{\"@id\":\"https:\\\/\\\/equisil.com\\\/fr\\\/produit\\\/equisil-mane-and-tail-detangler\\\/#primaryimage\"},\"image\":{\"@id\":\"https:\\\/\\\/equisil.com\\\/fr\\\/produit\\\/equisil-mane-and-tail-detangler\\\/#primaryimage\"},\"thumbnailUrl\":\"https:\\\/\\\/equisil.com\\\/wp-content\\\/uploads\\\/2024\\\/01\\\/equisil_mane.png\",\"datePublished\":\"2024-01-08T13:36:05+00:00\",\"dateModified\":\"2025-02-19T14:52:40+00:00\",\"breadcrumb\":{\"@id\":\"https:\\\/\\\/equisil.com\\\/fr\\\/produit\\\/equisil-mane-and-tail-detangler\\\/#breadcrumb\"},\"inLanguage\":\"fr-FR\",\"potentialAction\":[{\"@type\":\"ReadAction\",\"target\":[\"https:\\\/\\\/equisil.com\\\/fr\\\/produit\\\/equisil-mane-and-tail-detangler\\\/\"]}]},{\"@type\":\"ImageObject\",\"inLanguage\":\"fr-FR\",\"@id\":\"https:\\\/\\\/equisil.com\\\/fr\\\/produit\\\/equisil-mane-and-tail-detangler\\\/#primaryimage\",\"url\":\"https:\\\/\\\/equisil.com\\\/wp-content\\\/uploads\\\/2024\\\/01\\\/equisil_mane.png\",\"contentUrl\":\"https:\\\/\\\/equisil.com\\\/wp-content\\\/uploads\\\/2024\\\/01\\\/equisil_mane.png\",\"width\":1200,\"height\":1200},{\"@type\":\"BreadcrumbList\",\"@id\":\"https:\\\/\\\/equisil.com\\\/fr\\\/produit\\\/equisil-mane-and-tail-detangler\\\/#breadcrumb\",\"itemListElement\":[{\"@type\":\"ListItem\",\"position\":1,\"name\":\"Home\",\"item\":\"https:\\\/\\\/equisil.com\\\/fr\\\/\"},{\"@type\":\"ListItem\",\"position\":2,\"name\":\"Boutique\",\"item\":\"https:\\\/\\\/equisil.com\\\/fr\\\/boutique\\\/\"},{\"@type\":\"ListItem\",\"position\":3,\"name\":\"Mane &amp; Tale detangler\"}]},{\"@type\":\"WebSite\",\"@id\":\"https:\\\/\\\/equisil.com\\\/#website\",\"url\":\"https:\\\/\\\/equisil.com\\\/\",\"name\":\"Equisil a new equestrian revelation\",\"description\":\"PREMIUM QUALITY HORSE SUPPLEMENTS\",\"potentialAction\":[{\"@type\":\"SearchAction\",\"target\":{\"@type\":\"EntryPoint\",\"urlTemplate\":\"https:\\\/\\\/equisil.com\\\/?s={search_term_string}\"},\"query-input\":{\"@type\":\"PropertyValueSpecification\",\"valueRequired\":true,\"valueName\":\"search_term_string\"}}],\"inLanguage\":\"fr-FR\"}]}<\/script>\n<!-- \/ Yoast SEO plugin. -->","yoast_head_json":{"title":"Mane &amp; Tale detangler - Equisil a new equestrian revelation","robots":{"index":"index","follow":"follow","max-snippet":"max-snippet:-1","max-image-preview":"max-image-preview:large","max-video-preview":"max-video-preview:-1"},"canonical":"https:\/\/equisil.com\/fr\/produit\/equisil-mane-and-tail-detangler\/","og_locale":"fr_FR","og_type":"article","og_title":"Mane &amp; Tale detangler - Equisil a new equestrian revelation","og_description":"D\u00e9m\u00ealant durable pour crini\u00e8re et queue  Notre d\u00e9m\u00ealant avanc\u00e9 est con\u00e7u pour pr\u00e9venir efficacement la formation de n\u0153uds et renforcer les crins de votre cheval. Vaporisez simplement directement sur la crini\u00e8re et la queue pour r\u00e9duire la traction caus\u00e9e par les n\u0153uds. Simply spray directly onto the mane and tail to reduce drag caused by tangles.  Avantages cl\u00e9s:   Brillance et \u00e9clat: Am\u00e9liore l'apparence de la crini\u00e8re et de la queue de votre cheval avec une brillance \u00e9clatante.  Renforce les crins: Fortifie les crins, favorisant une croissance plus saine et plus r\u00e9sistante.  Conditionneur longue dur\u00e9e: Offre un conditionnement prolong\u00e9 pour la fourrure, la crini\u00e8re et la queue.  Protection contre la salet\u00e9: Cr\u00e9e une barri\u00e8re protectrice contre la salet\u00e9, gardant le pelage de votre cheval propre plus longtemps.  Technologie:  Formul\u00e9 avec la technologie innovante SiArmor\u00ae \u00e0 base de silicone, ce d\u00e9m\u00ealant embellit et prot\u00e8ge les crins, facilitant un toilettage plus simple et efficace.","og_url":"https:\/\/equisil.com\/fr\/produit\/equisil-mane-and-tail-detangler\/","og_site_name":"Equisil a new equestrian revelation","article_modified_time":"2025-02-19T14:52:40+00:00","og_image":[{"width":1200,"height":1200,"url":"https:\/\/equisil.com\/wp-content\/uploads\/2024\/01\/equisil_mane.png","type":"image\/png"}],"twitter_card":"summary_large_image","twitter_misc":{"Dur\u00e9e de lecture estim\u00e9e":"1 minute"},"schema":{"@context":"https:\/\/schema.org","@graph":[{"@type":"WebPage","@id":"https:\/\/equisil.com\/fr\/produit\/equisil-mane-and-tail-detangler\/","url":"https:\/\/equisil.com\/fr\/produit\/equisil-mane-and-tail-detangler\/","name":"Mane &amp; Tale detangler - Equisil a new equestrian revelation","isPartOf":{"@id":"https:\/\/equisil.com\/#website"},"primaryImageOfPage":{"@id":"https:\/\/equisil.com\/fr\/produit\/equisil-mane-and-tail-detangler\/#primaryimage"},"image":{"@id":"https:\/\/equisil.com\/fr\/produit\/equisil-mane-and-tail-detangler\/#primaryimage"},"thumbnailUrl":"https:\/\/equisil.com\/wp-content\/uploads\/2024\/01\/equisil_mane.png","datePublished":"2024-01-08T13:36:05+00:00","dateModified":"2025-02-19T14:52:40+00:00","breadcrumb":{"@id":"https:\/\/equisil.com\/fr\/produit\/equisil-mane-and-tail-detangler\/#breadcrumb"},"inLanguage":"fr-FR","potentialAction":[{"@type":"ReadAction","target":["https:\/\/equisil.com\/fr\/produit\/equisil-mane-and-tail-detangler\/"]}]},{"@type":"ImageObject","inLanguage":"fr-FR","@id":"https:\/\/equisil.com\/fr\/produit\/equisil-mane-and-tail-detangler\/#primaryimage","url":"https:\/\/equisil.com\/wp-content\/uploads\/2024\/01\/equisil_mane.png","contentUrl":"https:\/\/equisil.com\/wp-content\/uploads\/2024\/01\/equisil_mane.png","width":1200,"height":1200},{"@type":"BreadcrumbList","@id":"https:\/\/equisil.com\/fr\/produit\/equisil-mane-and-tail-detangler\/#breadcrumb","itemListElement":[{"@type":"ListItem","position":1,"name":"Home","item":"https:\/\/equisil.com\/fr\/"},{"@type":"ListItem","position":2,"name":"Boutique","item":"https:\/\/equisil.com\/fr\/boutique\/"},{"@type":"ListItem","position":3,"name":"Mane &amp; Tale detangler"}]},{"@type":"WebSite","@id":"https:\/\/equisil.com\/#website","url":"https:\/\/equisil.com\/","name":"Equisil a new equestrian revelation","description":"PREMIUM QUALITY HORSE SUPPLEMENTS","potentialAction":[{"@type":"SearchAction","target":{"@type":"EntryPoint","urlTemplate":"https:\/\/equisil.com\/?s={search_term_string}"},"query-input":{"@type":"PropertyValueSpecification","valueRequired":true,"valueName":"search_term_string"}}],"inLanguage":"fr-FR"}]}},"_links":{"self":[{"href":"https:\/\/equisil.com\/fr\/wp-json\/wp\/v2\/product\/6727","targetHints":{"allow":["GET"]}}],"collection":[{"href":"https:\/\/equisil.com\/fr\/wp-json\/wp\/v2\/product"}],"about":[{"href":"https:\/\/equisil.com\/fr\/wp-json\/wp\/v2\/types\/product"}],"wp:featuredmedia":[{"embeddable":true,"href":"https:\/\/equisil.com\/fr\/wp-json\/wp\/v2\/media\/6703"}],"wp:attachment":[{"href":"https:\/\/equisil.com\/fr\/wp-json\/wp\/v2\/media?parent=6727"}],"wp:term":[{"taxonomy":"product_brand","embeddable":true,"href":"https:\/\/equisil.com\/fr\/wp-json\/wp\/v2\/product_brand?post=6727"},{"taxonomy":"product_cat","embeddable":true,"href":"https:\/\/equisil.com\/fr\/wp-json\/wp\/v2\/product_cat?post=6727"},{"taxonomy":"product_tag","embeddable":true,"href":"https:\/\/equisil.com\/fr\/wp-json\/wp\/v2\/product_tag?post=6727"}],"curies":[{"name":"wp","href":"https:\/\/api.w.org\/{rel}","templated":true}]}}