{"id":6726,"date":"2024-01-08T15:59:19","date_gmt":"2024-01-08T13:59:19","guid":{"rendered":"https:\/\/equisil.com\/product\/equisil-stall-treatment-antimicrobien\/"},"modified":"2025-02-19T16:52:50","modified_gmt":"2025-02-19T14:52:50","slug":"equisil-stall-treatment-antimicrobien","status":"publish","type":"product","link":"https:\/\/equisil.com\/fr\/produit\/equisil-stall-treatment-antimicrobien\/","title":{"rendered":"Equisil Stall Treatment (antimicrobien)"},"content":{"rendered":"<p><strong>Vous cherchez un produit pour garder vos \u00e9curies propres et s\u00fbres?<\/strong><\/p>\n<p>Notre spray pour \u00e9curies est con\u00e7u pour offrir un environnement sans insectes ni bact\u00e9ries. Ce produit puissant nettoie et d\u00e9sodorise tout en r\u00e9duisant efficacement les bact\u00e9ries, champignons et moisissures.<\/p>\n","protected":false},"excerpt":{"rendered":"<p><strong>Vous cherchez un produit pour garder vos \u00e9curies propres et s\u00fbres?<\/strong><\/p>\n<p>Notre spray pour \u00e9curies est con\u00e7u pour offrir un environnement sans insectes ni bact\u00e9ries. Ce produit puissant nettoie et d\u00e9sodorise tout en r\u00e9duisant efficacement les bact\u00e9ries, champignons et moisissures.<\/p>\n<p><strong>Caract\u00e9ristiques cl\u00e9s:<\/strong><\/p>\n<ul>\n<li><strong>Antiviral:<\/strong> Cible et \u00e9limine efficacement les virus, am\u00e9liorant ainsi la bios\u00e9curit\u00e9 globale.<\/li>\n<li><strong>R\u00e9duit les bact\u00e9ries, champignons et moisissures:<\/strong> Favorise un environnement d&#8217;\u00e9curie plus sain.<\/li>\n<li><strong>Nettoie et d\u00e9sodorise:<\/strong> Laisse la zone fra\u00eeche et propre, am\u00e9liorant la qualit\u00e9 de l&#8217;air.<\/li>\n<li><strong>Bios\u00e9curit\u00e9 am\u00e9lior\u00e9e:<\/strong> Id\u00e9al pour les box, \u00e9curies, v\u00e9hicules de transport et terrains de concours.<\/li>\n<li><strong>Efficacit\u00e9 durable:<\/strong> Offre une protection prolong\u00e9e contre les micro-organismes nuisibles.<\/li>\n<\/ul>\n<p>Assurez-vous que vos \u00e9curies restent un havre s\u00fbr et propre pour vos chevaux avec notre spray complet pour \u00e9curies !<\/p>\n","protected":false},"featured_media":6702,"template":"","meta":[],"product_brand":[],"product_cat":[709],"product_tag":[],"class_list":{"0":"post-6726","1":"product","2":"type-product","3":"status-publish","4":"has-post-thumbnail","6":"product_cat-pour-les-ecuries","8":"first","9":"instock","10":"taxable","11":"shipping-taxable","12":"purchasable","13":"product-type-simple"},"yoast_head":"<!-- This site is optimized with the Yoast SEO plugin v27.3 - https:\/\/yoast.com\/product\/yoast-seo-wordpress\/ -->\n<title>Equisil Stall Treatment (antimicrobien) - Equisil a new equestrian revelation<\/title>\n<meta name=\"robots\" content=\"index, follow, max-snippet:-1, max-image-preview:large, max-video-preview:-1\" \/>\n<link rel=\"canonical\" href=\"https:\/\/equisil.com\/fr\/produit\/equisil-stall-treatment-antimicrobien\/\" \/>\n<meta property=\"og:locale\" content=\"fr_FR\" \/>\n<meta property=\"og:type\" content=\"article\" \/>\n<meta property=\"og:title\" content=\"Equisil Stall Treatment (antimicrobien) - Equisil a new equestrian revelation\" \/>\n<meta property=\"og:description\" content=\"Vous cherchez un produit pour garder vos \u00e9curies propres et s\u00fbres?  Notre spray pour \u00e9curies est con\u00e7u pour offrir un environnement sans insectes ni bact\u00e9ries. Ce produit puissant nettoie et d\u00e9sodorise tout en r\u00e9duisant efficacement les bact\u00e9ries, champignons et moisissures.  Caract\u00e9ristiques cl\u00e9s:   Antiviral: Cible et \u00e9limine efficacement les virus, am\u00e9liorant ainsi la bios\u00e9curit\u00e9 globale.  R\u00e9duit les bact\u00e9ries, champignons et moisissures: Favorise un environnement d&#039;\u00e9curie plus sain.  Nettoie et d\u00e9sodorise: Laisse la zone fra\u00eeche et propre, am\u00e9liorant la qualit\u00e9 de l&#039;air.  Bios\u00e9curit\u00e9 am\u00e9lior\u00e9e: Id\u00e9al pour les box, \u00e9curies, v\u00e9hicules de transport et terrains de concours.  Efficacit\u00e9 durable: Offre une protection prolong\u00e9e contre les micro-organismes nuisibles.  Assurez-vous que vos \u00e9curies restent un havre s\u00fbr et propre pour vos chevaux avec notre spray complet pour \u00e9curies !\" \/>\n<meta property=\"og:url\" content=\"https:\/\/equisil.com\/fr\/produit\/equisil-stall-treatment-antimicrobien\/\" \/>\n<meta property=\"og:site_name\" content=\"Equisil a new equestrian revelation\" \/>\n<meta property=\"article:modified_time\" content=\"2025-02-19T14:52:50+00:00\" \/>\n<meta property=\"og:image\" content=\"https:\/\/equisil.com\/wp-content\/uploads\/2024\/01\/equisil_stall.png\" \/>\n\t<meta property=\"og:image:width\" content=\"1200\" \/>\n\t<meta property=\"og:image:height\" content=\"1200\" \/>\n\t<meta property=\"og:image:type\" content=\"image\/png\" \/>\n<meta name=\"twitter:card\" content=\"summary_large_image\" \/>\n<meta name=\"twitter:label1\" content=\"Dur\u00e9e de lecture estim\u00e9e\" \/>\n\t<meta name=\"twitter:data1\" content=\"1 minute\" \/>\n<script type=\"application\/ld+json\" class=\"yoast-schema-graph\">{\"@context\":\"https:\\\/\\\/schema.org\",\"@graph\":[{\"@type\":\"WebPage\",\"@id\":\"https:\\\/\\\/equisil.com\\\/fr\\\/produit\\\/equisil-stall-treatment-antimicrobien\\\/\",\"url\":\"https:\\\/\\\/equisil.com\\\/fr\\\/produit\\\/equisil-stall-treatment-antimicrobien\\\/\",\"name\":\"Equisil Stall Treatment (antimicrobien) - Equisil a new equestrian revelation\",\"isPartOf\":{\"@id\":\"https:\\\/\\\/equisil.com\\\/#website\"},\"primaryImageOfPage\":{\"@id\":\"https:\\\/\\\/equisil.com\\\/fr\\\/produit\\\/equisil-stall-treatment-antimicrobien\\\/#primaryimage\"},\"image\":{\"@id\":\"https:\\\/\\\/equisil.com\\\/fr\\\/produit\\\/equisil-stall-treatment-antimicrobien\\\/#primaryimage\"},\"thumbnailUrl\":\"https:\\\/\\\/equisil.com\\\/wp-content\\\/uploads\\\/2024\\\/01\\\/equisil_stall.png\",\"datePublished\":\"2024-01-08T13:59:19+00:00\",\"dateModified\":\"2025-02-19T14:52:50+00:00\",\"breadcrumb\":{\"@id\":\"https:\\\/\\\/equisil.com\\\/fr\\\/produit\\\/equisil-stall-treatment-antimicrobien\\\/#breadcrumb\"},\"inLanguage\":\"fr-FR\",\"potentialAction\":[{\"@type\":\"ReadAction\",\"target\":[\"https:\\\/\\\/equisil.com\\\/fr\\\/produit\\\/equisil-stall-treatment-antimicrobien\\\/\"]}]},{\"@type\":\"ImageObject\",\"inLanguage\":\"fr-FR\",\"@id\":\"https:\\\/\\\/equisil.com\\\/fr\\\/produit\\\/equisil-stall-treatment-antimicrobien\\\/#primaryimage\",\"url\":\"https:\\\/\\\/equisil.com\\\/wp-content\\\/uploads\\\/2024\\\/01\\\/equisil_stall.png\",\"contentUrl\":\"https:\\\/\\\/equisil.com\\\/wp-content\\\/uploads\\\/2024\\\/01\\\/equisil_stall.png\",\"width\":1200,\"height\":1200},{\"@type\":\"BreadcrumbList\",\"@id\":\"https:\\\/\\\/equisil.com\\\/fr\\\/produit\\\/equisil-stall-treatment-antimicrobien\\\/#breadcrumb\",\"itemListElement\":[{\"@type\":\"ListItem\",\"position\":1,\"name\":\"Home\",\"item\":\"https:\\\/\\\/equisil.com\\\/fr\\\/\"},{\"@type\":\"ListItem\",\"position\":2,\"name\":\"Boutique\",\"item\":\"https:\\\/\\\/equisil.com\\\/fr\\\/boutique\\\/\"},{\"@type\":\"ListItem\",\"position\":3,\"name\":\"Equisil Stall Treatment (antimicrobien)\"}]},{\"@type\":\"WebSite\",\"@id\":\"https:\\\/\\\/equisil.com\\\/#website\",\"url\":\"https:\\\/\\\/equisil.com\\\/\",\"name\":\"Equisil a new equestrian revelation\",\"description\":\"PREMIUM QUALITY HORSE SUPPLEMENTS\",\"potentialAction\":[{\"@type\":\"SearchAction\",\"target\":{\"@type\":\"EntryPoint\",\"urlTemplate\":\"https:\\\/\\\/equisil.com\\\/?s={search_term_string}\"},\"query-input\":{\"@type\":\"PropertyValueSpecification\",\"valueRequired\":true,\"valueName\":\"search_term_string\"}}],\"inLanguage\":\"fr-FR\"}]}<\/script>\n<!-- \/ Yoast SEO plugin. -->","yoast_head_json":{"title":"Equisil Stall Treatment (antimicrobien) - Equisil a new equestrian revelation","robots":{"index":"index","follow":"follow","max-snippet":"max-snippet:-1","max-image-preview":"max-image-preview:large","max-video-preview":"max-video-preview:-1"},"canonical":"https:\/\/equisil.com\/fr\/produit\/equisil-stall-treatment-antimicrobien\/","og_locale":"fr_FR","og_type":"article","og_title":"Equisil Stall Treatment (antimicrobien) - Equisil a new equestrian revelation","og_description":"Vous cherchez un produit pour garder vos \u00e9curies propres et s\u00fbres?  Notre spray pour \u00e9curies est con\u00e7u pour offrir un environnement sans insectes ni bact\u00e9ries. Ce produit puissant nettoie et d\u00e9sodorise tout en r\u00e9duisant efficacement les bact\u00e9ries, champignons et moisissures.  Caract\u00e9ristiques cl\u00e9s:   Antiviral: Cible et \u00e9limine efficacement les virus, am\u00e9liorant ainsi la bios\u00e9curit\u00e9 globale.  R\u00e9duit les bact\u00e9ries, champignons et moisissures: Favorise un environnement d'\u00e9curie plus sain.  Nettoie et d\u00e9sodorise: Laisse la zone fra\u00eeche et propre, am\u00e9liorant la qualit\u00e9 de l'air.  Bios\u00e9curit\u00e9 am\u00e9lior\u00e9e: Id\u00e9al pour les box, \u00e9curies, v\u00e9hicules de transport et terrains de concours.  Efficacit\u00e9 durable: Offre une protection prolong\u00e9e contre les micro-organismes nuisibles.  Assurez-vous que vos \u00e9curies restent un havre s\u00fbr et propre pour vos chevaux avec notre spray complet pour \u00e9curies !","og_url":"https:\/\/equisil.com\/fr\/produit\/equisil-stall-treatment-antimicrobien\/","og_site_name":"Equisil a new equestrian revelation","article_modified_time":"2025-02-19T14:52:50+00:00","og_image":[{"width":1200,"height":1200,"url":"https:\/\/equisil.com\/wp-content\/uploads\/2024\/01\/equisil_stall.png","type":"image\/png"}],"twitter_card":"summary_large_image","twitter_misc":{"Dur\u00e9e de lecture estim\u00e9e":"1 minute"},"schema":{"@context":"https:\/\/schema.org","@graph":[{"@type":"WebPage","@id":"https:\/\/equisil.com\/fr\/produit\/equisil-stall-treatment-antimicrobien\/","url":"https:\/\/equisil.com\/fr\/produit\/equisil-stall-treatment-antimicrobien\/","name":"Equisil Stall Treatment (antimicrobien) - Equisil a new equestrian revelation","isPartOf":{"@id":"https:\/\/equisil.com\/#website"},"primaryImageOfPage":{"@id":"https:\/\/equisil.com\/fr\/produit\/equisil-stall-treatment-antimicrobien\/#primaryimage"},"image":{"@id":"https:\/\/equisil.com\/fr\/produit\/equisil-stall-treatment-antimicrobien\/#primaryimage"},"thumbnailUrl":"https:\/\/equisil.com\/wp-content\/uploads\/2024\/01\/equisil_stall.png","datePublished":"2024-01-08T13:59:19+00:00","dateModified":"2025-02-19T14:52:50+00:00","breadcrumb":{"@id":"https:\/\/equisil.com\/fr\/produit\/equisil-stall-treatment-antimicrobien\/#breadcrumb"},"inLanguage":"fr-FR","potentialAction":[{"@type":"ReadAction","target":["https:\/\/equisil.com\/fr\/produit\/equisil-stall-treatment-antimicrobien\/"]}]},{"@type":"ImageObject","inLanguage":"fr-FR","@id":"https:\/\/equisil.com\/fr\/produit\/equisil-stall-treatment-antimicrobien\/#primaryimage","url":"https:\/\/equisil.com\/wp-content\/uploads\/2024\/01\/equisil_stall.png","contentUrl":"https:\/\/equisil.com\/wp-content\/uploads\/2024\/01\/equisil_stall.png","width":1200,"height":1200},{"@type":"BreadcrumbList","@id":"https:\/\/equisil.com\/fr\/produit\/equisil-stall-treatment-antimicrobien\/#breadcrumb","itemListElement":[{"@type":"ListItem","position":1,"name":"Home","item":"https:\/\/equisil.com\/fr\/"},{"@type":"ListItem","position":2,"name":"Boutique","item":"https:\/\/equisil.com\/fr\/boutique\/"},{"@type":"ListItem","position":3,"name":"Equisil Stall Treatment (antimicrobien)"}]},{"@type":"WebSite","@id":"https:\/\/equisil.com\/#website","url":"https:\/\/equisil.com\/","name":"Equisil a new equestrian revelation","description":"PREMIUM QUALITY HORSE SUPPLEMENTS","potentialAction":[{"@type":"SearchAction","target":{"@type":"EntryPoint","urlTemplate":"https:\/\/equisil.com\/?s={search_term_string}"},"query-input":{"@type":"PropertyValueSpecification","valueRequired":true,"valueName":"search_term_string"}}],"inLanguage":"fr-FR"}]}},"_links":{"self":[{"href":"https:\/\/equisil.com\/fr\/wp-json\/wp\/v2\/product\/6726","targetHints":{"allow":["GET"]}}],"collection":[{"href":"https:\/\/equisil.com\/fr\/wp-json\/wp\/v2\/product"}],"about":[{"href":"https:\/\/equisil.com\/fr\/wp-json\/wp\/v2\/types\/product"}],"wp:featuredmedia":[{"embeddable":true,"href":"https:\/\/equisil.com\/fr\/wp-json\/wp\/v2\/media\/6702"}],"wp:attachment":[{"href":"https:\/\/equisil.com\/fr\/wp-json\/wp\/v2\/media?parent=6726"}],"wp:term":[{"taxonomy":"product_brand","embeddable":true,"href":"https:\/\/equisil.com\/fr\/wp-json\/wp\/v2\/product_brand?post=6726"},{"taxonomy":"product_cat","embeddable":true,"href":"https:\/\/equisil.com\/fr\/wp-json\/wp\/v2\/product_cat?post=6726"},{"taxonomy":"product_tag","embeddable":true,"href":"https:\/\/equisil.com\/fr\/wp-json\/wp\/v2\/product_tag?post=6726"}],"curies":[{"name":"wp","href":"https:\/\/api.w.org\/{rel}","templated":true}]}}