{"id":6734,"date":"2024-01-08T16:55:36","date_gmt":"2024-01-08T14:55:36","guid":{"rendered":"https:\/\/equisil.com\/produits\/"},"modified":"2025-02-19T15:47:15","modified_gmt":"2025-02-19T13:47:15","slug":"produits","status":"publish","type":"page","link":"https:\/\/equisil.com\/fr\/produits\/","title":{"rendered":"produits"},"content":{"rendered":"\t\t<div data-elementor-type=\"wp-page\" data-elementor-id=\"6734\" class=\"elementor elementor-6734 elementor-6522\">\n\t\t\t\t<div class=\"elementor-element elementor-element-31c1268 e-flex e-con-boxed e-con e-parent\" data-id=\"31c1268\" data-element_type=\"container\" data-e-type=\"container\">\n\t\t\t\t\t<div class=\"e-con-inner\">\n\t\t\t\t<div class=\"elementor-element elementor-element-81cb6d1 elementor-widget elementor-widget-text-editor\" data-id=\"81cb6d1\" data-element_type=\"widget\" data-e-type=\"widget\" data-widget_type=\"text-editor.default\">\n\t\t\t\t<div class=\"elementor-widget-container\">\n\t\t\t\t\t\t\t\t\t<p><strong>Pr\u00eat \u00e0 assurer la s\u00e9curit\u00e9 de l&#8217;environnement de votre cheval ?<\/strong><\/p><p>D\u00e9couvrez la vaste gamme de traitements et de produits que nous proposons pour votre \u00e9curie. Consultez notre section FAQ pour en savoir plus sur l&#8217;application de nos produits et d\u00e9couvrir comment vous pouvez cr\u00e9er un havre de paix plus s\u00fbr pour vos chevaux.<\/p><p><strong> vous pouvez cr\u00e9er un havre de paix plus s\u00fbr pour vos chevaux.<\/strong><\/p>\t\t\t\t\t\t\t\t<\/div>\n\t\t\t\t<\/div>\n\t\t\t\t<div class=\"elementor-element elementor-element-904cc48 elementor-widget-divider--view-line elementor-widget elementor-widget-divider\" data-id=\"904cc48\" data-element_type=\"widget\" data-e-type=\"widget\" data-widget_type=\"divider.default\">\n\t\t\t\t<div class=\"elementor-widget-container\">\n\t\t\t\t\t\t\t<div class=\"elementor-divider\">\n\t\t\t<span class=\"elementor-divider-separator\">\n\t\t\t\t\t\t<\/span>\n\t\t<\/div>\n\t\t\t\t\t\t<\/div>\n\t\t\t\t<\/div>\n\t\t\t\t\t<\/div>\n\t\t\t\t<\/div>\n\t\t<div class=\"elementor-element elementor-element-e49c69c e-flex e-con-boxed e-con e-parent\" data-id=\"e49c69c\" data-element_type=\"container\" data-e-type=\"container\">\n\t\t\t\t\t<div class=\"e-con-inner\">\n\t\t\t\t<div class=\"elementor-element elementor-element-328b6d5 title-align-left elementor-widget elementor-widget-ts-products\" data-id=\"328b6d5\" data-element_type=\"widget\" data-e-type=\"widget\" data-widget_type=\"ts-products.default\">\n\t\t\t\t<div class=\"elementor-widget-container\">\n\t\t\t\t\t\t\t<div class=\"ts-product-wrapper ts-shortcode ts-product woocommerce columns-4 recent style-default\" >\n\t\t\n\t\t\t\t\t\t<div class=\"content-wrapper \">\n\t\t\t\n\t\t\t\t<div class=\"products\">\r\n\r\n<section class=\"product type-product post-6723 status-publish first instock product_cat-pour-les-ecuries product_cat-pour-votre-cheval has-post-thumbnail taxable shipping-taxable purchasable product-type-variable\" data-product_id=\"6723\">\r\n\t<div class=\"product-wrapper\">\r\n\t\t\t\r\n\t\t<div class=\"thumbnail-wrapper\">\r\n\t\t\t<a href=\"https:\/\/equisil.com\/fr\/produit\/equisil-fabric-leather-treatment-antimicrobien\/\">\r\n\t\t\t\t<figure class=\"no-back-image\"><img fetchpriority=\"high\" decoding=\"async\" src=\"https:\/\/equisil.com\/wp-content\/themes\/nooni\/images\/prod_loading.gif\" data-src=\"https:\/\/equisil.com\/wp-content\/uploads\/2024\/09\/equisil_fabric_leather-300x300.png\" class=\"attachment-shop_catalog wp-post-image ts-lazy-load\" alt=\"\" width=\"300\" height=\"300\" \/><\/figure>\t\t\t<\/a>\r\n\t\t\t\t\t<div class=\"product-label on-thumbnail\">\n\t\t<\/div>\n\t<div class=\"product-group-button\"><\/div>\t\t<\/div>\r\n\t\t<div class=\"meta-wrapper\">\r\n\t\t\t<h3 class=\"heading-title product-name\"><a href=\"https:\/\/equisil.com\/fr\/produit\/equisil-fabric-leather-treatment-antimicrobien\/\">Equisil Fabric &amp; Leather Treatment (antimicrobien)<br>(anti-microbial)<\/a><\/h3><h3 class=\"heading-title product-name\"><a href=\"https:\/\/equisil.com\/fr\/produit\/equisil-fabric-leather-treatment-antimicrobien\/\">Equisil Fabric &amp; Leather Treatment (antimicrobien)<\/a><\/h3><div class=\"product-group-button-meta\"><\/div>\t\t<\/div>\r\n\t<\/div>\r\n<\/section>\r\n<section class=\"product type-product post-6725 status-publish instock product_cat-pour-les-ecuries has-post-thumbnail taxable shipping-taxable purchasable product-type-variable\" data-product_id=\"6725\">\r\n\t<div class=\"product-wrapper\">\r\n\t\t\t\r\n\t\t<div class=\"thumbnail-wrapper\">\r\n\t\t\t<a href=\"https:\/\/equisil.com\/fr\/produit\/equisil-leather-cleaner\/\">\r\n\t\t\t\t<figure class=\"no-back-image\"><img decoding=\"async\" src=\"https:\/\/equisil.com\/wp-content\/themes\/nooni\/images\/prod_loading.gif\" data-src=\"https:\/\/equisil.com\/wp-content\/uploads\/2024\/09\/equisil_leather-300x300.png\" class=\"attachment-shop_catalog wp-post-image ts-lazy-load\" alt=\"\" width=\"300\" height=\"300\" \/><\/figure>\t\t\t<\/a>\r\n\t\t\t\t\t<div class=\"product-label on-thumbnail\">\n\t\t<\/div>\n\t<div class=\"product-group-button\"><\/div>\t\t<\/div>\r\n\t\t<div class=\"meta-wrapper\">\r\n\t\t\t<h3 class=\"heading-title product-name\"><a href=\"https:\/\/equisil.com\/fr\/produit\/equisil-leather-cleaner\/\">Equisil Leather Cleaner<\/a><\/h3><h3 class=\"heading-title product-name\"><a href=\"https:\/\/equisil.com\/fr\/produit\/equisil-leather-cleaner\/\">Equisil Leather Cleaner<\/a><\/h3><div class=\"product-group-button-meta\"><\/div>\t\t<\/div>\r\n\t<\/div>\r\n<\/section>\r\n<section class=\"product type-product post-6726 status-publish instock product_cat-pour-les-ecuries has-post-thumbnail taxable shipping-taxable purchasable product-type-simple\" data-product_id=\"6726\">\r\n\t<div class=\"product-wrapper\">\r\n\t\t\t\r\n\t\t<div class=\"thumbnail-wrapper\">\r\n\t\t\t<a href=\"https:\/\/equisil.com\/fr\/produit\/equisil-stall-treatment-antimicrobien\/\">\r\n\t\t\t\t<figure class=\"no-back-image\"><img decoding=\"async\" src=\"https:\/\/equisil.com\/wp-content\/themes\/nooni\/images\/prod_loading.gif\" data-src=\"https:\/\/equisil.com\/wp-content\/uploads\/2024\/01\/equisil_stall-300x300.png\" class=\"attachment-shop_catalog wp-post-image ts-lazy-load\" alt=\"\" width=\"300\" height=\"300\" \/><\/figure>\t\t\t<\/a>\r\n\t\t\t\t\t<div class=\"product-label on-thumbnail\">\n\t\t<\/div>\n\t<div class=\"product-group-button\"><\/div>\t\t<\/div>\r\n\t\t<div class=\"meta-wrapper\">\r\n\t\t\t<h3 class=\"heading-title product-name\"><a href=\"https:\/\/equisil.com\/fr\/produit\/equisil-stall-treatment-antimicrobien\/\">Equisil Stall Treatment (antimicrobien)<br>(anti-microbial)<\/a><\/h3><h3 class=\"heading-title product-name\"><a href=\"https:\/\/equisil.com\/fr\/produit\/equisil-stall-treatment-antimicrobien\/\">Equisil Stall Treatment (antimicrobien)<\/a><\/h3><div class=\"product-group-button-meta\"><\/div>\t\t<\/div>\r\n\t<\/div>\r\n<\/section>\r\n<section class=\"product type-product post-6727 status-publish last instock product_cat-pour-votre-cheval has-post-thumbnail taxable shipping-taxable purchasable product-type-variable\" data-product_id=\"6727\">\r\n\t<div class=\"product-wrapper\">\r\n\t\t\t\r\n\t\t<div class=\"thumbnail-wrapper\">\r\n\t\t\t<a href=\"https:\/\/equisil.com\/fr\/produit\/equisil-mane-and-tail-detangler\/\">\r\n\t\t\t\t<figure class=\"no-back-image\"><img loading=\"lazy\" decoding=\"async\" src=\"https:\/\/equisil.com\/wp-content\/themes\/nooni\/images\/prod_loading.gif\" data-src=\"https:\/\/equisil.com\/wp-content\/uploads\/2024\/01\/equisil_mane-300x300.png\" class=\"attachment-shop_catalog wp-post-image ts-lazy-load\" alt=\"\" width=\"300\" height=\"300\" \/><\/figure>\t\t\t<\/a>\r\n\t\t\t\t\t<div class=\"product-label on-thumbnail\">\n\t\t<\/div>\n\t<div class=\"product-group-button\"><\/div>\t\t<\/div>\r\n\t\t<div class=\"meta-wrapper\">\r\n\t\t\t<h3 class=\"heading-title product-name\"><a href=\"https:\/\/equisil.com\/fr\/produit\/equisil-mane-and-tail-detangler\/\">Mane &amp; Tale detangler<\/a><\/h3><h3 class=\"heading-title product-name\"><a href=\"https:\/\/equisil.com\/fr\/produit\/equisil-mane-and-tail-detangler\/\">Mane &amp; Tale detangler<\/a><\/h3><div class=\"product-group-button-meta\"><\/div>\t\t<\/div>\r\n\t<\/div>\r\n<\/section><\/div>\t\t\t\t\n\t\t\t<\/div>\n\t\t\t\n\t\t\t\t\t\t\n\t\t<\/div>\n\t\t\t\t\t\t<\/div>\n\t\t\t\t<\/div>\n\t\t\t\t\t<\/div>\n\t\t\t\t<\/div>\n\t\t<div class=\"elementor-element elementor-element-01a38f4 e-flex e-con-boxed e-con e-parent\" data-id=\"01a38f4\" data-element_type=\"container\" data-e-type=\"container\" data-settings=\"{&quot;background_background&quot;:&quot;classic&quot;}\">\n\t\t\t\t\t<div class=\"e-con-inner\">\n\t\t\t\t<div class=\"elementor-element elementor-element-e36349d elementor-widget elementor-widget-heading\" data-id=\"e36349d\" data-element_type=\"widget\" data-e-type=\"widget\" data-widget_type=\"heading.default\">\n\t\t\t\t<div class=\"elementor-widget-container\">\n\t\t\t\t\t<h2 class=\"elementor-heading-title elementor-size-default\">FAQ : Questions fr\u00e9quemment pos\u00e9es<\/h2>\t\t\t\t<\/div>\n\t\t\t\t<\/div>\n\t\t\t\t<div class=\"elementor-element elementor-element-f030379 elementor-widget elementor-widget-accordion\" data-id=\"f030379\" data-element_type=\"widget\" data-e-type=\"widget\" data-widget_type=\"accordion.default\">\n\t\t\t\t<div class=\"elementor-widget-container\">\n\t\t\t\t\t\t\t<div class=\"elementor-accordion\">\n\t\t\t\t\t\t\t<div class=\"elementor-accordion-item\">\n\t\t\t\t\t<div id=\"elementor-tab-title-2511\" class=\"elementor-tab-title\" data-tab=\"1\" role=\"button\" aria-controls=\"elementor-tab-content-2511\" aria-expanded=\"false\">\n\t\t\t\t\t\t\t\t\t\t\t\t\t<span class=\"elementor-accordion-icon elementor-accordion-icon-left\" aria-hidden=\"true\">\n\t\t\t\t\t\t\t\t\t\t\t\t\t\t\t<span class=\"elementor-accordion-icon-closed\"><i class=\"fas fa-plus\"><\/i><\/span>\n\t\t\t\t\t\t\t\t<span class=\"elementor-accordion-icon-opened\"><i class=\"fas fa-minus\"><\/i><\/span>\n\t\t\t\t\t\t\t\t\t\t\t\t\t\t<\/span>\n\t\t\t\t\t\t\t\t\t\t\t\t<a class=\"elementor-accordion-title\" tabindex=\"0\">Pourquoi est-il important d\u2019utiliser un nettoyant antimicrobien pour le mat\u00e9riel \u00e9questre?<\/a>\n\t\t\t\t\t<\/div>\n\t\t\t\t\t<div id=\"elementor-tab-content-2511\" class=\"elementor-tab-content elementor-clearfix\" data-tab=\"1\" role=\"region\" aria-labelledby=\"elementor-tab-title-2511\"><p>Les nettoyants antimicrobiens jouent un r\u00f4le crucial dans le maintien d&#8217;un environnement hygi\u00e9nique pour votre cheval. Ces nettoyants sp\u00e9cialis\u00e9s \u00e9liminent efficacement les bact\u00e9ries et champignons nuisibles qui peuvent causer des infections cutan\u00e9es, des probl\u00e8mes respiratoires et d&#8217;autres complications de sant\u00e9. En utilisant un nettoyant antimicrobien, vous r\u00e9duisez les risques de transmission de maladies, favorisant ainsi le bien-\u00eatre g\u00e9n\u00e9ral de votre cheval.  <\/p>\n<\/div>\n\t\t\t\t<\/div>\n\t\t\t\t\t\t\t<div class=\"elementor-accordion-item\">\n\t\t\t\t\t<div id=\"elementor-tab-title-2512\" class=\"elementor-tab-title\" data-tab=\"2\" role=\"button\" aria-controls=\"elementor-tab-content-2512\" aria-expanded=\"false\">\n\t\t\t\t\t\t\t\t\t\t\t\t\t<span class=\"elementor-accordion-icon elementor-accordion-icon-left\" aria-hidden=\"true\">\n\t\t\t\t\t\t\t\t\t\t\t\t\t\t\t<span class=\"elementor-accordion-icon-closed\"><i class=\"fas fa-plus\"><\/i><\/span>\n\t\t\t\t\t\t\t\t<span class=\"elementor-accordion-icon-opened\"><i class=\"fas fa-minus\"><\/i><\/span>\n\t\t\t\t\t\t\t\t\t\t\t\t\t\t<\/span>\n\t\t\t\t\t\t\t\t\t\t\t\t<a class=\"elementor-accordion-title\" tabindex=\"0\">Quels sont les avantages d\u2019utiliser un nettoyant antimicrobien?<\/a>\n\t\t\t\t\t<\/div>\n\t\t\t\t\t<div id=\"elementor-tab-content-2512\" class=\"elementor-tab-content elementor-clearfix\" data-tab=\"2\" role=\"region\" aria-labelledby=\"elementor-tab-title-2512\"><p>L&#8217;utilisation d&#8217;un nettoyant antimicrobien pour sellerie pr\u00e9sente plusieurs avantages importants, notamment :<\/p>\n<ol>\n<li><strong>Pr\u00e9vention des maladies:<\/strong> En \u00e9liminant efficacement les microbes nuisibles, vous r\u00e9duisez consid\u00e9rablement les risques d\u2019infection.<\/li>\n<li><strong>Hygi\u00e8ne am\u00e9lior\u00e9e:<\/strong> Les nettoyants antimicrobiens contribuent \u00e0 un environnement plus propre, favorisant une meilleure sant\u00e9 pour votre cheval.<\/li>\n<li><strong>Long\u00e9vit\u00e9 du mat\u00e9riel:<\/strong> Une utilisation r\u00e9guli\u00e8re prolonge la dur\u00e9e de vie de votre mat\u00e9riel en pr\u00e9venant l\u2019accumulation de salet\u00e9 et de crasse.<\/li>\n<\/ol>\n<\/div>\n\t\t\t\t<\/div>\n\t\t\t\t\t\t\t<div class=\"elementor-accordion-item\">\n\t\t\t\t\t<div id=\"elementor-tab-title-2513\" class=\"elementor-tab-title\" data-tab=\"3\" role=\"button\" aria-controls=\"elementor-tab-content-2513\" aria-expanded=\"false\">\n\t\t\t\t\t\t\t\t\t\t\t\t\t<span class=\"elementor-accordion-icon elementor-accordion-icon-left\" aria-hidden=\"true\">\n\t\t\t\t\t\t\t\t\t\t\t\t\t\t\t<span class=\"elementor-accordion-icon-closed\"><i class=\"fas fa-plus\"><\/i><\/span>\n\t\t\t\t\t\t\t\t<span class=\"elementor-accordion-icon-opened\"><i class=\"fas fa-minus\"><\/i><\/span>\n\t\t\t\t\t\t\t\t\t\t\t\t\t\t<\/span>\n\t\t\t\t\t\t\t\t\t\t\t\t<a class=\"elementor-accordion-title\" tabindex=\"0\">Comment entretenir les crins avec un d\u00e9m\u00ealant?<\/a>\n\t\t\t\t\t<\/div>\n\t\t\t\t\t<div id=\"elementor-tab-content-2513\" class=\"elementor-tab-content elementor-clearfix\" data-tab=\"3\" role=\"region\" aria-labelledby=\"elementor-tab-title-2513\"><p>La fr\u00e9quence de nettoyage de la sellerie avec un nettoyant antimicrobien varie en fonction du niveau d&#8217;activit\u00e9 du cheval et des conditions de stockage de la sellerie. Toutefois, il est g\u00e9n\u00e9ralement recommand\u00e9 de nettoyer la sellerie au moins une fois par semaine. Pour les chevaux particuli\u00e8rement sensibles aux infections cutan\u00e9es ou \u00e0 d&#8217;autres probl\u00e8mes de sant\u00e9, un nettoyage plus fr\u00e9quent peut \u00eatre conseill\u00e9.  <\/p>\n<\/div>\n\t\t\t\t<\/div>\n\t\t\t\t\t\t\t<div class=\"elementor-accordion-item\">\n\t\t\t\t\t<div id=\"elementor-tab-title-2514\" class=\"elementor-tab-title\" data-tab=\"4\" role=\"button\" aria-controls=\"elementor-tab-content-2514\" aria-expanded=\"false\">\n\t\t\t\t\t\t\t\t\t\t\t\t\t<span class=\"elementor-accordion-icon elementor-accordion-icon-left\" aria-hidden=\"true\">\n\t\t\t\t\t\t\t\t\t\t\t\t\t\t\t<span class=\"elementor-accordion-icon-closed\"><i class=\"fas fa-plus\"><\/i><\/span>\n\t\t\t\t\t\t\t\t<span class=\"elementor-accordion-icon-opened\"><i class=\"fas fa-minus\"><\/i><\/span>\n\t\t\t\t\t\t\t\t\t\t\t\t\t\t<\/span>\n\t\t\t\t\t\t\t\t\t\t\t\t<a class=\"elementor-accordion-title\" tabindex=\"0\">Pourquoi le d\u00e9m\u00ealant pour crini\u00e8re est-il important pour la crini\u00e8re de mon cheval ?<\/a>\n\t\t\t\t\t<\/div>\n\t\t\t\t\t<div id=\"elementor-tab-content-2514\" class=\"elementor-tab-content elementor-clearfix\" data-tab=\"4\" role=\"region\" aria-labelledby=\"elementor-tab-title-2514\"><p>Le d\u00e9m\u00ealant pour crini\u00e8re est un produit essentiel pour maintenir la sant\u00e9 et la beaut\u00e9 de la crini\u00e8re de votre cheval. Il offre plusieurs avantages cl\u00e9s, notamment : <\/p>\n<ol>\n<li><strong>Pr\u00e9vient les n\u0153uds et les nattes :<\/strong> Le d\u00e9m\u00ealant pour crini\u00e8re \u00e9limine efficacement les n\u0153uds et pr\u00e9vient les enchev\u00eatrements, facilitant ainsi le toilettage de la crini\u00e8re de votre cheval.<\/li>\n<li><strong>R\u00e9duction de la casse :<\/strong> En d\u00e9m\u00ealant d\u00e9licatement la crini\u00e8re, il minimise les cassures et favorise une croissance saine des cheveux.<\/li>\n<li><strong>Am\u00e9lioration de l&#8217;apparence :<\/strong> Une crini\u00e8re bien d\u00e9taill\u00e9e pr\u00e9sente un aspect plus net et plus soign\u00e9, ce qui am\u00e9liore consid\u00e9rablement l&#8217;apparence g\u00e9n\u00e9rale de votre cheval.<\/li>\n<\/ol>\n<\/div>\n\t\t\t\t<\/div>\n\t\t\t\t\t\t\t<div class=\"elementor-accordion-item\">\n\t\t\t\t\t<div id=\"elementor-tab-title-2515\" class=\"elementor-tab-title\" data-tab=\"5\" role=\"button\" aria-controls=\"elementor-tab-content-2515\" aria-expanded=\"false\">\n\t\t\t\t\t\t\t\t\t\t\t\t\t<span class=\"elementor-accordion-icon elementor-accordion-icon-left\" aria-hidden=\"true\">\n\t\t\t\t\t\t\t\t\t\t\t\t\t\t\t<span class=\"elementor-accordion-icon-closed\"><i class=\"fas fa-plus\"><\/i><\/span>\n\t\t\t\t\t\t\t\t<span class=\"elementor-accordion-icon-opened\"><i class=\"fas fa-minus\"><\/i><\/span>\n\t\t\t\t\t\t\t\t\t\t\t\t\t\t<\/span>\n\t\t\t\t\t\t\t\t\t\t\t\t<a class=\"elementor-accordion-title\" tabindex=\"0\">Quels sont les avantages de l'utilisation d'un d\u00e9m\u00ealant pour la crini\u00e8re ?<\/a>\n\t\t\t\t\t<\/div>\n\t\t\t\t\t<div id=\"elementor-tab-content-2515\" class=\"elementor-tab-content elementor-clearfix\" data-tab=\"5\" role=\"region\" aria-labelledby=\"elementor-tab-title-2515\"><p>L&#8217;utilisation d&#8217;un d\u00e9m\u00ealant pour crini\u00e8re offre plusieurs avantages pr\u00e9cieux, notamment<\/p>\n<ol>\n<li><strong>Temps de toilettage r\u00e9duit :<\/strong> Les crini\u00e8res d\u00e9m\u00eal\u00e9es sont beaucoup plus faciles \u00e0 brosser et \u00e0 coiffer, ce qui vous permet d&#8217;\u00e9conomiser du temps et des efforts lors des s\u00e9ances de toilettage.<\/li>\n<li><strong>Confort accru :<\/strong> Les crini\u00e8res emm\u00eal\u00e9es peuvent \u00eatre source d&#8217;inconfort pour les chevaux. L&#8217;utilisation d&#8217;un d\u00e9m\u00ealeur de crini\u00e8re att\u00e9nue cet inconfort, contribuant ainsi au bien-\u00eatre g\u00e9n\u00e9ral de votre cheval. <\/li>\n<li><strong>Am\u00e9lioration de la sant\u00e9 de la crini\u00e8re :<\/strong> L&#8217;application r\u00e9guli\u00e8re d&#8217;un d\u00e9m\u00ealant pour la crini\u00e8re favorise une croissance saine des cheveux et aide \u00e0 pr\u00e9venir les dommages, ce qui permet \u00e0 la crini\u00e8re de rester dans un \u00e9tat optimal.<\/li>\n<\/ol>\n<\/div>\n\t\t\t\t<\/div>\n\t\t\t\t\t\t\t\t<\/div>\n\t\t\t\t\t\t<\/div>\n\t\t\t\t<\/div>\n\t\t\t\t\t<\/div>\n\t\t\t\t<\/div>\n\t\t\t\t<\/div>\n\t\t","protected":false},"excerpt":{"rendered":"<p>Pr\u00eat \u00e0 assurer la s\u00e9curit\u00e9 de l&#8217;environnement de votre cheval ? D\u00e9couvrez la vaste gamme de traitements et de produits que nous proposons pour votre \u00e9curie. Consultez notre section FAQ pour en savoir plus sur l&#8217;application de nos produits et d\u00e9couvrir comment vous pouvez cr\u00e9er un havre de paix plus s\u00fbr pour vos chevaux. vous [&hellip;]<\/p>\n","protected":false},"author":1,"featured_media":0,"parent":0,"menu_order":0,"comment_status":"closed","ping_status":"closed","template":"","meta":{"footnotes":""},"class_list":["post-6734","page","type-page","status-publish","hentry"],"yoast_head":"<!-- This site is optimized with the Yoast SEO plugin v27.3 - https:\/\/yoast.com\/product\/yoast-seo-wordpress\/ -->\n<title>produits - Equisil a new equestrian revelation<\/title>\n<meta name=\"robots\" content=\"index, follow, max-snippet:-1, max-image-preview:large, max-video-preview:-1\" \/>\n<link rel=\"canonical\" href=\"https:\/\/equisil.com\/fr\/produits\/\" \/>\n<meta property=\"og:locale\" content=\"fr_FR\" \/>\n<meta property=\"og:type\" content=\"article\" \/>\n<meta property=\"og:title\" content=\"produits - Equisil a new equestrian revelation\" \/>\n<meta property=\"og:description\" content=\"Pr\u00eat \u00e0 assurer la s\u00e9curit\u00e9 de l&#8217;environnement de votre cheval ? D\u00e9couvrez la vaste gamme de traitements et de produits que nous proposons pour votre \u00e9curie. Consultez notre section FAQ pour en savoir plus sur l&#8217;application de nos produits et d\u00e9couvrir comment vous pouvez cr\u00e9er un havre de paix plus s\u00fbr pour vos chevaux. vous [&hellip;]\" \/>\n<meta property=\"og:url\" content=\"https:\/\/equisil.com\/fr\/produits\/\" \/>\n<meta property=\"og:site_name\" content=\"Equisil a new equestrian revelation\" \/>\n<meta property=\"article:modified_time\" content=\"2025-02-19T13:47:15+00:00\" \/>\n<meta property=\"og:image\" content=\"https:\/\/equisil.com\/wp-content\/uploads\/2024\/09\/equisil_fabric_leather-300x300.png\" \/>\n<meta name=\"twitter:card\" content=\"summary_large_image\" \/>\n<meta name=\"twitter:label1\" content=\"Dur\u00e9e de lecture estim\u00e9e\" \/>\n\t<meta name=\"twitter:data1\" content=\"4 minutes\" \/>\n<script type=\"application\/ld+json\" class=\"yoast-schema-graph\">{\"@context\":\"https:\\\/\\\/schema.org\",\"@graph\":[{\"@type\":\"WebPage\",\"@id\":\"https:\\\/\\\/equisil.com\\\/fr\\\/produits\\\/\",\"url\":\"https:\\\/\\\/equisil.com\\\/fr\\\/produits\\\/\",\"name\":\"produits - Equisil a new equestrian revelation\",\"isPartOf\":{\"@id\":\"https:\\\/\\\/equisil.com\\\/#website\"},\"primaryImageOfPage\":{\"@id\":\"https:\\\/\\\/equisil.com\\\/fr\\\/produits\\\/#primaryimage\"},\"image\":{\"@id\":\"https:\\\/\\\/equisil.com\\\/fr\\\/produits\\\/#primaryimage\"},\"thumbnailUrl\":\"https:\\\/\\\/equisil.com\\\/wp-content\\\/uploads\\\/2024\\\/09\\\/equisil_fabric_leather-300x300.png\",\"datePublished\":\"2024-01-08T14:55:36+00:00\",\"dateModified\":\"2025-02-19T13:47:15+00:00\",\"breadcrumb\":{\"@id\":\"https:\\\/\\\/equisil.com\\\/fr\\\/produits\\\/#breadcrumb\"},\"inLanguage\":\"fr-FR\",\"potentialAction\":[{\"@type\":\"ReadAction\",\"target\":[\"https:\\\/\\\/equisil.com\\\/fr\\\/produits\\\/\"]}]},{\"@type\":\"ImageObject\",\"inLanguage\":\"fr-FR\",\"@id\":\"https:\\\/\\\/equisil.com\\\/fr\\\/produits\\\/#primaryimage\",\"url\":\"https:\\\/\\\/equisil.com\\\/wp-content\\\/uploads\\\/2024\\\/09\\\/equisil_fabric_leather-300x300.png\",\"contentUrl\":\"https:\\\/\\\/equisil.com\\\/wp-content\\\/uploads\\\/2024\\\/09\\\/equisil_fabric_leather-300x300.png\"},{\"@type\":\"BreadcrumbList\",\"@id\":\"https:\\\/\\\/equisil.com\\\/fr\\\/produits\\\/#breadcrumb\",\"itemListElement\":[{\"@type\":\"ListItem\",\"position\":1,\"name\":\"Home\",\"item\":\"https:\\\/\\\/equisil.com\\\/fr\\\/\"},{\"@type\":\"ListItem\",\"position\":2,\"name\":\"produits\"}]},{\"@type\":\"WebSite\",\"@id\":\"https:\\\/\\\/equisil.com\\\/#website\",\"url\":\"https:\\\/\\\/equisil.com\\\/\",\"name\":\"Equisil a new equestrian revelation\",\"description\":\"PREMIUM QUALITY HORSE SUPPLEMENTS\",\"potentialAction\":[{\"@type\":\"SearchAction\",\"target\":{\"@type\":\"EntryPoint\",\"urlTemplate\":\"https:\\\/\\\/equisil.com\\\/?s={search_term_string}\"},\"query-input\":{\"@type\":\"PropertyValueSpecification\",\"valueRequired\":true,\"valueName\":\"search_term_string\"}}],\"inLanguage\":\"fr-FR\"}]}<\/script>\n<!-- \/ Yoast SEO plugin. -->","yoast_head_json":{"title":"produits - Equisil a new equestrian revelation","robots":{"index":"index","follow":"follow","max-snippet":"max-snippet:-1","max-image-preview":"max-image-preview:large","max-video-preview":"max-video-preview:-1"},"canonical":"https:\/\/equisil.com\/fr\/produits\/","og_locale":"fr_FR","og_type":"article","og_title":"produits - Equisil a new equestrian revelation","og_description":"Pr\u00eat \u00e0 assurer la s\u00e9curit\u00e9 de l&#8217;environnement de votre cheval ? D\u00e9couvrez la vaste gamme de traitements et de produits que nous proposons pour votre \u00e9curie. Consultez notre section FAQ pour en savoir plus sur l&#8217;application de nos produits et d\u00e9couvrir comment vous pouvez cr\u00e9er un havre de paix plus s\u00fbr pour vos chevaux. vous [&hellip;]","og_url":"https:\/\/equisil.com\/fr\/produits\/","og_site_name":"Equisil a new equestrian revelation","article_modified_time":"2025-02-19T13:47:15+00:00","og_image":[{"url":"https:\/\/equisil.com\/wp-content\/uploads\/2024\/09\/equisil_fabric_leather-300x300.png","type":"","width":"","height":""}],"twitter_card":"summary_large_image","twitter_misc":{"Dur\u00e9e de lecture estim\u00e9e":"4 minutes"},"schema":{"@context":"https:\/\/schema.org","@graph":[{"@type":"WebPage","@id":"https:\/\/equisil.com\/fr\/produits\/","url":"https:\/\/equisil.com\/fr\/produits\/","name":"produits - Equisil a new equestrian revelation","isPartOf":{"@id":"https:\/\/equisil.com\/#website"},"primaryImageOfPage":{"@id":"https:\/\/equisil.com\/fr\/produits\/#primaryimage"},"image":{"@id":"https:\/\/equisil.com\/fr\/produits\/#primaryimage"},"thumbnailUrl":"https:\/\/equisil.com\/wp-content\/uploads\/2024\/09\/equisil_fabric_leather-300x300.png","datePublished":"2024-01-08T14:55:36+00:00","dateModified":"2025-02-19T13:47:15+00:00","breadcrumb":{"@id":"https:\/\/equisil.com\/fr\/produits\/#breadcrumb"},"inLanguage":"fr-FR","potentialAction":[{"@type":"ReadAction","target":["https:\/\/equisil.com\/fr\/produits\/"]}]},{"@type":"ImageObject","inLanguage":"fr-FR","@id":"https:\/\/equisil.com\/fr\/produits\/#primaryimage","url":"https:\/\/equisil.com\/wp-content\/uploads\/2024\/09\/equisil_fabric_leather-300x300.png","contentUrl":"https:\/\/equisil.com\/wp-content\/uploads\/2024\/09\/equisil_fabric_leather-300x300.png"},{"@type":"BreadcrumbList","@id":"https:\/\/equisil.com\/fr\/produits\/#breadcrumb","itemListElement":[{"@type":"ListItem","position":1,"name":"Home","item":"https:\/\/equisil.com\/fr\/"},{"@type":"ListItem","position":2,"name":"produits"}]},{"@type":"WebSite","@id":"https:\/\/equisil.com\/#website","url":"https:\/\/equisil.com\/","name":"Equisil a new equestrian revelation","description":"PREMIUM QUALITY HORSE SUPPLEMENTS","potentialAction":[{"@type":"SearchAction","target":{"@type":"EntryPoint","urlTemplate":"https:\/\/equisil.com\/?s={search_term_string}"},"query-input":{"@type":"PropertyValueSpecification","valueRequired":true,"valueName":"search_term_string"}}],"inLanguage":"fr-FR"}]}},"_links":{"self":[{"href":"https:\/\/equisil.com\/fr\/wp-json\/wp\/v2\/pages\/6734","targetHints":{"allow":["GET"]}}],"collection":[{"href":"https:\/\/equisil.com\/fr\/wp-json\/wp\/v2\/pages"}],"about":[{"href":"https:\/\/equisil.com\/fr\/wp-json\/wp\/v2\/types\/page"}],"author":[{"embeddable":true,"href":"https:\/\/equisil.com\/fr\/wp-json\/wp\/v2\/users\/1"}],"replies":[{"embeddable":true,"href":"https:\/\/equisil.com\/fr\/wp-json\/wp\/v2\/comments?post=6734"}],"version-history":[{"count":4,"href":"https:\/\/equisil.com\/fr\/wp-json\/wp\/v2\/pages\/6734\/revisions"}],"predecessor-version":[{"id":6801,"href":"https:\/\/equisil.com\/fr\/wp-json\/wp\/v2\/pages\/6734\/revisions\/6801"}],"wp:attachment":[{"href":"https:\/\/equisil.com\/fr\/wp-json\/wp\/v2\/media?parent=6734"}],"curies":[{"name":"wp","href":"https:\/\/api.w.org\/{rel}","templated":true}]}}