{"id":6730,"date":"2021-05-24T10:03:13","date_gmt":"2021-05-24T08:03:13","guid":{"rendered":"https:\/\/equisil.com\/equisil-pour-un-environnement-bio-securise-pour-les-chevaux\/"},"modified":"2025-02-19T16:52:37","modified_gmt":"2025-02-19T14:52:37","slug":"equisil-pour-un-environnement-bio-securise-pour-les-chevaux","status":"publish","type":"page","link":"https:\/\/equisil.com\/fr\/","title":{"rendered":"Equisil pour un environnement bio-s\u00e9curis\u00e9 pour les chevaux!"},"content":{"rendered":"\t\t<div data-elementor-type=\"wp-page\" data-elementor-id=\"6730\" class=\"elementor elementor-6730 elementor-1023\">\n\t\t\t\t<div class=\"elementor-element elementor-element-f0f4aa5 e-con-full e-flex e-con e-parent\" data-id=\"f0f4aa5\" data-element_type=\"container\" data-e-type=\"container\" data-settings=\"{&quot;background_background&quot;:&quot;video&quot;,&quot;background_video_link&quot;:&quot;https:\\\/\\\/youtu.be\\\/KBZCbOteoqY&quot;,&quot;background_play_on_mobile&quot;:&quot;yes&quot;}\">\n\t\t<div class=\"elementor-background-video-container\">\n\t\t\t\t\t\t\t<div class=\"elementor-background-video-embed\" role=\"presentation\"><\/div>\n\t\t\t\t\t\t<\/div>\t\t<\/div>\n\t\t<div class=\"elementor-element elementor-element-3043368 e-flex e-con-boxed e-con e-parent\" data-id=\"3043368\" data-element_type=\"container\" data-e-type=\"container\">\n\t\t\t\t\t<div class=\"e-con-inner\">\n\t\t\t\t<div class=\"elementor-element elementor-element-b1a58e2 title-align--mobilecenter title-align-left elementor-widget elementor-widget-ts-products\" data-id=\"b1a58e2\" data-element_type=\"widget\" data-e-type=\"widget\" data-widget_type=\"ts-products.default\">\n\t\t\t\t<div class=\"elementor-widget-container\">\n\t\t\t\t\t\t\t<div class=\"ts-product-wrapper ts-shortcode ts-product woocommerce columns-5 recent style-title-inside-content\" >\n\t\t\n\t\t\t\t\t\t<div class=\"content-wrapper \">\n\t\t\t\n\t\t\t\t<div class=\"products\">\r\n<header class=\"shortcode-heading-wrapper\"><h2 class=\"shortcode-title\">Nos Produits<\/h2><div class=\"shop-more hidden-phone\"><a class=\"shop-more-button\" href=\"https:\/\/equisil.com\/fr\/shop\/\" target=\"_blank\" rel=\"nofollow\">D\u00e9couvrir<\/a><\/div><\/header>\r\n<section class=\"product type-product post-6723 status-publish first instock product_cat-pour-les-ecuries product_cat-pour-votre-cheval has-post-thumbnail taxable shipping-taxable purchasable product-type-variable\" data-product_id=\"6723\">\r\n\t<div class=\"product-wrapper\">\r\n\t\t\t\r\n\t\t<div class=\"thumbnail-wrapper\">\r\n\t\t\t<a href=\"https:\/\/equisil.com\/fr\/produit\/equisil-fabric-leather-treatment-antimicrobien\/\">\r\n\t\t\t\t<figure class=\"no-back-image\"><img fetchpriority=\"high\" decoding=\"async\" src=\"https:\/\/equisil.com\/wp-content\/themes\/nooni\/images\/prod_loading.gif\" data-src=\"https:\/\/equisil.com\/wp-content\/uploads\/2024\/09\/equisil_fabric_leather-300x300.png\" class=\"attachment-shop_catalog wp-post-image ts-lazy-load\" alt=\"\" width=\"300\" height=\"300\" \/><\/figure>\t\t\t<\/a>\r\n\t\t\t\t<div class=\"product-group-button\"><\/div>\t\t<\/div>\r\n\t\t<div class=\"meta-wrapper\">\r\n\t\t\t<h3 class=\"heading-title product-name\"><a href=\"https:\/\/equisil.com\/fr\/produit\/equisil-fabric-leather-treatment-antimicrobien\/\">Equisil Fabric &amp; Leather Treatment (antimicrobien)<br>(anti-microbial)<\/a><\/h3><h3 class=\"heading-title product-name\"><a href=\"https:\/\/equisil.com\/fr\/produit\/equisil-fabric-leather-treatment-antimicrobien\/\">Equisil Fabric &amp; Leather Treatment (antimicrobien)<\/a><\/h3><div class=\"product-group-button-meta\"><\/div>\t\t<\/div>\r\n\t<\/div>\r\n<\/section>\r\n<section class=\"product type-product post-6725 status-publish instock product_cat-pour-les-ecuries has-post-thumbnail taxable shipping-taxable purchasable product-type-variable\" data-product_id=\"6725\">\r\n\t<div class=\"product-wrapper\">\r\n\t\t\t\r\n\t\t<div class=\"thumbnail-wrapper\">\r\n\t\t\t<a href=\"https:\/\/equisil.com\/fr\/produit\/equisil-leather-cleaner\/\">\r\n\t\t\t\t<figure class=\"no-back-image\"><img decoding=\"async\" src=\"https:\/\/equisil.com\/wp-content\/themes\/nooni\/images\/prod_loading.gif\" data-src=\"https:\/\/equisil.com\/wp-content\/uploads\/2024\/09\/equisil_leather-300x300.png\" class=\"attachment-shop_catalog wp-post-image ts-lazy-load\" alt=\"\" width=\"300\" height=\"300\" \/><\/figure>\t\t\t<\/a>\r\n\t\t\t\t<div class=\"product-group-button\"><\/div>\t\t<\/div>\r\n\t\t<div class=\"meta-wrapper\">\r\n\t\t\t<h3 class=\"heading-title product-name\"><a href=\"https:\/\/equisil.com\/fr\/produit\/equisil-leather-cleaner\/\">Equisil Leather Cleaner<\/a><\/h3><h3 class=\"heading-title product-name\"><a href=\"https:\/\/equisil.com\/fr\/produit\/equisil-leather-cleaner\/\">Equisil Leather Cleaner<\/a><\/h3><div class=\"product-group-button-meta\"><\/div>\t\t<\/div>\r\n\t<\/div>\r\n<\/section>\r\n<section class=\"product type-product post-6726 status-publish instock product_cat-pour-les-ecuries has-post-thumbnail taxable shipping-taxable purchasable product-type-simple\" data-product_id=\"6726\">\r\n\t<div class=\"product-wrapper\">\r\n\t\t\t\r\n\t\t<div class=\"thumbnail-wrapper\">\r\n\t\t\t<a href=\"https:\/\/equisil.com\/fr\/produit\/equisil-stall-treatment-antimicrobien\/\">\r\n\t\t\t\t<figure class=\"no-back-image\"><img decoding=\"async\" src=\"https:\/\/equisil.com\/wp-content\/themes\/nooni\/images\/prod_loading.gif\" data-src=\"https:\/\/equisil.com\/wp-content\/uploads\/2024\/01\/equisil_stall-300x300.png\" class=\"attachment-shop_catalog wp-post-image ts-lazy-load\" alt=\"\" width=\"300\" height=\"300\" \/><\/figure>\t\t\t<\/a>\r\n\t\t\t\t<div class=\"product-group-button\"><\/div>\t\t<\/div>\r\n\t\t<div class=\"meta-wrapper\">\r\n\t\t\t<h3 class=\"heading-title product-name\"><a href=\"https:\/\/equisil.com\/fr\/produit\/equisil-stall-treatment-antimicrobien\/\">Equisil Stall Treatment (antimicrobien)<br>(anti-microbial)<\/a><\/h3><h3 class=\"heading-title product-name\"><a href=\"https:\/\/equisil.com\/fr\/produit\/equisil-stall-treatment-antimicrobien\/\">Equisil Stall Treatment (antimicrobien)<\/a><\/h3><div class=\"product-group-button-meta\"><\/div>\t\t<\/div>\r\n\t<\/div>\r\n<\/section>\r\n<section class=\"product type-product post-6727 status-publish instock product_cat-pour-votre-cheval has-post-thumbnail taxable shipping-taxable purchasable product-type-variable\" data-product_id=\"6727\">\r\n\t<div class=\"product-wrapper\">\r\n\t\t\t\r\n\t\t<div class=\"thumbnail-wrapper\">\r\n\t\t\t<a href=\"https:\/\/equisil.com\/fr\/produit\/equisil-mane-and-tail-detangler\/\">\r\n\t\t\t\t<figure class=\"no-back-image\"><img loading=\"lazy\" decoding=\"async\" src=\"https:\/\/equisil.com\/wp-content\/themes\/nooni\/images\/prod_loading.gif\" data-src=\"https:\/\/equisil.com\/wp-content\/uploads\/2024\/01\/equisil_mane-300x300.png\" class=\"attachment-shop_catalog wp-post-image ts-lazy-load\" alt=\"\" width=\"300\" height=\"300\" \/><\/figure>\t\t\t<\/a>\r\n\t\t\t\t<div class=\"product-group-button\"><\/div>\t\t<\/div>\r\n\t\t<div class=\"meta-wrapper\">\r\n\t\t\t<h3 class=\"heading-title product-name\"><a href=\"https:\/\/equisil.com\/fr\/produit\/equisil-mane-and-tail-detangler\/\">Mane &amp; Tale detangler<\/a><\/h3><h3 class=\"heading-title product-name\"><a href=\"https:\/\/equisil.com\/fr\/produit\/equisil-mane-and-tail-detangler\/\">Mane &amp; Tale detangler<\/a><\/h3><div class=\"product-group-button-meta\"><\/div>\t\t<\/div>\r\n\t<\/div>\r\n<\/section><\/div>\t\t\t\t\n\t\t\t<\/div>\n\t\t\t\n\t\t\t\t\t\t<div class=\"shop-more visible-phone\">\n\t\t\t\t<a class=\"shop-more-button\" href=\"https:\/\/equisil.com\/fr\/shop\/\" target=\"_blank\" rel=\"nofollow\">D\u00e9couvrir<\/a>\n\t\t\t<\/div>\n\t\t\t\t\t\t\n\t\t<\/div>\n\t\t\t\t\t\t<\/div>\n\t\t\t\t<\/div>\n\t\t\t\t\t<\/div>\n\t\t\t\t<\/div>\n\t\t<div class=\"elementor-element elementor-element-533bb49 e-flex e-con-boxed e-con e-parent\" data-id=\"533bb49\" data-element_type=\"container\" data-e-type=\"container\" data-settings=\"{&quot;background_background&quot;:&quot;classic&quot;}\">\n\t\t\t\t\t<div class=\"e-con-inner\">\n\t\t\t\t<div class=\"elementor-element elementor-element-b303a6d title-align--mobilecenter title-align-left elementor-widget elementor-widget-ts-blogs\" data-id=\"b303a6d\" data-element_type=\"widget\" data-e-type=\"widget\" data-widget_type=\"ts-blogs.default\">\n\t\t\t\t<div class=\"elementor-widget-container\">\n\t\t\t\t\t\t\t\t<div class=\"ts-blogs-wrapper ts-shortcode ts-blogs columns-2 style-slider item-grid ts-slider rows-1 loading show-nav partial-view\" data-atts=\"{&quot;layout&quot;:&quot;slider&quot;,&quot;columns&quot;:2,&quot;categories&quot;:&quot;&quot;,&quot;limit&quot;:3,&quot;orderby&quot;:&quot;date&quot;,&quot;order&quot;:&quot;DESC&quot;,&quot;show_title&quot;:&quot;1&quot;,&quot;show_thumbnail&quot;:&quot;1&quot;,&quot;show_author&quot;:&quot;&quot;,&quot;show_categories&quot;:&quot;&quot;,&quot;show_date&quot;:&quot;1&quot;,&quot;show_comment&quot;:&quot;0&quot;,&quot;show_excerpt&quot;:&quot;1&quot;,&quot;show_readmore&quot;:&quot;&quot;,&quot;excerpt_words&quot;:16,&quot;is_slider&quot;:1,&quot;show_nav&quot;:&quot;1&quot;,&quot;auto_play&quot;:&quot;&quot;,&quot;is_masonry&quot;:0,&quot;show_load_more&quot;:0}\" data-nav=\"1\" data-autoplay=\"\" data-columns=\"2\">\n\t\t\t\t\t\t\t\t<header class=\"shortcode-heading-wrapper\">\n\t\t\t\t\t<h2 class=\"shortcode-title\">\n\t\t\t\t\t\tBLOG\t\t\t\t\t<\/h2>\n\t\t\t\t<\/header>\n\t\t\t\t\t\t\t\t\n\t\t\t\t<div class=\"content-wrapper\">\n\t\t\t\t\t<div class=\"blogs items\">\n\t\t\t\t\t\t\t\t\t\t<article class=\"item has-post-thumbnail  \">\n\t\t\t\t\t\n\t\t\t\t\t\t\t\t\t\t\t<div class=\"article-content\">\n\t\t\t\t\t\t\t<div class=\"thumbnail-content\">\n\t\t\t\t\t\t\t\t\t\t\t\t\t\t\t\t\t\t<a class=\"thumbnail  \" href=\"https:\/\/equisil.com\/fr\/2024\/09\/23\/un-havre-sans-microbes-pourquoi-les-ecuries-antimicrobiennes-sont-essentielles-pour-lebien-etre-des-chevaux\/\" >\n\t\t\t\t\t\t\t\t\t\t\t<figure>\n\t\t\t\t\t\t\t\t\t\t\t<img loading=\"lazy\" decoding=\"async\" width=\"729\" height=\"532\" src=\"https:\/\/equisil.com\/wp-content\/uploads\/2023\/10\/4SRPKc2SYoeN.png\" class=\"attachment-nooni_blog_thumb size-nooni_blog_thumb wp-post-image\" alt=\"\" srcset=\"https:\/\/equisil.com\/wp-content\/uploads\/2023\/10\/4SRPKc2SYoeN.png 729w, https:\/\/equisil.com\/wp-content\/uploads\/2023\/10\/4SRPKc2SYoeN-300x219.png 300w, https:\/\/equisil.com\/wp-content\/uploads\/2023\/10\/4SRPKc2SYoeN-600x438.png 600w\" sizes=\"(max-width: 729px) 100vw, 729px\" \/>\t\t\t\t\t\t\t\t\t\t\t<\/figure>\n\t\t\t\t\t\t\t\t\t\t<\/a>\n\t\t\t\t\t\t\t\t\t\t\t\t\t\t\t\t\t\t\t<span class=\"date-time\">septembre 23, 2024<\/span>\n\t\t\t\t\t\t\t\t\t\t\t\t\t\t\t\t<\/div>\n\t\t\t\t\t\t\t\n\t\t\t\t\t\t\t<div class=\"entry-content\">\n\t\t\t\t\t\t\t\t<div class=\"entry-meta-top\">\n\t\t\t\t\t\t\t\n\t\t\t\t\t\t\t\t\t\t\t\t\t\t\t\t\t\n\t\t\t\t\t\t\t\t\t\t\t\t\t\t\t\t\t\t\n\t\t\t\t\t\t\t\t\t\t\t\t\t\t\t\t\t\t\n\t\t\t\t\t\t\t\t\t\t\t\t\t\t\t\t\t\t\n\t\t\t\t\t\t\t\t<\/div>\n\t\t\t\t\t\t\t\t\n\t\t\t\t\t\t\t\t<header>\n\t\t\t\t\t\t\t\t\t\t\t\t\t\t\t\t\t\t<h4 class=\"heading-title entry-title\">\n\t\t\t\t\t\t\t\t\t\t<a class=\"post-title\" href=\"https:\/\/equisil.com\/fr\/2024\/09\/23\/un-havre-sans-microbes-pourquoi-les-ecuries-antimicrobiennes-sont-essentielles-pour-lebien-etre-des-chevaux\/\">Un havre sans microbes : Pourquoi les \u00e9curies antimicrobiennes sont essentielles pour le<br>bien-\u00eatre des chevaux?<\/a>\n\t\t\t\t\t\t\t\t\t<\/h4>\n\t\t\t\t\t\t\t\t\t\t\t\t\t\t\t\t\t<\/header>\n\t\t\t\t\t\t\t\t\n\t\t\t\t\t\t\t\t\t\t\t\t\t\t\t\t<div class=\"excerpt\">&#13; L&#8217;importance des \u00e9curies antimicrobiennes pour la sant\u00e9 \u00e9quine &#13; Une \u00e9curie est la maison d\u2019un<\/div>\n\t\t\t\t\t\t\t\t\n\t\t\t\t\t\t\t\t\t\t\t\t\t\t\t<\/div>\n\t\t\t\t\t\t\t\n\t\t\t\t\t\t<\/div>\n\t\t\t\t\t\t\t\n\t\t\t\t\t\t\t\t\t\t<\/article>\n\t\t\t\t\t\t\t\t<article class=\"item has-post-thumbnail  \">\n\t\t\t\t\t\n\t\t\t\t\t\t\t\t\t\t\t<div class=\"article-content\">\n\t\t\t\t\t\t\t<div class=\"thumbnail-content\">\n\t\t\t\t\t\t\t\t\t\t\t\t\t\t\t\t\t\t<a class=\"thumbnail  \" href=\"https:\/\/equisil.com\/fr\/2024\/09\/23\/entretenir-votre-harnachement-en-cuir-guide-pour-duree-de-vie-et-performance\/\" >\n\t\t\t\t\t\t\t\t\t\t\t<figure>\n\t\t\t\t\t\t\t\t\t\t\t<img loading=\"lazy\" decoding=\"async\" width=\"1174\" height=\"862\" src=\"https:\/\/equisil.com\/wp-content\/uploads\/2024\/09\/paard-hoofd-stock-jumping-hippo-jump-waregem-rhea-major-1-1174x862.jpg\" class=\"attachment-nooni_blog_thumb size-nooni_blog_thumb wp-post-image\" alt=\"\" \/>\t\t\t\t\t\t\t\t\t\t\t<\/figure>\n\t\t\t\t\t\t\t\t\t\t<\/a>\n\t\t\t\t\t\t\t\t\t\t\t\t\t\t\t\t\t\t\t<span class=\"date-time\">septembre 23, 2024<\/span>\n\t\t\t\t\t\t\t\t\t\t\t\t\t\t\t\t<\/div>\n\t\t\t\t\t\t\t\n\t\t\t\t\t\t\t<div class=\"entry-content\">\n\t\t\t\t\t\t\t\t<div class=\"entry-meta-top\">\n\t\t\t\t\t\t\t\n\t\t\t\t\t\t\t\t\t\t\t\t\t\t\t\t\t\n\t\t\t\t\t\t\t\t\t\t\t\t\t\t\t\t\t\t\n\t\t\t\t\t\t\t\t\t\t\t\t\t\t\t\t\t\t\n\t\t\t\t\t\t\t\t\t\t\t\t\t\t\t\t\t\t\n\t\t\t\t\t\t\t\t<\/div>\n\t\t\t\t\t\t\t\t\n\t\t\t\t\t\t\t\t<header>\n\t\t\t\t\t\t\t\t\t\t\t\t\t\t\t\t\t\t<h4 class=\"heading-title entry-title\">\n\t\t\t\t\t\t\t\t\t\t<a class=\"post-title\" href=\"https:\/\/equisil.com\/fr\/2024\/09\/23\/entretenir-votre-harnachement-en-cuir-guide-pour-duree-de-vie-et-performance\/\">Entretenir votre harnachement en cuir: Guide pour dur\u00e9e de vie et performance<\/a>\n\t\t\t\t\t\t\t\t\t<\/h4>\n\t\t\t\t\t\t\t\t\t\t\t\t\t\t\t\t\t<\/header>\n\t\t\t\t\t\t\t\t\n\t\t\t\t\t\t\t\t\t\t\t\t\t\t\t\t<div class=\"excerpt\">&#13; Entretenir votre harnachement en cuir: Guide pour dur\u00e9e de vie et performance &#13; &#13; Les<\/div>\n\t\t\t\t\t\t\t\t\n\t\t\t\t\t\t\t\t\t\t\t\t\t\t\t<\/div>\n\t\t\t\t\t\t\t\n\t\t\t\t\t\t<\/div>\n\t\t\t\t\t\t\t\n\t\t\t\t\t\t\t\t\t\t<\/article>\n\t\t\t\t\t\t\t\t\t<\/div>\n\t\t\t\t\t\t\t\t\t<\/div>\n\t\t\t<\/div>\n\t\t\t\t\t\t<\/div>\n\t\t\t\t<\/div>\n\t\t\t\t\t<\/div>\n\t\t\t\t<\/div>\n\t\t\t\t<\/div>\n\t\t","protected":false},"excerpt":{"rendered":"<p>Nos Produits D\u00e9couvrir Equisil Stall Treatment (antimicrobien) Equisil Stall Treatment (antimicrobien) Mane &amp; Tale detangler Mane &amp; Tale detangler D\u00e9couvrir BLOG septembre 23, 2024 Un havre sans microbes : Pourquoi les \u00e9curies antimicrobiennes sont essentielles pour lebien-\u00eatre des chevaux? &#13; L&#8217;importance des \u00e9curies antimicrobiennes pour la sant\u00e9 \u00e9quine &#13; Une \u00e9curie est la maison d\u2019un [&hellip;]<\/p>\n","protected":false},"author":1,"featured_media":6686,"parent":0,"menu_order":0,"comment_status":"closed","ping_status":"closed","template":"","meta":{"footnotes":""},"class_list":["post-6730","page","type-page","status-publish","has-post-thumbnail","hentry"],"yoast_head":"<!-- This site is optimized with the Yoast SEO plugin v27.3 - https:\/\/yoast.com\/product\/yoast-seo-wordpress\/ -->\n<title>Equisil pour un environnement bio-s\u00e9curis\u00e9 pour les chevaux! - Equisil a new equestrian revelation<\/title>\n<meta name=\"description\" content=\"Pourquoi les \u00e9curies antimicrobiennes sont essentielles pour le bien-\u00eatre des chevaux? D\u00e9couvrir Equisil!\" \/>\n<meta name=\"robots\" content=\"index, follow, max-snippet:-1, max-image-preview:large, max-video-preview:-1\" \/>\n<link rel=\"canonical\" href=\"https:\/\/equisil.com\/fr\/\" \/>\n<meta property=\"og:locale\" content=\"fr_FR\" \/>\n<meta property=\"og:type\" content=\"article\" \/>\n<meta property=\"og:title\" content=\"Equisil pour une \u00e9curie s\u00fbre et sans insectes\" \/>\n<meta property=\"og:description\" content=\"Pourquoi les \u00e9curies antimicrobiennes sont essentielles pour le bien-\u00eatre des chevaux? D\u00e9couvrir Equisil!\" \/>\n<meta property=\"og:url\" content=\"https:\/\/equisil.com\/fr\/\" \/>\n<meta property=\"og:site_name\" content=\"Equisil a new equestrian revelation\" \/>\n<meta property=\"article:modified_time\" content=\"2025-02-19T14:52:37+00:00\" \/>\n<meta property=\"og:image\" content=\"https:\/\/equisil.com\/wp-content\/uploads\/2021\/08\/merrie-veulen.png\" \/>\n<meta name=\"twitter:card\" content=\"summary_large_image\" \/>\n<meta name=\"twitter:label1\" content=\"Dur\u00e9e de lecture estim\u00e9e\" \/>\n\t<meta name=\"twitter:data1\" content=\"3 minutes\" \/>\n<script type=\"application\/ld+json\" class=\"yoast-schema-graph\">{\"@context\":\"https:\\\/\\\/schema.org\",\"@graph\":[{\"@type\":\"WebPage\",\"@id\":\"https:\\\/\\\/equisil.com\\\/fr\\\/\",\"url\":\"https:\\\/\\\/equisil.com\\\/fr\\\/\",\"name\":\"Equisil pour un environnement bio-s\u00e9curis\u00e9 pour les chevaux! - Equisil a new equestrian revelation\",\"isPartOf\":{\"@id\":\"https:\\\/\\\/equisil.com\\\/#website\"},\"primaryImageOfPage\":{\"@id\":\"https:\\\/\\\/equisil.com\\\/fr\\\/#primaryimage\"},\"image\":{\"@id\":\"https:\\\/\\\/equisil.com\\\/fr\\\/#primaryimage\"},\"thumbnailUrl\":\"https:\\\/\\\/equisil.com\\\/wp-content\\\/uploads\\\/2023\\\/10\\\/4SRPKc2SYoeN.png\",\"datePublished\":\"2021-05-24T08:03:13+00:00\",\"dateModified\":\"2025-02-19T14:52:37+00:00\",\"description\":\"Pourquoi les \u00e9curies antimicrobiennes sont essentielles pour le bien-\u00eatre des chevaux? D\u00e9couvrir Equisil!\",\"breadcrumb\":{\"@id\":\"https:\\\/\\\/equisil.com\\\/fr\\\/#breadcrumb\"},\"inLanguage\":\"fr-FR\",\"potentialAction\":[{\"@type\":\"ReadAction\",\"target\":[\"https:\\\/\\\/equisil.com\\\/fr\\\/\"]}]},{\"@type\":\"ImageObject\",\"inLanguage\":\"fr-FR\",\"@id\":\"https:\\\/\\\/equisil.com\\\/fr\\\/#primaryimage\",\"url\":\"https:\\\/\\\/equisil.com\\\/wp-content\\\/uploads\\\/2023\\\/10\\\/4SRPKc2SYoeN.png\",\"contentUrl\":\"https:\\\/\\\/equisil.com\\\/wp-content\\\/uploads\\\/2023\\\/10\\\/4SRPKc2SYoeN.png\",\"width\":729,\"height\":532},{\"@type\":\"BreadcrumbList\",\"@id\":\"https:\\\/\\\/equisil.com\\\/fr\\\/#breadcrumb\",\"itemListElement\":[{\"@type\":\"ListItem\",\"position\":1,\"name\":\"Home\",\"item\":\"https:\\\/\\\/equisil.com\\\/fr\\\/\"},{\"@type\":\"ListItem\",\"position\":2,\"name\":\"Equisil pour un environnement bio-s\u00e9curis\u00e9 pour les chevaux!\"}]},{\"@type\":\"WebSite\",\"@id\":\"https:\\\/\\\/equisil.com\\\/#website\",\"url\":\"https:\\\/\\\/equisil.com\\\/\",\"name\":\"Equisil a new equestrian revelation\",\"description\":\"PREMIUM QUALITY HORSE SUPPLEMENTS\",\"potentialAction\":[{\"@type\":\"SearchAction\",\"target\":{\"@type\":\"EntryPoint\",\"urlTemplate\":\"https:\\\/\\\/equisil.com\\\/?s={search_term_string}\"},\"query-input\":{\"@type\":\"PropertyValueSpecification\",\"valueRequired\":true,\"valueName\":\"search_term_string\"}}],\"inLanguage\":\"fr-FR\"}]}<\/script>\n<!-- \/ Yoast SEO plugin. -->","yoast_head_json":{"title":"Equisil pour un environnement bio-s\u00e9curis\u00e9 pour les chevaux! - Equisil a new equestrian revelation","description":"Pourquoi les \u00e9curies antimicrobiennes sont essentielles pour le bien-\u00eatre des chevaux? D\u00e9couvrir Equisil!","robots":{"index":"index","follow":"follow","max-snippet":"max-snippet:-1","max-image-preview":"max-image-preview:large","max-video-preview":"max-video-preview:-1"},"canonical":"https:\/\/equisil.com\/fr\/","og_locale":"fr_FR","og_type":"article","og_title":"Equisil pour une \u00e9curie s\u00fbre et sans insectes","og_description":"Pourquoi les \u00e9curies antimicrobiennes sont essentielles pour le bien-\u00eatre des chevaux? D\u00e9couvrir Equisil!","og_url":"https:\/\/equisil.com\/fr\/","og_site_name":"Equisil a new equestrian revelation","article_modified_time":"2025-02-19T14:52:37+00:00","og_image":[{"url":"https:\/\/equisil.com\/wp-content\/uploads\/2021\/08\/merrie-veulen.png","type":"","width":"","height":""}],"twitter_card":"summary_large_image","twitter_misc":{"Dur\u00e9e de lecture estim\u00e9e":"3 minutes"},"schema":{"@context":"https:\/\/schema.org","@graph":[{"@type":"WebPage","@id":"https:\/\/equisil.com\/fr\/","url":"https:\/\/equisil.com\/fr\/","name":"Equisil pour un environnement bio-s\u00e9curis\u00e9 pour les chevaux! - Equisil a new equestrian revelation","isPartOf":{"@id":"https:\/\/equisil.com\/#website"},"primaryImageOfPage":{"@id":"https:\/\/equisil.com\/fr\/#primaryimage"},"image":{"@id":"https:\/\/equisil.com\/fr\/#primaryimage"},"thumbnailUrl":"https:\/\/equisil.com\/wp-content\/uploads\/2023\/10\/4SRPKc2SYoeN.png","datePublished":"2021-05-24T08:03:13+00:00","dateModified":"2025-02-19T14:52:37+00:00","description":"Pourquoi les \u00e9curies antimicrobiennes sont essentielles pour le bien-\u00eatre des chevaux? D\u00e9couvrir Equisil!","breadcrumb":{"@id":"https:\/\/equisil.com\/fr\/#breadcrumb"},"inLanguage":"fr-FR","potentialAction":[{"@type":"ReadAction","target":["https:\/\/equisil.com\/fr\/"]}]},{"@type":"ImageObject","inLanguage":"fr-FR","@id":"https:\/\/equisil.com\/fr\/#primaryimage","url":"https:\/\/equisil.com\/wp-content\/uploads\/2023\/10\/4SRPKc2SYoeN.png","contentUrl":"https:\/\/equisil.com\/wp-content\/uploads\/2023\/10\/4SRPKc2SYoeN.png","width":729,"height":532},{"@type":"BreadcrumbList","@id":"https:\/\/equisil.com\/fr\/#breadcrumb","itemListElement":[{"@type":"ListItem","position":1,"name":"Home","item":"https:\/\/equisil.com\/fr\/"},{"@type":"ListItem","position":2,"name":"Equisil pour un environnement bio-s\u00e9curis\u00e9 pour les chevaux!"}]},{"@type":"WebSite","@id":"https:\/\/equisil.com\/#website","url":"https:\/\/equisil.com\/","name":"Equisil a new equestrian revelation","description":"PREMIUM QUALITY HORSE SUPPLEMENTS","potentialAction":[{"@type":"SearchAction","target":{"@type":"EntryPoint","urlTemplate":"https:\/\/equisil.com\/?s={search_term_string}"},"query-input":{"@type":"PropertyValueSpecification","valueRequired":true,"valueName":"search_term_string"}}],"inLanguage":"fr-FR"}]}},"_links":{"self":[{"href":"https:\/\/equisil.com\/fr\/wp-json\/wp\/v2\/pages\/6730","targetHints":{"allow":["GET"]}}],"collection":[{"href":"https:\/\/equisil.com\/fr\/wp-json\/wp\/v2\/pages"}],"about":[{"href":"https:\/\/equisil.com\/fr\/wp-json\/wp\/v2\/types\/page"}],"author":[{"embeddable":true,"href":"https:\/\/equisil.com\/fr\/wp-json\/wp\/v2\/users\/1"}],"replies":[{"embeddable":true,"href":"https:\/\/equisil.com\/fr\/wp-json\/wp\/v2\/comments?post=6730"}],"version-history":[{"count":15,"href":"https:\/\/equisil.com\/fr\/wp-json\/wp\/v2\/pages\/6730\/revisions"}],"predecessor-version":[{"id":6845,"href":"https:\/\/equisil.com\/fr\/wp-json\/wp\/v2\/pages\/6730\/revisions\/6845"}],"wp:featuredmedia":[{"embeddable":true,"href":"https:\/\/equisil.com\/fr\/wp-json\/wp\/v2\/media\/6686"}],"wp:attachment":[{"href":"https:\/\/equisil.com\/fr\/wp-json\/wp\/v2\/media?parent=6730"}],"curies":[{"name":"wp","href":"https:\/\/api.w.org\/{rel}","templated":true}]}}