{"id":6719,"date":"2022-11-04T15:36:36","date_gmt":"2022-11-04T13:36:36","guid":{"rendered":"https:\/\/equisil.com\/qui-sommes-nous\/"},"modified":"2025-02-19T15:47:36","modified_gmt":"2025-02-19T13:47:36","slug":"qui-sommes-nous","status":"publish","type":"page","link":"https:\/\/equisil.com\/fr\/qui-sommes-nous\/","title":{"rendered":"A Propos"},"content":{"rendered":"\t\t<div data-elementor-type=\"wp-page\" data-elementor-id=\"6719\" class=\"elementor elementor-6719 elementor-5093\">\n\t\t\t\t<div class=\"elementor-element elementor-element-19df130 e-flex e-con-boxed e-con e-parent\" data-id=\"19df130\" data-element_type=\"container\" data-e-type=\"container\">\n\t\t\t\t\t<div class=\"e-con-inner\">\n\t\t\t\t<div class=\"elementor-element elementor-element-6b26eee elementor-widget elementor-widget-heading\" data-id=\"6b26eee\" data-element_type=\"widget\" data-e-type=\"widget\" data-widget_type=\"heading.default\">\n\t\t\t\t<div class=\"elementor-widget-container\">\n\t\t\t\t\t<h2 class=\"elementor-heading-title elementor-size-default\">D\u00e9velopp\u00e9 pour le bien-\u00eatre de votre cheval<\/h2>\t\t\t\t<\/div>\n\t\t\t\t<\/div>\n\t\t\t\t<div class=\"elementor-element elementor-element-4a96844 elementor-widget__width-initial elementor-widget elementor-widget-text-editor\" data-id=\"4a96844\" data-element_type=\"widget\" data-e-type=\"widget\" data-widget_type=\"text-editor.default\">\n\t\t\t\t<div class=\"elementor-widget-container\">\n\t\t\t\t\t\t\t\t\t<p>Equisil s&#8217;engage \u00e0 assurer le bien-\u00eatre des chevaux et de leurs habitats. Nous int\u00e9grons des technologies de pointe \u00e0 base de silicone et antimicrobiennes pour garantir des conditions d\u2019hygi\u00e8ne optimales pour vos compagnons \u00e9quins. Ensemble, donnons la priorit\u00e9 \u00e0 la sant\u00e9 et au bien-\u00eatre des chevaux et des environnements qu\u2019ils habitent.  <\/p>\t\t\t\t\t\t\t\t<\/div>\n\t\t\t\t<\/div>\n\t\t\t\t\t<\/div>\n\t\t\t\t<\/div>\n\t\t<div class=\"elementor-element elementor-element-c4e81fc e-flex e-con-boxed e-con e-parent\" data-id=\"c4e81fc\" data-element_type=\"container\" data-e-type=\"container\" data-settings=\"{&quot;background_background&quot;:&quot;classic&quot;}\">\n\t\t\t\t\t<div class=\"e-con-inner\">\n\t\t\t\t\t<\/div>\n\t\t\t\t<\/div>\n\t\t<div class=\"elementor-element elementor-element-84d6d60 e-flex e-con-boxed e-con e-parent\" data-id=\"84d6d60\" data-element_type=\"container\" data-e-type=\"container\">\n\t\t\t\t\t<div class=\"e-con-inner\">\n\t\t<div class=\"elementor-element elementor-element-df5da85 e-con-full e-flex e-con e-child\" data-id=\"df5da85\" data-element_type=\"container\" data-e-type=\"container\">\n\t\t\t\t<div class=\"elementor-element elementor-element-ecedf92 elementor-widget elementor-widget-image\" data-id=\"ecedf92\" data-element_type=\"widget\" data-e-type=\"widget\" data-widget_type=\"image.default\">\n\t\t\t\t<div class=\"elementor-widget-container\">\n\t\t\t\t\t\t\t\t\t\t\t\t\t\t\t<img fetchpriority=\"high\" decoding=\"async\" width=\"1225\" height=\"2018\" src=\"https:\/\/equisil.com\/wp-content\/uploads\/2024\/09\/pony-stock-springen-jumping-mechelen.png\" class=\"elementor-animation-grow attachment-full size-full wp-image-6699\" alt=\"\" srcset=\"https:\/\/equisil.com\/wp-content\/uploads\/2024\/09\/pony-stock-springen-jumping-mechelen.png 1225w, https:\/\/equisil.com\/wp-content\/uploads\/2024\/09\/pony-stock-springen-jumping-mechelen-182x300.png 182w, https:\/\/equisil.com\/wp-content\/uploads\/2024\/09\/pony-stock-springen-jumping-mechelen-622x1024.png 622w, https:\/\/equisil.com\/wp-content\/uploads\/2024\/09\/pony-stock-springen-jumping-mechelen-768x1265.png 768w, https:\/\/equisil.com\/wp-content\/uploads\/2024\/09\/pony-stock-springen-jumping-mechelen-932x1536.png 932w, https:\/\/equisil.com\/wp-content\/uploads\/2024\/09\/pony-stock-springen-jumping-mechelen-600x988.png 600w\" sizes=\"(max-width: 1225px) 100vw, 1225px\" \/>\t\t\t\t\t\t\t\t\t\t\t\t\t\t\t<\/div>\n\t\t\t\t<\/div>\n\t\t\t\t<\/div>\n\t\t<div class=\"elementor-element elementor-element-bbeab9c e-con-full e-flex e-con e-child\" data-id=\"bbeab9c\" data-element_type=\"container\" data-e-type=\"container\">\n\t\t\t\t<div class=\"elementor-element elementor-element-9ef3237 elementor-widget elementor-widget-spacer\" data-id=\"9ef3237\" data-element_type=\"widget\" data-e-type=\"widget\" data-widget_type=\"spacer.default\">\n\t\t\t\t<div class=\"elementor-widget-container\">\n\t\t\t\t\t\t\t<div class=\"elementor-spacer\">\n\t\t\t<div class=\"elementor-spacer-inner\"><\/div>\n\t\t<\/div>\n\t\t\t\t\t\t<\/div>\n\t\t\t\t<\/div>\n\t\t\t\t<div class=\"elementor-element elementor-element-1fa3292 elementor-widget elementor-widget-heading\" data-id=\"1fa3292\" data-element_type=\"widget\" data-e-type=\"widget\" data-widget_type=\"heading.default\">\n\t\t\t\t<div class=\"elementor-widget-container\">\n\t\t\t\t\t<h6 class=\"elementor-heading-title elementor-size-default\">Qui sommes-nous: Equisil<\/h6>\t\t\t\t<\/div>\n\t\t\t\t<\/div>\n\t\t\t\t<div class=\"elementor-element elementor-element-af558f8 elementor-widget elementor-widget-spacer\" data-id=\"af558f8\" data-element_type=\"widget\" data-e-type=\"widget\" data-widget_type=\"spacer.default\">\n\t\t\t\t<div class=\"elementor-widget-container\">\n\t\t\t\t\t\t\t<div class=\"elementor-spacer\">\n\t\t\t<div class=\"elementor-spacer-inner\"><\/div>\n\t\t<\/div>\n\t\t\t\t\t\t<\/div>\n\t\t\t\t<\/div>\n\t\t\t\t<div class=\"elementor-element elementor-element-1c1eb75 elementor-widget-tablet__width-initial elementor-widget elementor-widget-text-editor\" data-id=\"1c1eb75\" data-element_type=\"widget\" data-e-type=\"widget\" data-widget_type=\"text-editor.default\">\n\t\t\t\t<div class=\"elementor-widget-container\">\n\t\t\t\t\t\t\t\t\t<p>EQUISIL BV est une entreprise internationale bas\u00e9e en Belgique, fond\u00e9e par des professionnels \u00e9questres et des sp\u00e9cialistes en recherche et d\u00e9veloppement exp\u00e9riment\u00e9s.<\/p>\t\t\t\t\t\t\t\t<\/div>\n\t\t\t\t<\/div>\n\t\t\t\t<div class=\"elementor-element elementor-element-d33658e elementor-widget elementor-widget-heading\" data-id=\"d33658e\" data-element_type=\"widget\" data-e-type=\"widget\" data-widget_type=\"heading.default\">\n\t\t\t\t<div class=\"elementor-widget-container\">\n\t\t\t\t\t<h6 class=\"elementor-heading-title elementor-size-default\">Ce que nous faisons<\/h6>\t\t\t\t<\/div>\n\t\t\t\t<\/div>\n\t\t\t\t<div class=\"elementor-element elementor-element-beb846d elementor-widget-tablet__width-initial elementor-widget elementor-widget-text-editor\" data-id=\"beb846d\" data-element_type=\"widget\" data-e-type=\"widget\" data-widget_type=\"text-editor.default\">\n\t\t\t\t<div class=\"elementor-widget-container\">\n\t\t\t\t\t\t\t\t\t<p> <\/p><p>EQUISIL\u00ae est un traitement antimicrobien \u00e0 large spectre con\u00e7u pour les installations \u00e9questres, y compris les haras, les h\u00f4pitaux v\u00e9t\u00e9rinaires, les centres de reproduction, les \u00e9curies de saut d&#8217;obstacles, les \u00e9curies de course, les v\u00e9hicules de transport, les textiles et les produits en cuir. Notre objectif principal est de pr\u00e9venir la propagation des maladies de mani\u00e8re \u00e9cologique en \u00e9radiquant les bact\u00e9ries, les spores, les levures, les champignons et les virus par une approche physique et m\u00e9canique plut\u00f4t que par l&#8217;utilisation de produits chimiques ou d&#8217;agents toxiques. <\/p><p> <\/p>\t\t\t\t\t\t\t\t<\/div>\n\t\t\t\t<\/div>\n\t\t\t\t<div class=\"elementor-element elementor-element-d948a27 elementor-widget elementor-widget-heading\" data-id=\"d948a27\" data-element_type=\"widget\" data-e-type=\"widget\" data-widget_type=\"heading.default\">\n\t\t\t\t<div class=\"elementor-widget-container\">\n\t\t\t\t\t<h6 class=\"elementor-heading-title elementor-size-default\">Notre mission et vision<\/h6>\t\t\t\t<\/div>\n\t\t\t\t<\/div>\n\t\t\t\t<div class=\"elementor-element elementor-element-78f6533 elementor-widget-tablet__width-initial elementor-widget elementor-widget-text-editor\" data-id=\"78f6533\" data-element_type=\"widget\" data-e-type=\"widget\" data-widget_type=\"text-editor.default\">\n\t\t\t\t<div class=\"elementor-widget-container\">\n\t\t\t\t\t\t\t\t\t<p> <\/p><p>Notre mission est d&#8217;offrir des soins exceptionnels et compatissants pour les chevaux, en priorisant leur sant\u00e9, leur bien-\u00eatre et leurs performances, gr\u00e2ce \u00e0 des services personnalis\u00e9s et complets. Nous sommes d\u00e9di\u00e9s \u00e0 la protection de vos compagnons les plus pr\u00e9cieux, en veillant \u00e0 ce que vos chevaux soient log\u00e9s dans des conditions s\u00fbres et hygi\u00e9niques. <\/p><p> <\/p>\t\t\t\t\t\t\t\t<\/div>\n\t\t\t\t<\/div>\n\t\t\t\t<div class=\"elementor-element elementor-element-23ae5c3 elementor-widget elementor-widget-heading\" data-id=\"23ae5c3\" data-element_type=\"widget\" data-e-type=\"widget\" data-widget_type=\"heading.default\">\n\t\t\t\t<div class=\"elementor-widget-container\">\n\t\t\t\t\t<h6 class=\"elementor-heading-title elementor-size-default\">Biosecurit\u00e9 : D\u00e9finition<\/h6>\t\t\t\t<\/div>\n\t\t\t\t<\/div>\n\t\t\t\t<div class=\"elementor-element elementor-element-06c856d elementor-widget-tablet__width-initial elementor-widget elementor-widget-text-editor\" data-id=\"06c856d\" data-element_type=\"widget\" data-e-type=\"widget\" data-widget_type=\"text-editor.default\">\n\t\t\t\t<div class=\"elementor-widget-container\">\n\t\t\t\t\t\t\t\t\t<p> <\/p><p>La biosecurit\u00e9 regroupe un ensemble de mesures pr\u00e9ventives visant \u00e0 prot\u00e9ger contre:<\/p><ul><li>The introduction of infectious diseases in equestrian centers, stud farms, veterinary hospitals, reproduction centers, show jumping stables, and racing stables.<\/li><li>La contamination crois\u00e9e entre chevaux.<\/li><li>Les \u00e9pid\u00e9mies parmi les animaux d\u2019\u00e9levage.<\/li><\/ul><p>Les mesures de biosecurit\u00e9 sont prises pour pr\u00e9venir l\u2019entr\u00e9e, la propagation et la transmission de maladies infectieuses, de parasites ou d\u2019organismes nuisibles dans divers environnements, y compris les fermes, laboratoires, \u00e9tablissements de sant\u00e9 et habitats naturels. Cela implique la mise en place d\u2019une gamme de pratiques, de protocoles et de proc\u00e9dures visant \u00e0 minimiser les risques pour prot\u00e9ger la sant\u00e9 des animaux, des plantes, des humains et de l\u2019environnement dans son ensemble.  <\/p><p> <\/p>\t\t\t\t\t\t\t\t<\/div>\n\t\t\t\t<\/div>\n\t\t\t\t<div class=\"elementor-element elementor-element-521b7bc elementor-widget elementor-widget-spacer\" data-id=\"521b7bc\" data-element_type=\"widget\" data-e-type=\"widget\" data-widget_type=\"spacer.default\">\n\t\t\t\t<div class=\"elementor-widget-container\">\n\t\t\t\t\t\t\t<div class=\"elementor-spacer\">\n\t\t\t<div class=\"elementor-spacer-inner\"><\/div>\n\t\t<\/div>\n\t\t\t\t\t\t<\/div>\n\t\t\t\t<\/div>\n\t\t\t\t<div class=\"elementor-element elementor-element-2e2366c elementor-widget elementor-widget-spacer\" data-id=\"2e2366c\" data-element_type=\"widget\" data-e-type=\"widget\" data-widget_type=\"spacer.default\">\n\t\t\t\t<div class=\"elementor-widget-container\">\n\t\t\t\t\t\t\t<div class=\"elementor-spacer\">\n\t\t\t<div class=\"elementor-spacer-inner\"><\/div>\n\t\t<\/div>\n\t\t\t\t\t\t<\/div>\n\t\t\t\t<\/div>\n\t\t\t\t<\/div>\n\t\t\t\t\t<\/div>\n\t\t\t\t<\/div>\n\t\t\t\t<\/div>\n\t\t","protected":false},"excerpt":{"rendered":"<p>D\u00e9velopp\u00e9 pour le bien-\u00eatre de votre cheval Equisil s&#8217;engage \u00e0 assurer le bien-\u00eatre des chevaux et de leurs habitats. Nous int\u00e9grons des technologies de pointe \u00e0 base de silicone et antimicrobiennes pour garantir des conditions d\u2019hygi\u00e8ne optimales pour vos compagnons \u00e9quins. Ensemble, donnons la priorit\u00e9 \u00e0 la sant\u00e9 et au bien-\u00eatre des chevaux et des [&hellip;]<\/p>\n","protected":false},"author":1,"featured_media":6699,"parent":0,"menu_order":0,"comment_status":"closed","ping_status":"closed","template":"","meta":{"footnotes":""},"class_list":["post-6719","page","type-page","status-publish","has-post-thumbnail","hentry"],"yoast_head":"<!-- This site is optimized with the Yoast SEO plugin v27.3 - https:\/\/yoast.com\/product\/yoast-seo-wordpress\/ -->\n<title>A Propos - Equisil a new equestrian revelation<\/title>\n<meta name=\"description\" content=\"a propos d&#039;Equisil - pour le bien-\u00eatre de votre cheval!\" \/>\n<meta name=\"robots\" content=\"index, follow, max-snippet:-1, max-image-preview:large, max-video-preview:-1\" \/>\n<link rel=\"canonical\" href=\"https:\/\/equisil.com\/fr\/qui-sommes-nous\/\" \/>\n<meta property=\"og:locale\" content=\"fr_FR\" \/>\n<meta property=\"og:type\" content=\"article\" \/>\n<meta property=\"og:title\" content=\"A Propos - Equisil a new equestrian revelation\" \/>\n<meta property=\"og:description\" content=\"a propos d&#039;Equisil - pour le bien-\u00eatre de votre cheval!\" \/>\n<meta property=\"og:url\" content=\"https:\/\/equisil.com\/fr\/qui-sommes-nous\/\" \/>\n<meta property=\"og:site_name\" content=\"Equisil a new equestrian revelation\" \/>\n<meta property=\"article:modified_time\" content=\"2025-02-19T13:47:36+00:00\" \/>\n<meta property=\"og:image\" content=\"https:\/\/equisil.com\/wp-content\/uploads\/2024\/09\/pony-stock-springen-jumping-mechelen.png\" \/>\n\t<meta property=\"og:image:width\" content=\"1225\" \/>\n\t<meta property=\"og:image:height\" content=\"2018\" \/>\n\t<meta property=\"og:image:type\" content=\"image\/png\" \/>\n<meta name=\"twitter:card\" content=\"summary_large_image\" \/>\n<meta name=\"twitter:label1\" content=\"Dur\u00e9e de lecture estim\u00e9e\" \/>\n\t<meta name=\"twitter:data1\" content=\"2 minutes\" \/>\n<script type=\"application\/ld+json\" class=\"yoast-schema-graph\">{\"@context\":\"https:\\\/\\\/schema.org\",\"@graph\":[{\"@type\":\"WebPage\",\"@id\":\"https:\\\/\\\/equisil.com\\\/fr\\\/qui-sommes-nous\\\/\",\"url\":\"https:\\\/\\\/equisil.com\\\/fr\\\/qui-sommes-nous\\\/\",\"name\":\"A Propos - Equisil a new equestrian revelation\",\"isPartOf\":{\"@id\":\"https:\\\/\\\/equisil.com\\\/#website\"},\"primaryImageOfPage\":{\"@id\":\"https:\\\/\\\/equisil.com\\\/fr\\\/qui-sommes-nous\\\/#primaryimage\"},\"image\":{\"@id\":\"https:\\\/\\\/equisil.com\\\/fr\\\/qui-sommes-nous\\\/#primaryimage\"},\"thumbnailUrl\":\"https:\\\/\\\/equisil.com\\\/wp-content\\\/uploads\\\/2024\\\/09\\\/pony-stock-springen-jumping-mechelen.png\",\"datePublished\":\"2022-11-04T13:36:36+00:00\",\"dateModified\":\"2025-02-19T13:47:36+00:00\",\"description\":\"a propos d'Equisil - pour le bien-\u00eatre de votre cheval!\",\"breadcrumb\":{\"@id\":\"https:\\\/\\\/equisil.com\\\/fr\\\/qui-sommes-nous\\\/#breadcrumb\"},\"inLanguage\":\"fr-FR\",\"potentialAction\":[{\"@type\":\"ReadAction\",\"target\":[\"https:\\\/\\\/equisil.com\\\/fr\\\/qui-sommes-nous\\\/\"]}]},{\"@type\":\"ImageObject\",\"inLanguage\":\"fr-FR\",\"@id\":\"https:\\\/\\\/equisil.com\\\/fr\\\/qui-sommes-nous\\\/#primaryimage\",\"url\":\"https:\\\/\\\/equisil.com\\\/wp-content\\\/uploads\\\/2024\\\/09\\\/pony-stock-springen-jumping-mechelen.png\",\"contentUrl\":\"https:\\\/\\\/equisil.com\\\/wp-content\\\/uploads\\\/2024\\\/09\\\/pony-stock-springen-jumping-mechelen.png\",\"width\":1225,\"height\":2018},{\"@type\":\"BreadcrumbList\",\"@id\":\"https:\\\/\\\/equisil.com\\\/fr\\\/qui-sommes-nous\\\/#breadcrumb\",\"itemListElement\":[{\"@type\":\"ListItem\",\"position\":1,\"name\":\"Home\",\"item\":\"https:\\\/\\\/equisil.com\\\/fr\\\/\"},{\"@type\":\"ListItem\",\"position\":2,\"name\":\"A Propos\"}]},{\"@type\":\"WebSite\",\"@id\":\"https:\\\/\\\/equisil.com\\\/#website\",\"url\":\"https:\\\/\\\/equisil.com\\\/\",\"name\":\"Equisil a new equestrian revelation\",\"description\":\"PREMIUM QUALITY HORSE SUPPLEMENTS\",\"potentialAction\":[{\"@type\":\"SearchAction\",\"target\":{\"@type\":\"EntryPoint\",\"urlTemplate\":\"https:\\\/\\\/equisil.com\\\/?s={search_term_string}\"},\"query-input\":{\"@type\":\"PropertyValueSpecification\",\"valueRequired\":true,\"valueName\":\"search_term_string\"}}],\"inLanguage\":\"fr-FR\"}]}<\/script>\n<!-- \/ Yoast SEO plugin. -->","yoast_head_json":{"title":"A Propos - Equisil a new equestrian revelation","description":"a propos d'Equisil - pour le bien-\u00eatre de votre cheval!","robots":{"index":"index","follow":"follow","max-snippet":"max-snippet:-1","max-image-preview":"max-image-preview:large","max-video-preview":"max-video-preview:-1"},"canonical":"https:\/\/equisil.com\/fr\/qui-sommes-nous\/","og_locale":"fr_FR","og_type":"article","og_title":"A Propos - Equisil a new equestrian revelation","og_description":"a propos d'Equisil - pour le bien-\u00eatre de votre cheval!","og_url":"https:\/\/equisil.com\/fr\/qui-sommes-nous\/","og_site_name":"Equisil a new equestrian revelation","article_modified_time":"2025-02-19T13:47:36+00:00","og_image":[{"width":1225,"height":2018,"url":"https:\/\/equisil.com\/wp-content\/uploads\/2024\/09\/pony-stock-springen-jumping-mechelen.png","type":"image\/png"}],"twitter_card":"summary_large_image","twitter_misc":{"Dur\u00e9e de lecture estim\u00e9e":"2 minutes"},"schema":{"@context":"https:\/\/schema.org","@graph":[{"@type":"WebPage","@id":"https:\/\/equisil.com\/fr\/qui-sommes-nous\/","url":"https:\/\/equisil.com\/fr\/qui-sommes-nous\/","name":"A Propos - Equisil a new equestrian revelation","isPartOf":{"@id":"https:\/\/equisil.com\/#website"},"primaryImageOfPage":{"@id":"https:\/\/equisil.com\/fr\/qui-sommes-nous\/#primaryimage"},"image":{"@id":"https:\/\/equisil.com\/fr\/qui-sommes-nous\/#primaryimage"},"thumbnailUrl":"https:\/\/equisil.com\/wp-content\/uploads\/2024\/09\/pony-stock-springen-jumping-mechelen.png","datePublished":"2022-11-04T13:36:36+00:00","dateModified":"2025-02-19T13:47:36+00:00","description":"a propos d'Equisil - pour le bien-\u00eatre de votre cheval!","breadcrumb":{"@id":"https:\/\/equisil.com\/fr\/qui-sommes-nous\/#breadcrumb"},"inLanguage":"fr-FR","potentialAction":[{"@type":"ReadAction","target":["https:\/\/equisil.com\/fr\/qui-sommes-nous\/"]}]},{"@type":"ImageObject","inLanguage":"fr-FR","@id":"https:\/\/equisil.com\/fr\/qui-sommes-nous\/#primaryimage","url":"https:\/\/equisil.com\/wp-content\/uploads\/2024\/09\/pony-stock-springen-jumping-mechelen.png","contentUrl":"https:\/\/equisil.com\/wp-content\/uploads\/2024\/09\/pony-stock-springen-jumping-mechelen.png","width":1225,"height":2018},{"@type":"BreadcrumbList","@id":"https:\/\/equisil.com\/fr\/qui-sommes-nous\/#breadcrumb","itemListElement":[{"@type":"ListItem","position":1,"name":"Home","item":"https:\/\/equisil.com\/fr\/"},{"@type":"ListItem","position":2,"name":"A Propos"}]},{"@type":"WebSite","@id":"https:\/\/equisil.com\/#website","url":"https:\/\/equisil.com\/","name":"Equisil a new equestrian revelation","description":"PREMIUM QUALITY HORSE SUPPLEMENTS","potentialAction":[{"@type":"SearchAction","target":{"@type":"EntryPoint","urlTemplate":"https:\/\/equisil.com\/?s={search_term_string}"},"query-input":{"@type":"PropertyValueSpecification","valueRequired":true,"valueName":"search_term_string"}}],"inLanguage":"fr-FR"}]}},"_links":{"self":[{"href":"https:\/\/equisil.com\/fr\/wp-json\/wp\/v2\/pages\/6719","targetHints":{"allow":["GET"]}}],"collection":[{"href":"https:\/\/equisil.com\/fr\/wp-json\/wp\/v2\/pages"}],"about":[{"href":"https:\/\/equisil.com\/fr\/wp-json\/wp\/v2\/types\/page"}],"author":[{"embeddable":true,"href":"https:\/\/equisil.com\/fr\/wp-json\/wp\/v2\/users\/1"}],"replies":[{"embeddable":true,"href":"https:\/\/equisil.com\/fr\/wp-json\/wp\/v2\/comments?post=6719"}],"version-history":[{"count":7,"href":"https:\/\/equisil.com\/fr\/wp-json\/wp\/v2\/pages\/6719\/revisions"}],"predecessor-version":[{"id":6798,"href":"https:\/\/equisil.com\/fr\/wp-json\/wp\/v2\/pages\/6719\/revisions\/6798"}],"wp:featuredmedia":[{"embeddable":true,"href":"https:\/\/equisil.com\/fr\/wp-json\/wp\/v2\/media\/6699"}],"wp:attachment":[{"href":"https:\/\/equisil.com\/fr\/wp-json\/wp\/v2\/media?parent=6719"}],"curies":[{"name":"wp","href":"https:\/\/api.w.org\/{rel}","templated":true}]}}