{"id":6768,"date":"2024-01-08T15:36:05","date_gmt":"2024-01-08T13:36:05","guid":{"rendered":"https:\/\/equisil.com\/product\/entwirrer-fuer-maehne-und-schopf\/"},"modified":"2025-02-19T16:57:25","modified_gmt":"2025-02-19T14:57:25","slug":"entwirrer-fuer-maehne-und-schopf","status":"publish","type":"product","link":"https:\/\/equisil.com\/de\/produkt\/entwirrer-fuer-maehne-und-schopf\/","title":{"rendered":"Entwirrer f\u00fcr M\u00e4hne und Schopf"},"content":{"rendered":"","protected":false},"excerpt":{"rendered":"<p><strong>Langanhaltender M\u00e4hnen- und Schweifentwirrer<\/strong><\/p>\n<p>Unser fortschrittlicher Entwirrer wurde entwickelt, um die Bildung von Verfilzungen wirksam zu verhindern und das Haar Ihres Pferdes zu st\u00e4rken. Einfach direkt auf M\u00e4hne und Schweif spr\u00fchen, um den durch Verfilzungen verursachten Widerstand zu reduzieren. <\/p>\n<p><strong>Wichtigste Vorteile:<\/strong><\/p>\n<ul>\n<li><strong>Glanz und Schimmer:<\/strong> Verbessert das Aussehen von M\u00e4hne und Schweif Ihres Pferdes mit einem brillanten Glanz.<\/li>\n<li><strong>St\u00e4rkt das Haar:<\/strong> Kr\u00e4ftigt das Haar und f\u00f6rdert gesundes Wachstum und Widerstandsf\u00e4higkeit.<\/li>\n<li><strong>Langanhaltender Conditioner:<\/strong> Bietet eine lang anhaltende Pflege f\u00fcr Fell, M\u00e4hne und Schweif.<\/li>\n<li><strong>Schutz vor Verschmutzung:<\/strong> Bietet eine Schutzbarriere gegen Schmutz und h\u00e4lt das Fell Ihres Pferdes l\u00e4nger sauber.<\/li>\n<\/ul>\n<p><strong>Technologie:<\/strong><\/p>\n<p>Die innovative Silikontechnologie von Quadsil macht das Haar nicht nur sch\u00f6ner, sondern sch\u00fctzt es auch und macht die Pflege einfacher und effektiver.<\/p>\n","protected":false},"featured_media":6774,"template":"","meta":[],"product_brand":[],"product_cat":[717],"product_tag":[],"class_list":{"0":"post-6768","1":"product","2":"type-product","3":"status-publish","4":"has-post-thumbnail","6":"product_cat-fur-ihr-pferd","8":"first","9":"instock","10":"taxable","11":"shipping-taxable","12":"purchasable","13":"product-type-variable"},"yoast_head":"<!-- This site is optimized with the Yoast SEO plugin v27.3 - https:\/\/yoast.com\/product\/yoast-seo-wordpress\/ -->\n<title>Entwirrer f\u00fcr M\u00e4hne und Schopf - Equisil a new equestrian revelation<\/title>\n<meta name=\"robots\" content=\"index, follow, max-snippet:-1, max-image-preview:large, max-video-preview:-1\" \/>\n<link rel=\"canonical\" href=\"https:\/\/equisil.com\/de\/produkt\/entwirrer-fuer-maehne-und-schopf\/\" \/>\n<meta property=\"og:locale\" content=\"de_DE\" \/>\n<meta property=\"og:type\" content=\"article\" \/>\n<meta property=\"og:title\" content=\"Entwirrer f\u00fcr M\u00e4hne und Schopf - Equisil a new equestrian revelation\" \/>\n<meta property=\"og:description\" content=\"Langanhaltender M\u00e4hnen- und Schweifentwirrer Unser fortschrittlicher Entwirrer wurde entwickelt, um die Bildung von Verfilzungen wirksam zu verhindern und das Haar Ihres Pferdes zu st\u00e4rken. Einfach direkt auf M\u00e4hne und Schweif spr\u00fchen, um den durch Verfilzungen verursachten Widerstand zu reduzieren.  Wichtigste Vorteile:  Glanz und Schimmer: Verbessert das Aussehen von M\u00e4hne und Schweif Ihres Pferdes mit einem brillanten Glanz.  St\u00e4rkt das Haar: Kr\u00e4ftigt das Haar und f\u00f6rdert gesundes Wachstum und Widerstandsf\u00e4higkeit.  Langanhaltender Conditioner: Bietet eine lang anhaltende Pflege f\u00fcr Fell, M\u00e4hne und Schweif.  Schutz vor Verschmutzung: Bietet eine Schutzbarriere gegen Schmutz und h\u00e4lt das Fell Ihres Pferdes l\u00e4nger sauber. Technologie: Die innovative Silikontechnologie von Quadsil macht das Haar nicht nur sch\u00f6ner, sondern sch\u00fctzt es auch und macht die Pflege einfacher und effektiver.\" \/>\n<meta property=\"og:url\" content=\"https:\/\/equisil.com\/de\/produkt\/entwirrer-fuer-maehne-und-schopf\/\" \/>\n<meta property=\"og:site_name\" content=\"Equisil a new equestrian revelation\" \/>\n<meta property=\"article:modified_time\" content=\"2025-02-19T14:57:25+00:00\" \/>\n<meta property=\"og:image\" content=\"https:\/\/equisil.com\/wp-content\/uploads\/2024\/01\/equisil_mane.png\" \/>\n\t<meta property=\"og:image:width\" content=\"1200\" \/>\n\t<meta property=\"og:image:height\" content=\"1200\" \/>\n\t<meta property=\"og:image:type\" content=\"image\/png\" \/>\n<meta name=\"twitter:card\" content=\"summary_large_image\" \/>\n<script type=\"application\/ld+json\" class=\"yoast-schema-graph\">{\"@context\":\"https:\\\/\\\/schema.org\",\"@graph\":[{\"@type\":\"WebPage\",\"@id\":\"https:\\\/\\\/equisil.com\\\/de\\\/produkt\\\/entwirrer-fuer-maehne-und-schopf\\\/\",\"url\":\"https:\\\/\\\/equisil.com\\\/de\\\/produkt\\\/entwirrer-fuer-maehne-und-schopf\\\/\",\"name\":\"Entwirrer f\u00fcr M\u00e4hne und Schopf - Equisil a new equestrian revelation\",\"isPartOf\":{\"@id\":\"https:\\\/\\\/equisil.com\\\/#website\"},\"primaryImageOfPage\":{\"@id\":\"https:\\\/\\\/equisil.com\\\/de\\\/produkt\\\/entwirrer-fuer-maehne-und-schopf\\\/#primaryimage\"},\"image\":{\"@id\":\"https:\\\/\\\/equisil.com\\\/de\\\/produkt\\\/entwirrer-fuer-maehne-und-schopf\\\/#primaryimage\"},\"thumbnailUrl\":\"https:\\\/\\\/equisil.com\\\/wp-content\\\/uploads\\\/2024\\\/01\\\/equisil_mane.png\",\"datePublished\":\"2024-01-08T13:36:05+00:00\",\"dateModified\":\"2025-02-19T14:57:25+00:00\",\"breadcrumb\":{\"@id\":\"https:\\\/\\\/equisil.com\\\/de\\\/produkt\\\/entwirrer-fuer-maehne-und-schopf\\\/#breadcrumb\"},\"inLanguage\":\"de\",\"potentialAction\":[{\"@type\":\"ReadAction\",\"target\":[\"https:\\\/\\\/equisil.com\\\/de\\\/produkt\\\/entwirrer-fuer-maehne-und-schopf\\\/\"]}]},{\"@type\":\"ImageObject\",\"inLanguage\":\"de\",\"@id\":\"https:\\\/\\\/equisil.com\\\/de\\\/produkt\\\/entwirrer-fuer-maehne-und-schopf\\\/#primaryimage\",\"url\":\"https:\\\/\\\/equisil.com\\\/wp-content\\\/uploads\\\/2024\\\/01\\\/equisil_mane.png\",\"contentUrl\":\"https:\\\/\\\/equisil.com\\\/wp-content\\\/uploads\\\/2024\\\/01\\\/equisil_mane.png\",\"width\":1200,\"height\":1200},{\"@type\":\"BreadcrumbList\",\"@id\":\"https:\\\/\\\/equisil.com\\\/de\\\/produkt\\\/entwirrer-fuer-maehne-und-schopf\\\/#breadcrumb\",\"itemListElement\":[{\"@type\":\"ListItem\",\"position\":1,\"name\":\"Home\",\"item\":\"https:\\\/\\\/equisil.com\\\/de\\\/\"},{\"@type\":\"ListItem\",\"position\":2,\"name\":\"Shop\",\"item\":\"https:\\\/\\\/equisil.com\\\/de\\\/shop\\\/\"},{\"@type\":\"ListItem\",\"position\":3,\"name\":\"Entwirrer f\u00fcr M\u00e4hne und Schopf\"}]},{\"@type\":\"WebSite\",\"@id\":\"https:\\\/\\\/equisil.com\\\/#website\",\"url\":\"https:\\\/\\\/equisil.com\\\/\",\"name\":\"Equisil a new equestrian revelation\",\"description\":\"PREMIUM QUALITY HORSE SUPPLEMENTS\",\"potentialAction\":[{\"@type\":\"SearchAction\",\"target\":{\"@type\":\"EntryPoint\",\"urlTemplate\":\"https:\\\/\\\/equisil.com\\\/?s={search_term_string}\"},\"query-input\":{\"@type\":\"PropertyValueSpecification\",\"valueRequired\":true,\"valueName\":\"search_term_string\"}}],\"inLanguage\":\"de\"}]}<\/script>\n<!-- \/ Yoast SEO plugin. -->","yoast_head_json":{"title":"Entwirrer f\u00fcr M\u00e4hne und Schopf - Equisil a new equestrian revelation","robots":{"index":"index","follow":"follow","max-snippet":"max-snippet:-1","max-image-preview":"max-image-preview:large","max-video-preview":"max-video-preview:-1"},"canonical":"https:\/\/equisil.com\/de\/produkt\/entwirrer-fuer-maehne-und-schopf\/","og_locale":"de_DE","og_type":"article","og_title":"Entwirrer f\u00fcr M\u00e4hne und Schopf - Equisil a new equestrian revelation","og_description":"Langanhaltender M\u00e4hnen- und Schweifentwirrer Unser fortschrittlicher Entwirrer wurde entwickelt, um die Bildung von Verfilzungen wirksam zu verhindern und das Haar Ihres Pferdes zu st\u00e4rken. Einfach direkt auf M\u00e4hne und Schweif spr\u00fchen, um den durch Verfilzungen verursachten Widerstand zu reduzieren.  Wichtigste Vorteile:  Glanz und Schimmer: Verbessert das Aussehen von M\u00e4hne und Schweif Ihres Pferdes mit einem brillanten Glanz.  St\u00e4rkt das Haar: Kr\u00e4ftigt das Haar und f\u00f6rdert gesundes Wachstum und Widerstandsf\u00e4higkeit.  Langanhaltender Conditioner: Bietet eine lang anhaltende Pflege f\u00fcr Fell, M\u00e4hne und Schweif.  Schutz vor Verschmutzung: Bietet eine Schutzbarriere gegen Schmutz und h\u00e4lt das Fell Ihres Pferdes l\u00e4nger sauber. Technologie: Die innovative Silikontechnologie von Quadsil macht das Haar nicht nur sch\u00f6ner, sondern sch\u00fctzt es auch und macht die Pflege einfacher und effektiver.","og_url":"https:\/\/equisil.com\/de\/produkt\/entwirrer-fuer-maehne-und-schopf\/","og_site_name":"Equisil a new equestrian revelation","article_modified_time":"2025-02-19T14:57:25+00:00","og_image":[{"width":1200,"height":1200,"url":"https:\/\/equisil.com\/wp-content\/uploads\/2024\/01\/equisil_mane.png","type":"image\/png"}],"twitter_card":"summary_large_image","schema":{"@context":"https:\/\/schema.org","@graph":[{"@type":"WebPage","@id":"https:\/\/equisil.com\/de\/produkt\/entwirrer-fuer-maehne-und-schopf\/","url":"https:\/\/equisil.com\/de\/produkt\/entwirrer-fuer-maehne-und-schopf\/","name":"Entwirrer f\u00fcr M\u00e4hne und Schopf - Equisil a new equestrian revelation","isPartOf":{"@id":"https:\/\/equisil.com\/#website"},"primaryImageOfPage":{"@id":"https:\/\/equisil.com\/de\/produkt\/entwirrer-fuer-maehne-und-schopf\/#primaryimage"},"image":{"@id":"https:\/\/equisil.com\/de\/produkt\/entwirrer-fuer-maehne-und-schopf\/#primaryimage"},"thumbnailUrl":"https:\/\/equisil.com\/wp-content\/uploads\/2024\/01\/equisil_mane.png","datePublished":"2024-01-08T13:36:05+00:00","dateModified":"2025-02-19T14:57:25+00:00","breadcrumb":{"@id":"https:\/\/equisil.com\/de\/produkt\/entwirrer-fuer-maehne-und-schopf\/#breadcrumb"},"inLanguage":"de","potentialAction":[{"@type":"ReadAction","target":["https:\/\/equisil.com\/de\/produkt\/entwirrer-fuer-maehne-und-schopf\/"]}]},{"@type":"ImageObject","inLanguage":"de","@id":"https:\/\/equisil.com\/de\/produkt\/entwirrer-fuer-maehne-und-schopf\/#primaryimage","url":"https:\/\/equisil.com\/wp-content\/uploads\/2024\/01\/equisil_mane.png","contentUrl":"https:\/\/equisil.com\/wp-content\/uploads\/2024\/01\/equisil_mane.png","width":1200,"height":1200},{"@type":"BreadcrumbList","@id":"https:\/\/equisil.com\/de\/produkt\/entwirrer-fuer-maehne-und-schopf\/#breadcrumb","itemListElement":[{"@type":"ListItem","position":1,"name":"Home","item":"https:\/\/equisil.com\/de\/"},{"@type":"ListItem","position":2,"name":"Shop","item":"https:\/\/equisil.com\/de\/shop\/"},{"@type":"ListItem","position":3,"name":"Entwirrer f\u00fcr M\u00e4hne und Schopf"}]},{"@type":"WebSite","@id":"https:\/\/equisil.com\/#website","url":"https:\/\/equisil.com\/","name":"Equisil a new equestrian revelation","description":"PREMIUM QUALITY HORSE SUPPLEMENTS","potentialAction":[{"@type":"SearchAction","target":{"@type":"EntryPoint","urlTemplate":"https:\/\/equisil.com\/?s={search_term_string}"},"query-input":{"@type":"PropertyValueSpecification","valueRequired":true,"valueName":"search_term_string"}}],"inLanguage":"de"}]}},"_links":{"self":[{"href":"https:\/\/equisil.com\/de\/wp-json\/wp\/v2\/product\/6768","targetHints":{"allow":["GET"]}}],"collection":[{"href":"https:\/\/equisil.com\/de\/wp-json\/wp\/v2\/product"}],"about":[{"href":"https:\/\/equisil.com\/de\/wp-json\/wp\/v2\/types\/product"}],"wp:featuredmedia":[{"embeddable":true,"href":"https:\/\/equisil.com\/de\/wp-json\/wp\/v2\/media\/6774"}],"wp:attachment":[{"href":"https:\/\/equisil.com\/de\/wp-json\/wp\/v2\/media?parent=6768"}],"wp:term":[{"taxonomy":"product_brand","embeddable":true,"href":"https:\/\/equisil.com\/de\/wp-json\/wp\/v2\/product_brand?post=6768"},{"taxonomy":"product_cat","embeddable":true,"href":"https:\/\/equisil.com\/de\/wp-json\/wp\/v2\/product_cat?post=6768"},{"taxonomy":"product_tag","embeddable":true,"href":"https:\/\/equisil.com\/de\/wp-json\/wp\/v2\/product_tag?post=6768"}],"curies":[{"name":"wp","href":"https:\/\/api.w.org\/{rel}","templated":true}]}}