{"id":6761,"date":"2024-09-21T18:12:23","date_gmt":"2024-09-21T16:12:23","guid":{"rendered":"https:\/\/equisil.com\/product\/behandlung-von-stoffen-und-leder\/"},"modified":"2025-02-19T16:59:03","modified_gmt":"2025-02-19T14:59:03","slug":"behandlung-von-stoffen-und-leder","status":"publish","type":"product","link":"https:\/\/equisil.com\/de\/produkt\/behandlung-von-stoffen-und-leder\/","title":{"rendered":"Behandlung von Stoffen und Leder"},"content":{"rendered":"","protected":false},"excerpt":{"rendered":"<p><strong>Sorgen Sie f\u00fcr saubere Stoffe und Leder f\u00fcr Ihr Pferd<\/strong><\/p>\n<p>Sch\u00fctzen Sie die Ausr\u00fcstung Ihres Pferdes mit unserer antimikrobiellen L\u00f6sung, die das Anhaften von Bakterien an Stoffen und Ledermaterialien verhindert.<\/p>\n<p><strong>Wesentliche Merkmale:<\/strong><\/p>\n<ul>\n<li><strong>Antimikrobielle Beschichtung:<\/strong> Bietet einen wirksamen Schutz f\u00fcr Lederoberfl\u00e4chen.<\/li>\n<li><strong>Geruchsvorbeugung:<\/strong> Hilft, unangenehme Ger\u00fcche zu beseitigen.<\/li>\n<li><strong>Keine Fleckenbildung oder Verdunkelung:<\/strong> Das urspr\u00fcngliche Aussehen des Materials bleibt erhalten.<\/li>\n<li><strong>Langfristiger Schutz:<\/strong> Sch\u00fctzt vor Wiederbewuchs und zuk\u00fcnftiger Verunreinigung.<\/li>\n<\/ul>\n<p><strong>Anweisungen zur Bewerbung:<\/strong><\/p>\n<ol>\n<li>Spr\u00fchen Sie das Produkt, bis die Oberfl\u00e4che ges\u00e4ttigt und gleichm\u00e4\u00dfig bedeckt ist.<\/li>\n<li>Lassen Sie das Material vollst\u00e4ndig trocknen.<\/li>\n<li>Um optimale Ergebnisse zu erzielen, verwenden Sie es nach der Anwendung von EQUISIL Leather Cleaner.<\/li>\n<\/ol>\n<p>Dieses Produkt ist mit der innovativen Quadsil-Silikontechnologie formuliert, um einen hervorragenden Schutz und Sauberkeit f\u00fcr die Ausr\u00fcstung Ihres Pferdes zu gew\u00e4hrleisten.<\/p>\n<p>&nbsp;<\/p>\n","protected":false},"featured_media":6762,"template":"","meta":[],"product_brand":[],"product_cat":[718,717],"product_tag":[],"class_list":{"0":"post-6761","1":"product","2":"type-product","3":"status-publish","4":"has-post-thumbnail","6":"product_cat-fur-die-stalle","7":"product_cat-fur-ihr-pferd","9":"first","10":"instock","11":"taxable","12":"shipping-taxable","13":"purchasable","14":"product-type-variable"},"yoast_head":"<!-- This site is optimized with the Yoast SEO plugin v27.3 - https:\/\/yoast.com\/product\/yoast-seo-wordpress\/ -->\n<title>Behandlung von Stoffen und Leder - Equisil a new equestrian revelation<\/title>\n<meta name=\"robots\" content=\"index, follow, max-snippet:-1, max-image-preview:large, max-video-preview:-1\" \/>\n<link rel=\"canonical\" href=\"https:\/\/equisil.com\/de\/produkt\/behandlung-von-stoffen-und-leder\/\" \/>\n<meta property=\"og:locale\" content=\"de_DE\" \/>\n<meta property=\"og:type\" content=\"article\" \/>\n<meta property=\"og:title\" content=\"Behandlung von Stoffen und Leder - Equisil a new equestrian revelation\" \/>\n<meta property=\"og:description\" content=\"Sorgen Sie f\u00fcr saubere Stoffe und Leder f\u00fcr Ihr Pferd Sch\u00fctzen Sie die Ausr\u00fcstung Ihres Pferdes mit unserer antimikrobiellen L\u00f6sung, die das Anhaften von Bakterien an Stoffen und Ledermaterialien verhindert. Wesentliche Merkmale:  Antimikrobielle Beschichtung: Bietet einen wirksamen Schutz f\u00fcr Lederoberfl\u00e4chen.  Geruchsvorbeugung: Hilft, unangenehme Ger\u00fcche zu beseitigen.  Keine Fleckenbildung oder Verdunkelung: Das urspr\u00fcngliche Aussehen des Materials bleibt erhalten.  Langfristiger Schutz: Sch\u00fctzt vor Wiederbewuchs und zuk\u00fcnftiger Verunreinigung. Anweisungen zur Bewerbung:  Spr\u00fchen Sie das Produkt, bis die Oberfl\u00e4che ges\u00e4ttigt und gleichm\u00e4\u00dfig bedeckt ist.  Lassen Sie das Material vollst\u00e4ndig trocknen.  Um optimale Ergebnisse zu erzielen, verwenden Sie es nach der Anwendung von EQUISIL Leather Cleaner. Dieses Produkt ist mit der innovativen Quadsil-Silikontechnologie formuliert, um einen hervorragenden Schutz und Sauberkeit f\u00fcr die Ausr\u00fcstung Ihres Pferdes zu gew\u00e4hrleisten. &nbsp;\" \/>\n<meta property=\"og:url\" content=\"https:\/\/equisil.com\/de\/produkt\/behandlung-von-stoffen-und-leder\/\" \/>\n<meta property=\"og:site_name\" content=\"Equisil a new equestrian revelation\" \/>\n<meta property=\"article:modified_time\" content=\"2025-02-19T14:59:03+00:00\" \/>\n<meta property=\"og:image\" content=\"https:\/\/equisil.com\/wp-content\/uploads\/2024\/09\/equisil_fabric_leather.png\" \/>\n\t<meta property=\"og:image:width\" content=\"1200\" \/>\n\t<meta property=\"og:image:height\" content=\"1200\" \/>\n\t<meta property=\"og:image:type\" content=\"image\/png\" \/>\n<meta name=\"twitter:card\" content=\"summary_large_image\" \/>\n<script type=\"application\/ld+json\" class=\"yoast-schema-graph\">{\"@context\":\"https:\\\/\\\/schema.org\",\"@graph\":[{\"@type\":\"WebPage\",\"@id\":\"https:\\\/\\\/equisil.com\\\/de\\\/produkt\\\/behandlung-von-stoffen-und-leder\\\/\",\"url\":\"https:\\\/\\\/equisil.com\\\/de\\\/produkt\\\/behandlung-von-stoffen-und-leder\\\/\",\"name\":\"Behandlung von Stoffen und Leder - Equisil a new equestrian revelation\",\"isPartOf\":{\"@id\":\"https:\\\/\\\/equisil.com\\\/#website\"},\"primaryImageOfPage\":{\"@id\":\"https:\\\/\\\/equisil.com\\\/de\\\/produkt\\\/behandlung-von-stoffen-und-leder\\\/#primaryimage\"},\"image\":{\"@id\":\"https:\\\/\\\/equisil.com\\\/de\\\/produkt\\\/behandlung-von-stoffen-und-leder\\\/#primaryimage\"},\"thumbnailUrl\":\"https:\\\/\\\/equisil.com\\\/wp-content\\\/uploads\\\/2024\\\/09\\\/equisil_fabric_leather.png\",\"datePublished\":\"2024-09-21T16:12:23+00:00\",\"dateModified\":\"2025-02-19T14:59:03+00:00\",\"breadcrumb\":{\"@id\":\"https:\\\/\\\/equisil.com\\\/de\\\/produkt\\\/behandlung-von-stoffen-und-leder\\\/#breadcrumb\"},\"inLanguage\":\"de\",\"potentialAction\":[{\"@type\":\"ReadAction\",\"target\":[\"https:\\\/\\\/equisil.com\\\/de\\\/produkt\\\/behandlung-von-stoffen-und-leder\\\/\"]}]},{\"@type\":\"ImageObject\",\"inLanguage\":\"de\",\"@id\":\"https:\\\/\\\/equisil.com\\\/de\\\/produkt\\\/behandlung-von-stoffen-und-leder\\\/#primaryimage\",\"url\":\"https:\\\/\\\/equisil.com\\\/wp-content\\\/uploads\\\/2024\\\/09\\\/equisil_fabric_leather.png\",\"contentUrl\":\"https:\\\/\\\/equisil.com\\\/wp-content\\\/uploads\\\/2024\\\/09\\\/equisil_fabric_leather.png\",\"width\":1200,\"height\":1200},{\"@type\":\"BreadcrumbList\",\"@id\":\"https:\\\/\\\/equisil.com\\\/de\\\/produkt\\\/behandlung-von-stoffen-und-leder\\\/#breadcrumb\",\"itemListElement\":[{\"@type\":\"ListItem\",\"position\":1,\"name\":\"Home\",\"item\":\"https:\\\/\\\/equisil.com\\\/de\\\/\"},{\"@type\":\"ListItem\",\"position\":2,\"name\":\"Shop\",\"item\":\"https:\\\/\\\/equisil.com\\\/de\\\/shop\\\/\"},{\"@type\":\"ListItem\",\"position\":3,\"name\":\"Behandlung von Stoffen und Leder\"}]},{\"@type\":\"WebSite\",\"@id\":\"https:\\\/\\\/equisil.com\\\/#website\",\"url\":\"https:\\\/\\\/equisil.com\\\/\",\"name\":\"Equisil a new equestrian revelation\",\"description\":\"PREMIUM QUALITY HORSE SUPPLEMENTS\",\"potentialAction\":[{\"@type\":\"SearchAction\",\"target\":{\"@type\":\"EntryPoint\",\"urlTemplate\":\"https:\\\/\\\/equisil.com\\\/?s={search_term_string}\"},\"query-input\":{\"@type\":\"PropertyValueSpecification\",\"valueRequired\":true,\"valueName\":\"search_term_string\"}}],\"inLanguage\":\"de\"}]}<\/script>\n<!-- \/ Yoast SEO plugin. -->","yoast_head_json":{"title":"Behandlung von Stoffen und Leder - Equisil a new equestrian revelation","robots":{"index":"index","follow":"follow","max-snippet":"max-snippet:-1","max-image-preview":"max-image-preview:large","max-video-preview":"max-video-preview:-1"},"canonical":"https:\/\/equisil.com\/de\/produkt\/behandlung-von-stoffen-und-leder\/","og_locale":"de_DE","og_type":"article","og_title":"Behandlung von Stoffen und Leder - Equisil a new equestrian revelation","og_description":"Sorgen Sie f\u00fcr saubere Stoffe und Leder f\u00fcr Ihr Pferd Sch\u00fctzen Sie die Ausr\u00fcstung Ihres Pferdes mit unserer antimikrobiellen L\u00f6sung, die das Anhaften von Bakterien an Stoffen und Ledermaterialien verhindert. Wesentliche Merkmale:  Antimikrobielle Beschichtung: Bietet einen wirksamen Schutz f\u00fcr Lederoberfl\u00e4chen.  Geruchsvorbeugung: Hilft, unangenehme Ger\u00fcche zu beseitigen.  Keine Fleckenbildung oder Verdunkelung: Das urspr\u00fcngliche Aussehen des Materials bleibt erhalten.  Langfristiger Schutz: Sch\u00fctzt vor Wiederbewuchs und zuk\u00fcnftiger Verunreinigung. Anweisungen zur Bewerbung:  Spr\u00fchen Sie das Produkt, bis die Oberfl\u00e4che ges\u00e4ttigt und gleichm\u00e4\u00dfig bedeckt ist.  Lassen Sie das Material vollst\u00e4ndig trocknen.  Um optimale Ergebnisse zu erzielen, verwenden Sie es nach der Anwendung von EQUISIL Leather Cleaner. Dieses Produkt ist mit der innovativen Quadsil-Silikontechnologie formuliert, um einen hervorragenden Schutz und Sauberkeit f\u00fcr die Ausr\u00fcstung Ihres Pferdes zu gew\u00e4hrleisten. &nbsp;","og_url":"https:\/\/equisil.com\/de\/produkt\/behandlung-von-stoffen-und-leder\/","og_site_name":"Equisil a new equestrian revelation","article_modified_time":"2025-02-19T14:59:03+00:00","og_image":[{"width":1200,"height":1200,"url":"https:\/\/equisil.com\/wp-content\/uploads\/2024\/09\/equisil_fabric_leather.png","type":"image\/png"}],"twitter_card":"summary_large_image","schema":{"@context":"https:\/\/schema.org","@graph":[{"@type":"WebPage","@id":"https:\/\/equisil.com\/de\/produkt\/behandlung-von-stoffen-und-leder\/","url":"https:\/\/equisil.com\/de\/produkt\/behandlung-von-stoffen-und-leder\/","name":"Behandlung von Stoffen und Leder - Equisil a new equestrian revelation","isPartOf":{"@id":"https:\/\/equisil.com\/#website"},"primaryImageOfPage":{"@id":"https:\/\/equisil.com\/de\/produkt\/behandlung-von-stoffen-und-leder\/#primaryimage"},"image":{"@id":"https:\/\/equisil.com\/de\/produkt\/behandlung-von-stoffen-und-leder\/#primaryimage"},"thumbnailUrl":"https:\/\/equisil.com\/wp-content\/uploads\/2024\/09\/equisil_fabric_leather.png","datePublished":"2024-09-21T16:12:23+00:00","dateModified":"2025-02-19T14:59:03+00:00","breadcrumb":{"@id":"https:\/\/equisil.com\/de\/produkt\/behandlung-von-stoffen-und-leder\/#breadcrumb"},"inLanguage":"de","potentialAction":[{"@type":"ReadAction","target":["https:\/\/equisil.com\/de\/produkt\/behandlung-von-stoffen-und-leder\/"]}]},{"@type":"ImageObject","inLanguage":"de","@id":"https:\/\/equisil.com\/de\/produkt\/behandlung-von-stoffen-und-leder\/#primaryimage","url":"https:\/\/equisil.com\/wp-content\/uploads\/2024\/09\/equisil_fabric_leather.png","contentUrl":"https:\/\/equisil.com\/wp-content\/uploads\/2024\/09\/equisil_fabric_leather.png","width":1200,"height":1200},{"@type":"BreadcrumbList","@id":"https:\/\/equisil.com\/de\/produkt\/behandlung-von-stoffen-und-leder\/#breadcrumb","itemListElement":[{"@type":"ListItem","position":1,"name":"Home","item":"https:\/\/equisil.com\/de\/"},{"@type":"ListItem","position":2,"name":"Shop","item":"https:\/\/equisil.com\/de\/shop\/"},{"@type":"ListItem","position":3,"name":"Behandlung von Stoffen und Leder"}]},{"@type":"WebSite","@id":"https:\/\/equisil.com\/#website","url":"https:\/\/equisil.com\/","name":"Equisil a new equestrian revelation","description":"PREMIUM QUALITY HORSE SUPPLEMENTS","potentialAction":[{"@type":"SearchAction","target":{"@type":"EntryPoint","urlTemplate":"https:\/\/equisil.com\/?s={search_term_string}"},"query-input":{"@type":"PropertyValueSpecification","valueRequired":true,"valueName":"search_term_string"}}],"inLanguage":"de"}]}},"_links":{"self":[{"href":"https:\/\/equisil.com\/de\/wp-json\/wp\/v2\/product\/6761","targetHints":{"allow":["GET"]}}],"collection":[{"href":"https:\/\/equisil.com\/de\/wp-json\/wp\/v2\/product"}],"about":[{"href":"https:\/\/equisil.com\/de\/wp-json\/wp\/v2\/types\/product"}],"wp:featuredmedia":[{"embeddable":true,"href":"https:\/\/equisil.com\/de\/wp-json\/wp\/v2\/media\/6762"}],"wp:attachment":[{"href":"https:\/\/equisil.com\/de\/wp-json\/wp\/v2\/media?parent=6761"}],"wp:term":[{"taxonomy":"product_brand","embeddable":true,"href":"https:\/\/equisil.com\/de\/wp-json\/wp\/v2\/product_brand?post=6761"},{"taxonomy":"product_cat","embeddable":true,"href":"https:\/\/equisil.com\/de\/wp-json\/wp\/v2\/product_cat?post=6761"},{"taxonomy":"product_tag","embeddable":true,"href":"https:\/\/equisil.com\/de\/wp-json\/wp\/v2\/product_tag?post=6761"}],"curies":[{"name":"wp","href":"https:\/\/api.w.org\/{rel}","templated":true}]}}