{"id":6749,"date":"2024-01-08T16:55:36","date_gmt":"2024-01-08T14:55:36","guid":{"rendered":"https:\/\/equisil.com\/produkte\/"},"modified":"2025-02-19T17:07:57","modified_gmt":"2025-02-19T15:07:57","slug":"produkte","status":"publish","type":"page","link":"https:\/\/equisil.com\/de\/produkte\/","title":{"rendered":"Produkte"},"content":{"rendered":"\t\t<div data-elementor-type=\"wp-page\" data-elementor-id=\"6749\" class=\"elementor elementor-6749 elementor-6522\">\n\t\t\t\t<div class=\"elementor-element elementor-element-31c1268 e-flex e-con-boxed e-con e-parent\" data-id=\"31c1268\" data-element_type=\"container\" data-e-type=\"container\">\n\t\t\t\t\t<div class=\"e-con-inner\">\n\t\t\t\t<div class=\"elementor-element elementor-element-81cb6d1 elementor-widget elementor-widget-text-editor\" data-id=\"81cb6d1\" data-element_type=\"widget\" data-e-type=\"widget\" data-widget_type=\"text-editor.default\">\n\t\t\t\t<div class=\"elementor-widget-container\">\n\t\t\t\t\t\t\t\t\t<p data-sourcepos=\"5:1-5:140\">Entdecken Sie unser breites Sortiment an hochwertigen Produkten f\u00fcr den Stall, die Ihrem Pferd ein sicheres und komfortables Zuhause bieten.<\/p><p data-sourcepos=\"7:1-7:21\"><strong>Erfahren Sie mehr<\/strong><\/p><p data-sourcepos=\"9:1-9:169\">In unserem FAQ-Bereich finden Sie detaillierte Informationen zur Anwendung unserer Produkte und zur Gestaltung eines sicheren und artgerechten Lebensraums f\u00fcr Ihr Pferd.<\/p><p data-sourcepos=\"11:1-11:42\"><strong>F\u00fcr ein gl\u00fcckliches und gesundes Pferd<\/strong><\/p><p data-sourcepos=\"13:1-13:101\">Mit unseren Produkten schaffen Sie eine Umgebung, in der sich Ihr Pferd wohlf\u00fchlt und entfalten kann.<\/p>\t\t\t\t\t\t\t\t<\/div>\n\t\t\t\t<\/div>\n\t\t\t\t<div class=\"elementor-element elementor-element-904cc48 elementor-widget-divider--view-line elementor-widget elementor-widget-divider\" data-id=\"904cc48\" data-element_type=\"widget\" data-e-type=\"widget\" data-widget_type=\"divider.default\">\n\t\t\t\t<div class=\"elementor-widget-container\">\n\t\t\t\t\t\t\t<div class=\"elementor-divider\">\n\t\t\t<span class=\"elementor-divider-separator\">\n\t\t\t\t\t\t<\/span>\n\t\t<\/div>\n\t\t\t\t\t\t<\/div>\n\t\t\t\t<\/div>\n\t\t\t\t\t<\/div>\n\t\t\t\t<\/div>\n\t\t<div class=\"elementor-element elementor-element-e49c69c e-flex e-con-boxed e-con e-parent\" data-id=\"e49c69c\" data-element_type=\"container\" data-e-type=\"container\">\n\t\t\t\t\t<div class=\"e-con-inner\">\n\t\t\t\t<div class=\"elementor-element elementor-element-328b6d5 title-align-left elementor-widget elementor-widget-ts-products\" data-id=\"328b6d5\" data-element_type=\"widget\" data-e-type=\"widget\" data-widget_type=\"ts-products.default\">\n\t\t\t\t<div class=\"elementor-widget-container\">\n\t\t\t\t\t\t\t<div class=\"ts-product-wrapper ts-shortcode ts-product woocommerce columns-4 recent style-default\" >\n\t\t\n\t\t\t\t\t\t<div class=\"content-wrapper \">\n\t\t\t\n\t\t\t\t<div class=\"products\">\r\n\r\n<section class=\"product type-product post-6761 status-publish first instock product_cat-fur-die-stalle product_cat-fur-ihr-pferd has-post-thumbnail taxable shipping-taxable purchasable product-type-variable\" data-product_id=\"6761\">\r\n\t<div class=\"product-wrapper\">\r\n\t\t\t\r\n\t\t<div class=\"thumbnail-wrapper\">\r\n\t\t\t<a href=\"https:\/\/equisil.com\/de\/produkt\/behandlung-von-stoffen-und-leder\/\">\r\n\t\t\t\t<figure class=\"no-back-image\"><img fetchpriority=\"high\" decoding=\"async\" src=\"https:\/\/equisil.com\/wp-content\/themes\/nooni\/images\/prod_loading.gif\" data-src=\"https:\/\/equisil.com\/wp-content\/uploads\/2024\/09\/equisil_fabric_leather-300x300.png\" class=\"attachment-shop_catalog wp-post-image ts-lazy-load\" alt=\"\" width=\"300\" height=\"300\" \/><\/figure>\t\t\t<\/a>\r\n\t\t\t\t\t<div class=\"product-label on-thumbnail\">\n\t\t<\/div>\n\t<div class=\"product-group-button\"><\/div>\t\t<\/div>\r\n\t\t<div class=\"meta-wrapper\">\r\n\t\t\t<h3 class=\"heading-title product-name\"><a href=\"https:\/\/equisil.com\/de\/produkt\/behandlung-von-stoffen-und-leder\/\">Behandlung von Stoffen und Leder<br>(anti-microbial)<\/a><\/h3><h3 class=\"heading-title product-name\"><a href=\"https:\/\/equisil.com\/de\/produkt\/behandlung-von-stoffen-und-leder\/\">Behandlung von Stoffen und Leder<\/a><\/h3><div class=\"product-group-button-meta\"><\/div>\t\t<\/div>\r\n\t<\/div>\r\n<\/section>\r\n<section class=\"product type-product post-6763 status-publish instock product_cat-fur-die-stalle has-post-thumbnail taxable shipping-taxable purchasable product-type-variable\" data-product_id=\"6763\">\r\n\t<div class=\"product-wrapper\">\r\n\t\t\t\r\n\t\t<div class=\"thumbnail-wrapper\">\r\n\t\t\t<a href=\"https:\/\/equisil.com\/de\/produkt\/leder-reiniger\/\">\r\n\t\t\t\t<figure class=\"no-back-image\"><img decoding=\"async\" src=\"https:\/\/equisil.com\/wp-content\/themes\/nooni\/images\/prod_loading.gif\" data-src=\"https:\/\/equisil.com\/wp-content\/uploads\/2024\/09\/equisil_leather-300x300.png\" class=\"attachment-shop_catalog wp-post-image ts-lazy-load\" alt=\"\" width=\"300\" height=\"300\" \/><\/figure>\t\t\t<\/a>\r\n\t\t\t\t\t<div class=\"product-label on-thumbnail\">\n\t\t<\/div>\n\t<div class=\"product-group-button\"><\/div>\t\t<\/div>\r\n\t\t<div class=\"meta-wrapper\">\r\n\t\t\t<h3 class=\"heading-title product-name\"><a href=\"https:\/\/equisil.com\/de\/produkt\/leder-reiniger\/\">Leder-Reiniger<\/a><\/h3><h3 class=\"heading-title product-name\"><a href=\"https:\/\/equisil.com\/de\/produkt\/leder-reiniger\/\">Leder-Reiniger<\/a><\/h3><div class=\"product-group-button-meta\"><\/div>\t\t<\/div>\r\n\t<\/div>\r\n<\/section>\r\n<section class=\"product type-product post-6765 status-publish instock product_cat-fur-die-stalle has-post-thumbnail taxable shipping-taxable purchasable product-type-simple\" data-product_id=\"6765\">\r\n\t<div class=\"product-wrapper\">\r\n\t\t\t\r\n\t\t<div class=\"thumbnail-wrapper\">\r\n\t\t\t<a href=\"https:\/\/equisil.com\/de\/produkt\/behandlung-im-stall\/\">\r\n\t\t\t\t<figure class=\"no-back-image\"><img decoding=\"async\" src=\"https:\/\/equisil.com\/wp-content\/themes\/nooni\/images\/prod_loading.gif\" data-src=\"https:\/\/equisil.com\/wp-content\/uploads\/2024\/01\/equisil_stall-300x300.png\" class=\"attachment-shop_catalog wp-post-image ts-lazy-load\" alt=\"\" width=\"300\" height=\"300\" \/><\/figure>\t\t\t<\/a>\r\n\t\t\t\t\t<div class=\"product-label on-thumbnail\">\n\t\t<\/div>\n\t<div class=\"product-group-button\"><\/div>\t\t<\/div>\r\n\t\t<div class=\"meta-wrapper\">\r\n\t\t\t<h3 class=\"heading-title product-name\"><a href=\"https:\/\/equisil.com\/de\/produkt\/behandlung-im-stall\/\">Behandlung im Stall<br>(anti-microbial)<\/a><\/h3><h3 class=\"heading-title product-name\"><a href=\"https:\/\/equisil.com\/de\/produkt\/behandlung-im-stall\/\">Behandlung im Stall<\/a><\/h3><div class=\"product-group-button-meta\"><\/div>\t\t<\/div>\r\n\t<\/div>\r\n<\/section>\r\n<section class=\"product type-product post-6768 status-publish last instock product_cat-fur-ihr-pferd has-post-thumbnail taxable shipping-taxable purchasable product-type-variable\" data-product_id=\"6768\">\r\n\t<div class=\"product-wrapper\">\r\n\t\t\t\r\n\t\t<div class=\"thumbnail-wrapper\">\r\n\t\t\t<a href=\"https:\/\/equisil.com\/de\/produkt\/entwirrer-fuer-maehne-und-schopf\/\">\r\n\t\t\t\t<figure class=\"no-back-image\"><img loading=\"lazy\" decoding=\"async\" src=\"https:\/\/equisil.com\/wp-content\/themes\/nooni\/images\/prod_loading.gif\" data-src=\"https:\/\/equisil.com\/wp-content\/uploads\/2024\/01\/equisil_mane-300x300.png\" class=\"attachment-shop_catalog wp-post-image ts-lazy-load\" alt=\"\" width=\"300\" height=\"300\" \/><\/figure>\t\t\t<\/a>\r\n\t\t\t\t\t<div class=\"product-label on-thumbnail\">\n\t\t<\/div>\n\t<div class=\"product-group-button\"><\/div>\t\t<\/div>\r\n\t\t<div class=\"meta-wrapper\">\r\n\t\t\t<h3 class=\"heading-title product-name\"><a href=\"https:\/\/equisil.com\/de\/produkt\/entwirrer-fuer-maehne-und-schopf\/\">Entwirrer f\u00fcr M\u00e4hne und Schopf<\/a><\/h3><h3 class=\"heading-title product-name\"><a href=\"https:\/\/equisil.com\/de\/produkt\/entwirrer-fuer-maehne-und-schopf\/\">Entwirrer f\u00fcr M\u00e4hne und Schopf<\/a><\/h3><div class=\"product-group-button-meta\"><\/div>\t\t<\/div>\r\n\t<\/div>\r\n<\/section><\/div>\t\t\t\t\n\t\t\t<\/div>\n\t\t\t\n\t\t\t\t\t\t\n\t\t<\/div>\n\t\t\t\t\t\t<\/div>\n\t\t\t\t<\/div>\n\t\t\t\t\t<\/div>\n\t\t\t\t<\/div>\n\t\t<div class=\"elementor-element elementor-element-01a38f4 e-flex e-con-boxed e-con e-parent\" data-id=\"01a38f4\" data-element_type=\"container\" data-e-type=\"container\" data-settings=\"{&quot;background_background&quot;:&quot;classic&quot;}\">\n\t\t\t\t\t<div class=\"e-con-inner\">\n\t\t\t\t<div class=\"elementor-element elementor-element-e36349d elementor-widget elementor-widget-heading\" data-id=\"e36349d\" data-element_type=\"widget\" data-e-type=\"widget\" data-widget_type=\"heading.default\">\n\t\t\t\t<div class=\"elementor-widget-container\">\n\t\t\t\t\t<h2 class=\"elementor-heading-title elementor-size-default\">FAQ'S<\/h2>\t\t\t\t<\/div>\n\t\t\t\t<\/div>\n\t\t\t\t<div class=\"elementor-element elementor-element-f030379 elementor-widget elementor-widget-accordion\" data-id=\"f030379\" data-element_type=\"widget\" data-e-type=\"widget\" data-widget_type=\"accordion.default\">\n\t\t\t\t<div class=\"elementor-widget-container\">\n\t\t\t\t\t\t\t<div class=\"elementor-accordion\">\n\t\t\t\t\t\t\t<div class=\"elementor-accordion-item\">\n\t\t\t\t\t<div id=\"elementor-tab-title-2511\" class=\"elementor-tab-title\" data-tab=\"1\" role=\"button\" aria-controls=\"elementor-tab-content-2511\" aria-expanded=\"false\">\n\t\t\t\t\t\t\t\t\t\t\t\t\t<span class=\"elementor-accordion-icon elementor-accordion-icon-left\" aria-hidden=\"true\">\n\t\t\t\t\t\t\t\t\t\t\t\t\t\t\t<span class=\"elementor-accordion-icon-closed\"><i class=\"fas fa-plus\"><\/i><\/span>\n\t\t\t\t\t\t\t\t<span class=\"elementor-accordion-icon-opened\"><i class=\"fas fa-minus\"><\/i><\/span>\n\t\t\t\t\t\t\t\t\t\t\t\t\t\t<\/span>\n\t\t\t\t\t\t\t\t\t\t\t\t<a class=\"elementor-accordion-title\" tabindex=\"0\">Warum ist die Verwendung eines antimikrobiellen Sattelreinigers wichtig f\u00fcr die Gesundheit meines Pferdes?<\/a>\n\t\t\t\t\t<\/div>\n\t\t\t\t\t<div id=\"elementor-tab-content-2511\" class=\"elementor-tab-content elementor-clearfix\" data-tab=\"1\" role=\"region\" aria-labelledby=\"elementor-tab-title-2511\"><p>Antimikrobielle Sattelreiniger spielen eine entscheidende Rolle bei der Aufrechterhaltung einer hygienischen Umgebung f\u00fcr Ihr Pferd. Diese Spezialreiniger beseitigen wirksam sch\u00e4dliche Bakterien und Pilze, die zu Hautinfektionen, Atemwegsproblemen und anderen Gesundheitskomplikationen beitragen k\u00f6nnen. Durch die Verwendung eines antimikrobiellen Sattelreinigers vermindern Sie das Risiko der Krankheits\u00fcbertragung und f\u00f6rdern so das allgemeine Wohlbefinden und die Gesundheit Ihres Pferdes.  <\/p>\n<\/div>\n\t\t\t\t<\/div>\n\t\t\t\t\t\t\t<div class=\"elementor-accordion-item\">\n\t\t\t\t\t<div id=\"elementor-tab-title-2512\" class=\"elementor-tab-title\" data-tab=\"2\" role=\"button\" aria-controls=\"elementor-tab-content-2512\" aria-expanded=\"false\">\n\t\t\t\t\t\t\t\t\t\t\t\t\t<span class=\"elementor-accordion-icon elementor-accordion-icon-left\" aria-hidden=\"true\">\n\t\t\t\t\t\t\t\t\t\t\t\t\t\t\t<span class=\"elementor-accordion-icon-closed\"><i class=\"fas fa-plus\"><\/i><\/span>\n\t\t\t\t\t\t\t\t<span class=\"elementor-accordion-icon-opened\"><i class=\"fas fa-minus\"><\/i><\/span>\n\t\t\t\t\t\t\t\t\t\t\t\t\t\t<\/span>\n\t\t\t\t\t\t\t\t\t\t\t\t<a class=\"elementor-accordion-title\" tabindex=\"0\">Was sind die Vorteile der Verwendung von antimikrobiellem Heftreiniger?<\/a>\n\t\t\t\t\t<\/div>\n\t\t\t\t\t<div id=\"elementor-tab-content-2512\" class=\"elementor-tab-content elementor-clearfix\" data-tab=\"2\" role=\"region\" aria-labelledby=\"elementor-tab-title-2512\"><p>Die Verwendung von antimikrobiellem Haftreiniger bietet mehrere wichtige Vorteile, darunter:<\/p>\n<ol>\n<li><strong>Krankheitsvorbeugung:<\/strong> Durch die wirksame Beseitigung sch\u00e4dlicher Mikroben k\u00f6nnen Sie das Risiko von Infektionen bei Ihrem Pferd erheblich verringern.<\/li>\n<li><strong>Verbesserte Hygiene:<\/strong> Antimikrobielle Reinigungsmittel tragen zu einer saubereren und hygienischeren Umgebung bei und f\u00f6rdern die allgemeine Gesundheit Ihres Pferdes.<\/li>\n<li><strong>Verl\u00e4ngerte Lebensdauer des Sattelzeugs:<\/strong> Die regelm\u00e4\u00dfige Anwendung eines antimikrobiellen Reinigers tr\u00e4gt dazu bei, die Lebensdauer Ihres Sattelzeugs zu verl\u00e4ngern, indem die Ansammlung von Schmutz und Dreck verhindert wird.<\/li>\n<\/ol>\n<\/div>\n\t\t\t\t<\/div>\n\t\t\t\t\t\t\t<div class=\"elementor-accordion-item\">\n\t\t\t\t\t<div id=\"elementor-tab-title-2513\" class=\"elementor-tab-title\" data-tab=\"3\" role=\"button\" aria-controls=\"elementor-tab-content-2513\" aria-expanded=\"false\">\n\t\t\t\t\t\t\t\t\t\t\t\t\t<span class=\"elementor-accordion-icon elementor-accordion-icon-left\" aria-hidden=\"true\">\n\t\t\t\t\t\t\t\t\t\t\t\t\t\t\t<span class=\"elementor-accordion-icon-closed\"><i class=\"fas fa-plus\"><\/i><\/span>\n\t\t\t\t\t\t\t\t<span class=\"elementor-accordion-icon-opened\"><i class=\"fas fa-minus\"><\/i><\/span>\n\t\t\t\t\t\t\t\t\t\t\t\t\t\t<\/span>\n\t\t\t\t\t\t\t\t\t\t\t\t<a class=\"elementor-accordion-title\" tabindex=\"0\">Wie oft sollte ich den antimikrobiellen Heftreiniger verwenden?<\/a>\n\t\t\t\t\t<\/div>\n\t\t\t\t\t<div id=\"elementor-tab-content-2513\" class=\"elementor-tab-content elementor-clearfix\" data-tab=\"3\" role=\"region\" aria-labelledby=\"elementor-tab-title-2513\"><p>Die H\u00e4ufigkeit der Reinigung Ihres Sattelzeugs mit einem antimikrobiellen Reiniger h\u00e4ngt vom Aktivit\u00e4tsniveau Ihres Pferdes und den Lagerungsbedingungen des Sattelzeugs ab. Im Allgemeinen wird jedoch empfohlen, Ihr Sattelzeug mindestens einmal pro Woche zu reinigen. Bei Pferden, die besonders anf\u00e4llig f\u00fcr Hautinfektionen oder andere gesundheitliche Probleme sind, kann eine h\u00e4ufigere Reinigung ratsam sein.  <\/p>\n<\/div>\n\t\t\t\t<\/div>\n\t\t\t\t\t\t\t<div class=\"elementor-accordion-item\">\n\t\t\t\t\t<div id=\"elementor-tab-title-2514\" class=\"elementor-tab-title\" data-tab=\"4\" role=\"button\" aria-controls=\"elementor-tab-content-2514\" aria-expanded=\"false\">\n\t\t\t\t\t\t\t\t\t\t\t\t\t<span class=\"elementor-accordion-icon elementor-accordion-icon-left\" aria-hidden=\"true\">\n\t\t\t\t\t\t\t\t\t\t\t\t\t\t\t<span class=\"elementor-accordion-icon-closed\"><i class=\"fas fa-plus\"><\/i><\/span>\n\t\t\t\t\t\t\t\t<span class=\"elementor-accordion-icon-opened\"><i class=\"fas fa-minus\"><\/i><\/span>\n\t\t\t\t\t\t\t\t\t\t\t\t\t\t<\/span>\n\t\t\t\t\t\t\t\t\t\t\t\t<a class=\"elementor-accordion-title\" tabindex=\"0\">Warum ist M\u00e4hnenentfilzer wichtig f\u00fcr die M\u00e4hne meines Pferdes?<\/a>\n\t\t\t\t\t<\/div>\n\t\t\t\t\t<div id=\"elementor-tab-content-2514\" class=\"elementor-tab-content elementor-clearfix\" data-tab=\"4\" role=\"region\" aria-labelledby=\"elementor-tab-title-2514\"><p>Der M\u00e4hnenentfilzer ist ein wichtiges Produkt zur Erhaltung einer gesunden und sch\u00f6nen M\u00e4hne f\u00fcr Ihr Pferd. Es bietet mehrere wichtige Vorteile, darunter: <\/p>\n<ol>\n<li><strong>Verhindert Verfilzungen und Matten:<\/strong> Der M\u00e4hnenentwirrer l\u00f6st Knoten effektiv auf und verhindert Verfilzungen, was die Pflege der M\u00e4hne Ihres Pferdes erleichtert.<\/li>\n<li><strong>Reduziert Haarbruch:<\/strong> Durch sanftes Entwirren der M\u00e4hne wird Haarbruch minimiert und gesundes Haarwachstum gef\u00f6rdert.<\/li>\n<li><strong>Verbesserung des Aussehens:<\/strong> Eine gut gepflegte M\u00e4hne sieht ordentlicher und polierter aus und verbessert das Gesamterscheinungsbild Ihres Pferdes erheblich.<\/li>\n<\/ol>\n<\/div>\n\t\t\t\t<\/div>\n\t\t\t\t\t\t\t<div class=\"elementor-accordion-item\">\n\t\t\t\t\t<div id=\"elementor-tab-title-2515\" class=\"elementor-tab-title\" data-tab=\"5\" role=\"button\" aria-controls=\"elementor-tab-content-2515\" aria-expanded=\"false\">\n\t\t\t\t\t\t\t\t\t\t\t\t\t<span class=\"elementor-accordion-icon elementor-accordion-icon-left\" aria-hidden=\"true\">\n\t\t\t\t\t\t\t\t\t\t\t\t\t\t\t<span class=\"elementor-accordion-icon-closed\"><i class=\"fas fa-plus\"><\/i><\/span>\n\t\t\t\t\t\t\t\t<span class=\"elementor-accordion-icon-opened\"><i class=\"fas fa-minus\"><\/i><\/span>\n\t\t\t\t\t\t\t\t\t\t\t\t\t\t<\/span>\n\t\t\t\t\t\t\t\t\t\t\t\t<a class=\"elementor-accordion-title\" tabindex=\"0\">Was sind die Vorteile der Verwendung eines M\u00e4hnenentwirrers?<\/a>\n\t\t\t\t\t<\/div>\n\t\t\t\t\t<div id=\"elementor-tab-content-2515\" class=\"elementor-tab-content elementor-clearfix\" data-tab=\"5\" role=\"region\" aria-labelledby=\"elementor-tab-title-2515\"><p>Die Verwendung eines M\u00e4hnenentwirrers bietet mehrere wertvolle Vorteile, darunter:<\/p>\n<ol>\n<li><strong>Geringere Pflegezeit:<\/strong> Entwirrte M\u00e4hnen lassen sich wesentlich leichter b\u00fcrsten und stylen, so dass Sie bei der Haarpflege Zeit und M\u00fche sparen k\u00f6nnen.<\/li>\n<li><strong>Erh\u00f6hter Komfort:<\/strong> Verfilzte M\u00e4hnen k\u00f6nnen bei Pferden Unbehagen ausl\u00f6sen. Die Verwendung eines M\u00e4hnenentwirrers lindert dieses Unbehagen und tr\u00e4gt so zum allgemeinen Wohlbefinden Ihres Pferdes bei. <\/li>\n<li><strong>Verbesserte M\u00e4hnengesundheit:<\/strong> Die regelm\u00e4\u00dfige Anwendung eines M\u00e4hnenentwirrers f\u00f6rdert ein gesundes Haarwachstum und hilft, Sch\u00e4den zu vermeiden, so dass die M\u00e4hne in optimalem Zustand bleibt.<\/li>\n<\/ol>\n<\/div>\n\t\t\t\t<\/div>\n\t\t\t\t\t\t\t\t<\/div>\n\t\t\t\t\t\t<\/div>\n\t\t\t\t<\/div>\n\t\t\t\t\t<\/div>\n\t\t\t\t<\/div>\n\t\t\t\t<\/div>\n\t\t","protected":false},"excerpt":{"rendered":"<p>Entdecken Sie unser breites Sortiment an hochwertigen Produkten f\u00fcr den Stall, die Ihrem Pferd ein sicheres und komfortables Zuhause bieten. Erfahren Sie mehr In unserem FAQ-Bereich finden Sie detaillierte Informationen zur Anwendung unserer Produkte und zur Gestaltung eines sicheren und artgerechten Lebensraums f\u00fcr Ihr Pferd. F\u00fcr ein gl\u00fcckliches und gesundes Pferd Mit unseren Produkten schaffen [&hellip;]<\/p>\n","protected":false},"author":1,"featured_media":6743,"parent":0,"menu_order":0,"comment_status":"closed","ping_status":"closed","template":"","meta":{"footnotes":""},"class_list":["post-6749","page","type-page","status-publish","has-post-thumbnail","hentry"],"yoast_head":"<!-- This site is optimized with the Yoast SEO plugin v27.3 - https:\/\/yoast.com\/product\/yoast-seo-wordpress\/ -->\n<title>Produkte - Equisil a new equestrian revelation<\/title>\n<meta name=\"description\" content=\"Entdecken Sie unser breites Sortiment an hochwertigen Produkten f\u00fcr den Stall, die Ihrem Pferd ein sicheres und komfortables Zuhause bieten.\" \/>\n<meta name=\"robots\" content=\"index, follow, max-snippet:-1, max-image-preview:large, max-video-preview:-1\" \/>\n<link rel=\"canonical\" href=\"https:\/\/equisil.com\/de\/produkte\/\" \/>\n<meta property=\"og:locale\" content=\"de_DE\" \/>\n<meta property=\"og:type\" content=\"article\" \/>\n<meta property=\"og:title\" content=\"Produkte - Equisil a new equestrian revelation\" \/>\n<meta property=\"og:description\" content=\"Entdecken Sie unser breites Sortiment an hochwertigen Produkten f\u00fcr den Stall, die Ihrem Pferd ein sicheres und komfortables Zuhause bieten.\" \/>\n<meta property=\"og:url\" content=\"https:\/\/equisil.com\/de\/produkte\/\" \/>\n<meta property=\"og:site_name\" content=\"Equisil a new equestrian revelation\" \/>\n<meta property=\"article:modified_time\" content=\"2025-02-19T15:07:57+00:00\" \/>\n<meta property=\"og:image\" content=\"https:\/\/equisil.com\/wp-content\/uploads\/2024\/09\/pony-stock-springen-jumping-mechelen.png\" \/>\n\t<meta property=\"og:image:width\" content=\"1225\" \/>\n\t<meta property=\"og:image:height\" content=\"2018\" \/>\n\t<meta property=\"og:image:type\" content=\"image\/png\" \/>\n<meta name=\"twitter:card\" content=\"summary_large_image\" \/>\n<meta name=\"twitter:label1\" content=\"Gesch\u00e4tzte Lesezeit\" \/>\n\t<meta name=\"twitter:data1\" content=\"4\u00a0Minuten\" \/>\n<script type=\"application\/ld+json\" class=\"yoast-schema-graph\">{\"@context\":\"https:\\\/\\\/schema.org\",\"@graph\":[{\"@type\":\"WebPage\",\"@id\":\"https:\\\/\\\/equisil.com\\\/de\\\/produkte\\\/\",\"url\":\"https:\\\/\\\/equisil.com\\\/de\\\/produkte\\\/\",\"name\":\"Produkte - Equisil a new equestrian revelation\",\"isPartOf\":{\"@id\":\"https:\\\/\\\/equisil.com\\\/#website\"},\"primaryImageOfPage\":{\"@id\":\"https:\\\/\\\/equisil.com\\\/de\\\/produkte\\\/#primaryimage\"},\"image\":{\"@id\":\"https:\\\/\\\/equisil.com\\\/de\\\/produkte\\\/#primaryimage\"},\"thumbnailUrl\":\"https:\\\/\\\/equisil.com\\\/wp-content\\\/uploads\\\/2024\\\/09\\\/pony-stock-springen-jumping-mechelen.png\",\"datePublished\":\"2024-01-08T14:55:36+00:00\",\"dateModified\":\"2025-02-19T15:07:57+00:00\",\"description\":\"Entdecken Sie unser breites Sortiment an hochwertigen Produkten f\u00fcr den Stall, die Ihrem Pferd ein sicheres und komfortables Zuhause bieten.\",\"breadcrumb\":{\"@id\":\"https:\\\/\\\/equisil.com\\\/de\\\/produkte\\\/#breadcrumb\"},\"inLanguage\":\"de\",\"potentialAction\":[{\"@type\":\"ReadAction\",\"target\":[\"https:\\\/\\\/equisil.com\\\/de\\\/produkte\\\/\"]}]},{\"@type\":\"ImageObject\",\"inLanguage\":\"de\",\"@id\":\"https:\\\/\\\/equisil.com\\\/de\\\/produkte\\\/#primaryimage\",\"url\":\"https:\\\/\\\/equisil.com\\\/wp-content\\\/uploads\\\/2024\\\/09\\\/pony-stock-springen-jumping-mechelen.png\",\"contentUrl\":\"https:\\\/\\\/equisil.com\\\/wp-content\\\/uploads\\\/2024\\\/09\\\/pony-stock-springen-jumping-mechelen.png\",\"width\":1225,\"height\":2018},{\"@type\":\"BreadcrumbList\",\"@id\":\"https:\\\/\\\/equisil.com\\\/de\\\/produkte\\\/#breadcrumb\",\"itemListElement\":[{\"@type\":\"ListItem\",\"position\":1,\"name\":\"Home\",\"item\":\"https:\\\/\\\/equisil.com\\\/de\\\/\"},{\"@type\":\"ListItem\",\"position\":2,\"name\":\"Produkte\"}]},{\"@type\":\"WebSite\",\"@id\":\"https:\\\/\\\/equisil.com\\\/#website\",\"url\":\"https:\\\/\\\/equisil.com\\\/\",\"name\":\"Equisil a new equestrian revelation\",\"description\":\"PREMIUM QUALITY HORSE SUPPLEMENTS\",\"potentialAction\":[{\"@type\":\"SearchAction\",\"target\":{\"@type\":\"EntryPoint\",\"urlTemplate\":\"https:\\\/\\\/equisil.com\\\/?s={search_term_string}\"},\"query-input\":{\"@type\":\"PropertyValueSpecification\",\"valueRequired\":true,\"valueName\":\"search_term_string\"}}],\"inLanguage\":\"de\"}]}<\/script>\n<!-- \/ Yoast SEO plugin. -->","yoast_head_json":{"title":"Produkte - Equisil a new equestrian revelation","description":"Entdecken Sie unser breites Sortiment an hochwertigen Produkten f\u00fcr den Stall, die Ihrem Pferd ein sicheres und komfortables Zuhause bieten.","robots":{"index":"index","follow":"follow","max-snippet":"max-snippet:-1","max-image-preview":"max-image-preview:large","max-video-preview":"max-video-preview:-1"},"canonical":"https:\/\/equisil.com\/de\/produkte\/","og_locale":"de_DE","og_type":"article","og_title":"Produkte - Equisil a new equestrian revelation","og_description":"Entdecken Sie unser breites Sortiment an hochwertigen Produkten f\u00fcr den Stall, die Ihrem Pferd ein sicheres und komfortables Zuhause bieten.","og_url":"https:\/\/equisil.com\/de\/produkte\/","og_site_name":"Equisil a new equestrian revelation","article_modified_time":"2025-02-19T15:07:57+00:00","og_image":[{"width":1225,"height":2018,"url":"https:\/\/equisil.com\/wp-content\/uploads\/2024\/09\/pony-stock-springen-jumping-mechelen.png","type":"image\/png"}],"twitter_card":"summary_large_image","twitter_misc":{"Gesch\u00e4tzte Lesezeit":"4\u00a0Minuten"},"schema":{"@context":"https:\/\/schema.org","@graph":[{"@type":"WebPage","@id":"https:\/\/equisil.com\/de\/produkte\/","url":"https:\/\/equisil.com\/de\/produkte\/","name":"Produkte - Equisil a new equestrian revelation","isPartOf":{"@id":"https:\/\/equisil.com\/#website"},"primaryImageOfPage":{"@id":"https:\/\/equisil.com\/de\/produkte\/#primaryimage"},"image":{"@id":"https:\/\/equisil.com\/de\/produkte\/#primaryimage"},"thumbnailUrl":"https:\/\/equisil.com\/wp-content\/uploads\/2024\/09\/pony-stock-springen-jumping-mechelen.png","datePublished":"2024-01-08T14:55:36+00:00","dateModified":"2025-02-19T15:07:57+00:00","description":"Entdecken Sie unser breites Sortiment an hochwertigen Produkten f\u00fcr den Stall, die Ihrem Pferd ein sicheres und komfortables Zuhause bieten.","breadcrumb":{"@id":"https:\/\/equisil.com\/de\/produkte\/#breadcrumb"},"inLanguage":"de","potentialAction":[{"@type":"ReadAction","target":["https:\/\/equisil.com\/de\/produkte\/"]}]},{"@type":"ImageObject","inLanguage":"de","@id":"https:\/\/equisil.com\/de\/produkte\/#primaryimage","url":"https:\/\/equisil.com\/wp-content\/uploads\/2024\/09\/pony-stock-springen-jumping-mechelen.png","contentUrl":"https:\/\/equisil.com\/wp-content\/uploads\/2024\/09\/pony-stock-springen-jumping-mechelen.png","width":1225,"height":2018},{"@type":"BreadcrumbList","@id":"https:\/\/equisil.com\/de\/produkte\/#breadcrumb","itemListElement":[{"@type":"ListItem","position":1,"name":"Home","item":"https:\/\/equisil.com\/de\/"},{"@type":"ListItem","position":2,"name":"Produkte"}]},{"@type":"WebSite","@id":"https:\/\/equisil.com\/#website","url":"https:\/\/equisil.com\/","name":"Equisil a new equestrian revelation","description":"PREMIUM QUALITY HORSE SUPPLEMENTS","potentialAction":[{"@type":"SearchAction","target":{"@type":"EntryPoint","urlTemplate":"https:\/\/equisil.com\/?s={search_term_string}"},"query-input":{"@type":"PropertyValueSpecification","valueRequired":true,"valueName":"search_term_string"}}],"inLanguage":"de"}]}},"_links":{"self":[{"href":"https:\/\/equisil.com\/de\/wp-json\/wp\/v2\/pages\/6749","targetHints":{"allow":["GET"]}}],"collection":[{"href":"https:\/\/equisil.com\/de\/wp-json\/wp\/v2\/pages"}],"about":[{"href":"https:\/\/equisil.com\/de\/wp-json\/wp\/v2\/types\/page"}],"author":[{"embeddable":true,"href":"https:\/\/equisil.com\/de\/wp-json\/wp\/v2\/users\/1"}],"replies":[{"embeddable":true,"href":"https:\/\/equisil.com\/de\/wp-json\/wp\/v2\/comments?post=6749"}],"version-history":[{"count":5,"href":"https:\/\/equisil.com\/de\/wp-json\/wp\/v2\/pages\/6749\/revisions"}],"predecessor-version":[{"id":6874,"href":"https:\/\/equisil.com\/de\/wp-json\/wp\/v2\/pages\/6749\/revisions\/6874"}],"wp:featuredmedia":[{"embeddable":true,"href":"https:\/\/equisil.com\/de\/wp-json\/wp\/v2\/media\/6743"}],"wp:attachment":[{"href":"https:\/\/equisil.com\/de\/wp-json\/wp\/v2\/media?parent=6749"}],"curies":[{"name":"wp","href":"https:\/\/api.w.org\/{rel}","templated":true}]}}