{"id":6745,"date":"2021-05-24T10:03:13","date_gmt":"2021-05-24T08:03:13","guid":{"rendered":"https:\/\/equisil.com\/equisil-fuer-eine-bio-sichere-pferdeumgebung\/"},"modified":"2025-02-19T17:15:42","modified_gmt":"2025-02-19T15:15:42","slug":"equisil-fuer-eine-bio-sichere-pferdeumgebung","status":"publish","type":"page","link":"https:\/\/equisil.com\/de\/","title":{"rendered":"Equisil f\u00fcr eine bio-sichere Pferdeumgebung!"},"content":{"rendered":"\t\t<div data-elementor-type=\"wp-page\" data-elementor-id=\"6745\" class=\"elementor elementor-6745 elementor-1023\">\n\t\t\t\t<div class=\"elementor-element elementor-element-f0f4aa5 e-con-full e-flex e-con e-parent\" data-id=\"f0f4aa5\" data-element_type=\"container\" data-e-type=\"container\" data-settings=\"{&quot;background_background&quot;:&quot;video&quot;,&quot;background_video_link&quot;:&quot;https:\\\/\\\/youtu.be\\\/KBZCbOteoqY&quot;,&quot;background_play_on_mobile&quot;:&quot;yes&quot;}\">\n\t\t<div class=\"elementor-background-video-container\">\n\t\t\t\t\t\t\t<div class=\"elementor-background-video-embed\" role=\"presentation\"><\/div>\n\t\t\t\t\t\t<\/div>\t\t<\/div>\n\t\t<div class=\"elementor-element elementor-element-3043368 e-flex e-con-boxed e-con e-parent\" data-id=\"3043368\" data-element_type=\"container\" data-e-type=\"container\">\n\t\t\t\t\t<div class=\"e-con-inner\">\n\t\t\t\t<div class=\"elementor-element elementor-element-b1a58e2 title-align--mobilecenter title-align-left elementor-widget elementor-widget-ts-products\" data-id=\"b1a58e2\" data-element_type=\"widget\" data-e-type=\"widget\" data-widget_type=\"ts-products.default\">\n\t\t\t\t<div class=\"elementor-widget-container\">\n\t\t\t\t\t\t\t<div class=\"ts-product-wrapper ts-shortcode ts-product woocommerce columns-5 recent style-title-inside-content\" >\n\t\t\n\t\t\t\t\t\t<div class=\"content-wrapper \">\n\t\t\t\n\t\t\t\t<div class=\"products\">\r\n<header class=\"shortcode-heading-wrapper\"><h2 class=\"shortcode-title\">Unsere Produkte<\/h2><div class=\"shop-more hidden-phone\"><a class=\"shop-more-button\" href=\"https:\/\/equisil.com\/de\/shop\/\" target=\"_blank\" rel=\"nofollow\">jetzt entdecken<\/a><\/div><\/header>\r\n<section class=\"product type-product post-6761 status-publish first instock product_cat-fur-die-stalle product_cat-fur-ihr-pferd has-post-thumbnail taxable shipping-taxable purchasable product-type-variable\" data-product_id=\"6761\">\r\n\t<div class=\"product-wrapper\">\r\n\t\t\t\r\n\t\t<div class=\"thumbnail-wrapper\">\r\n\t\t\t<a href=\"https:\/\/equisil.com\/de\/produkt\/behandlung-von-stoffen-und-leder\/\">\r\n\t\t\t\t<figure class=\"no-back-image\"><img fetchpriority=\"high\" decoding=\"async\" src=\"https:\/\/equisil.com\/wp-content\/themes\/nooni\/images\/prod_loading.gif\" data-src=\"https:\/\/equisil.com\/wp-content\/uploads\/2024\/09\/equisil_fabric_leather-300x300.png\" class=\"attachment-shop_catalog wp-post-image ts-lazy-load\" alt=\"\" width=\"300\" height=\"300\" \/><\/figure>\t\t\t<\/a>\r\n\t\t\t\t<div class=\"product-group-button\"><\/div>\t\t<\/div>\r\n\t\t<div class=\"meta-wrapper\">\r\n\t\t\t<h3 class=\"heading-title product-name\"><a href=\"https:\/\/equisil.com\/de\/produkt\/behandlung-von-stoffen-und-leder\/\">Behandlung von Stoffen und Leder<br>(anti-microbial)<\/a><\/h3><h3 class=\"heading-title product-name\"><a href=\"https:\/\/equisil.com\/de\/produkt\/behandlung-von-stoffen-und-leder\/\">Behandlung von Stoffen und Leder<\/a><\/h3><div class=\"product-group-button-meta\"><\/div>\t\t<\/div>\r\n\t<\/div>\r\n<\/section>\r\n<section class=\"product type-product post-6763 status-publish instock product_cat-fur-die-stalle has-post-thumbnail taxable shipping-taxable purchasable product-type-variable\" data-product_id=\"6763\">\r\n\t<div class=\"product-wrapper\">\r\n\t\t\t\r\n\t\t<div class=\"thumbnail-wrapper\">\r\n\t\t\t<a href=\"https:\/\/equisil.com\/de\/produkt\/leder-reiniger\/\">\r\n\t\t\t\t<figure class=\"no-back-image\"><img decoding=\"async\" src=\"https:\/\/equisil.com\/wp-content\/themes\/nooni\/images\/prod_loading.gif\" data-src=\"https:\/\/equisil.com\/wp-content\/uploads\/2024\/09\/equisil_leather-300x300.png\" class=\"attachment-shop_catalog wp-post-image ts-lazy-load\" alt=\"\" width=\"300\" height=\"300\" \/><\/figure>\t\t\t<\/a>\r\n\t\t\t\t<div class=\"product-group-button\"><\/div>\t\t<\/div>\r\n\t\t<div class=\"meta-wrapper\">\r\n\t\t\t<h3 class=\"heading-title product-name\"><a href=\"https:\/\/equisil.com\/de\/produkt\/leder-reiniger\/\">Leder-Reiniger<\/a><\/h3><h3 class=\"heading-title product-name\"><a href=\"https:\/\/equisil.com\/de\/produkt\/leder-reiniger\/\">Leder-Reiniger<\/a><\/h3><div class=\"product-group-button-meta\"><\/div>\t\t<\/div>\r\n\t<\/div>\r\n<\/section>\r\n<section class=\"product type-product post-6765 status-publish instock product_cat-fur-die-stalle has-post-thumbnail taxable shipping-taxable purchasable product-type-simple\" data-product_id=\"6765\">\r\n\t<div class=\"product-wrapper\">\r\n\t\t\t\r\n\t\t<div class=\"thumbnail-wrapper\">\r\n\t\t\t<a href=\"https:\/\/equisil.com\/de\/produkt\/behandlung-im-stall\/\">\r\n\t\t\t\t<figure class=\"no-back-image\"><img decoding=\"async\" src=\"https:\/\/equisil.com\/wp-content\/themes\/nooni\/images\/prod_loading.gif\" data-src=\"https:\/\/equisil.com\/wp-content\/uploads\/2024\/01\/equisil_stall-300x300.png\" class=\"attachment-shop_catalog wp-post-image ts-lazy-load\" alt=\"\" width=\"300\" height=\"300\" \/><\/figure>\t\t\t<\/a>\r\n\t\t\t\t<div class=\"product-group-button\"><\/div>\t\t<\/div>\r\n\t\t<div class=\"meta-wrapper\">\r\n\t\t\t<h3 class=\"heading-title product-name\"><a href=\"https:\/\/equisil.com\/de\/produkt\/behandlung-im-stall\/\">Behandlung im Stall<br>(anti-microbial)<\/a><\/h3><h3 class=\"heading-title product-name\"><a href=\"https:\/\/equisil.com\/de\/produkt\/behandlung-im-stall\/\">Behandlung im Stall<\/a><\/h3><div class=\"product-group-button-meta\"><\/div>\t\t<\/div>\r\n\t<\/div>\r\n<\/section>\r\n<section class=\"product type-product post-6768 status-publish instock product_cat-fur-ihr-pferd has-post-thumbnail taxable shipping-taxable purchasable product-type-variable\" data-product_id=\"6768\">\r\n\t<div class=\"product-wrapper\">\r\n\t\t\t\r\n\t\t<div class=\"thumbnail-wrapper\">\r\n\t\t\t<a href=\"https:\/\/equisil.com\/de\/produkt\/entwirrer-fuer-maehne-und-schopf\/\">\r\n\t\t\t\t<figure class=\"no-back-image\"><img loading=\"lazy\" decoding=\"async\" src=\"https:\/\/equisil.com\/wp-content\/themes\/nooni\/images\/prod_loading.gif\" data-src=\"https:\/\/equisil.com\/wp-content\/uploads\/2024\/01\/equisil_mane-300x300.png\" class=\"attachment-shop_catalog wp-post-image ts-lazy-load\" alt=\"\" width=\"300\" height=\"300\" \/><\/figure>\t\t\t<\/a>\r\n\t\t\t\t<div class=\"product-group-button\"><\/div>\t\t<\/div>\r\n\t\t<div class=\"meta-wrapper\">\r\n\t\t\t<h3 class=\"heading-title product-name\"><a href=\"https:\/\/equisil.com\/de\/produkt\/entwirrer-fuer-maehne-und-schopf\/\">Entwirrer f\u00fcr M\u00e4hne und Schopf<\/a><\/h3><h3 class=\"heading-title product-name\"><a href=\"https:\/\/equisil.com\/de\/produkt\/entwirrer-fuer-maehne-und-schopf\/\">Entwirrer f\u00fcr M\u00e4hne und Schopf<\/a><\/h3><div class=\"product-group-button-meta\"><\/div>\t\t<\/div>\r\n\t<\/div>\r\n<\/section><\/div>\t\t\t\t\n\t\t\t<\/div>\n\t\t\t\n\t\t\t\t\t\t<div class=\"shop-more visible-phone\">\n\t\t\t\t<a class=\"shop-more-button\" href=\"https:\/\/equisil.com\/de\/shop\/\" target=\"_blank\" rel=\"nofollow\">jetzt entdecken<\/a>\n\t\t\t<\/div>\n\t\t\t\t\t\t\n\t\t<\/div>\n\t\t\t\t\t\t<\/div>\n\t\t\t\t<\/div>\n\t\t\t\t\t<\/div>\n\t\t\t\t<\/div>\n\t\t<div class=\"elementor-element elementor-element-533bb49 e-flex e-con-boxed e-con e-parent\" data-id=\"533bb49\" data-element_type=\"container\" data-e-type=\"container\" data-settings=\"{&quot;background_background&quot;:&quot;classic&quot;}\">\n\t\t\t\t\t<div class=\"e-con-inner\">\n\t\t\t\t<div class=\"elementor-element elementor-element-b303a6d title-align--mobilecenter title-align-left elementor-widget elementor-widget-ts-blogs\" data-id=\"b303a6d\" data-element_type=\"widget\" data-e-type=\"widget\" data-widget_type=\"ts-blogs.default\">\n\t\t\t\t<div class=\"elementor-widget-container\">\n\t\t\t\t\t\t\t\t<div class=\"ts-blogs-wrapper ts-shortcode ts-blogs columns-2 style-slider item-grid ts-slider rows-1 loading show-nav partial-view\" data-atts=\"{&quot;layout&quot;:&quot;slider&quot;,&quot;columns&quot;:2,&quot;categories&quot;:&quot;&quot;,&quot;limit&quot;:3,&quot;orderby&quot;:&quot;date&quot;,&quot;order&quot;:&quot;DESC&quot;,&quot;show_title&quot;:&quot;1&quot;,&quot;show_thumbnail&quot;:&quot;1&quot;,&quot;show_author&quot;:&quot;&quot;,&quot;show_categories&quot;:&quot;&quot;,&quot;show_date&quot;:&quot;1&quot;,&quot;show_comment&quot;:&quot;0&quot;,&quot;show_excerpt&quot;:&quot;1&quot;,&quot;show_readmore&quot;:&quot;1&quot;,&quot;excerpt_words&quot;:16,&quot;is_slider&quot;:1,&quot;show_nav&quot;:&quot;1&quot;,&quot;auto_play&quot;:&quot;&quot;,&quot;is_masonry&quot;:0,&quot;show_load_more&quot;:0}\" data-nav=\"1\" data-autoplay=\"\" data-columns=\"2\">\n\t\t\t\t\t\t\t\t<header class=\"shortcode-heading-wrapper\">\n\t\t\t\t\t<h2 class=\"shortcode-title\">\n\t\t\t\t\t\tOUR BLOG\t\t\t\t\t<\/h2>\n\t\t\t\t<\/header>\n\t\t\t\t\t\t\t\t\n\t\t\t\t<div class=\"content-wrapper\">\n\t\t\t\t\t<div class=\"blogs items\">\n\t\t\t\t\t\t\t\t\t\t<article class=\"item has-post-thumbnail  \">\n\t\t\t\t\t\n\t\t\t\t\t\t\t\t\t\t\t<div class=\"article-content\">\n\t\t\t\t\t\t\t<div class=\"thumbnail-content\">\n\t\t\t\t\t\t\t\t\t\t\t\t\t\t\t\t\t\t<a class=\"thumbnail  \" href=\"https:\/\/equisil.com\/de\/2024\/09\/23\/ein-keimfreier-zufluchtsort-warum-antimikrobielle-stallungen-fuer-das-wohlbefinden-von-pferden-unerlaesslich-sind\/\" >\n\t\t\t\t\t\t\t\t\t\t\t<figure>\n\t\t\t\t\t\t\t\t\t\t\t<img loading=\"lazy\" decoding=\"async\" width=\"729\" height=\"532\" src=\"https:\/\/equisil.com\/wp-content\/uploads\/2023\/10\/4SRPKc2SYoeN.png\" class=\"attachment-nooni_blog_thumb size-nooni_blog_thumb wp-post-image\" alt=\"\" srcset=\"https:\/\/equisil.com\/wp-content\/uploads\/2023\/10\/4SRPKc2SYoeN.png 729w, https:\/\/equisil.com\/wp-content\/uploads\/2023\/10\/4SRPKc2SYoeN-300x219.png 300w, https:\/\/equisil.com\/wp-content\/uploads\/2023\/10\/4SRPKc2SYoeN-600x438.png 600w\" sizes=\"(max-width: 729px) 100vw, 729px\" \/>\t\t\t\t\t\t\t\t\t\t\t<\/figure>\n\t\t\t\t\t\t\t\t\t\t<\/a>\n\t\t\t\t\t\t\t\t\t\t\t\t\t\t\t\t\t\t\t<span class=\"date-time\">September 23, 2024<\/span>\n\t\t\t\t\t\t\t\t\t\t\t\t\t\t\t\t<\/div>\n\t\t\t\t\t\t\t\n\t\t\t\t\t\t\t<div class=\"entry-content\">\n\t\t\t\t\t\t\t\t<div class=\"entry-meta-top\">\n\t\t\t\t\t\t\t\n\t\t\t\t\t\t\t\t\t\t\t\t\t\t\t\t\t\n\t\t\t\t\t\t\t\t\t\t\t\t\t\t\t\t\t\t\n\t\t\t\t\t\t\t\t\t\t\t\t\t\t\t\t\t\t\n\t\t\t\t\t\t\t\t\t\t\t\t\t\t\t\t\t\t\n\t\t\t\t\t\t\t\t<\/div>\n\t\t\t\t\t\t\t\t\n\t\t\t\t\t\t\t\t<header>\n\t\t\t\t\t\t\t\t\t\t\t\t\t\t\t\t\t\t<h4 class=\"heading-title entry-title\">\n\t\t\t\t\t\t\t\t\t\t<a class=\"post-title\" href=\"https:\/\/equisil.com\/de\/2024\/09\/23\/ein-keimfreier-zufluchtsort-warum-antimikrobielle-stallungen-fuer-das-wohlbefinden-von-pferden-unerlaesslich-sind\/\">Ein keimfreier Zufluchtsort: Warum antimikrobielle Stallungen f\u00fcr das Wohlbefinden von Pferden unerl\u00e4sslich sind<\/a>\n\t\t\t\t\t\t\t\t\t<\/h4>\n\t\t\t\t\t\t\t\t\t\t\t\t\t\t\t\t\t<\/header>\n\t\t\t\t\t\t\t\t\n\t\t\t\t\t\t\t\t\t\t\t\t\t\t\t\t<div class=\"excerpt\">&#13; Ein keimfreier Zufluchtsort: Warum antimikrobielle Stallungen f\u00fcr das Wohlbefinden von Pferden unerl\u00e4sslich sind &#13; Die<\/div>\n\t\t\t\t\t\t\t\t\n\t\t\t\t\t\t\t\t\t\t\t\t\t\t\t\t<div class=\"entry-meta-bottom\">\n\t\t\t\t\t\t\t\t\t<a class=\"button-readmore\" href=\"https:\/\/equisil.com\/de\/2024\/09\/23\/ein-keimfreier-zufluchtsort-warum-antimikrobielle-stallungen-fuer-das-wohlbefinden-von-pferden-unerlaesslich-sind\/\">Read more<\/a>\n\t\t\t\t\t\t\t\t<\/div>\n\t\t\t\t\t\t\t\t\t\t\t\t\t\t\t<\/div>\n\t\t\t\t\t\t\t\n\t\t\t\t\t\t<\/div>\n\t\t\t\t\t\t\t\n\t\t\t\t\t\t\t\t\t\t<\/article>\n\t\t\t\t\t\t\t\t<article class=\"item has-post-thumbnail  \">\n\t\t\t\t\t\n\t\t\t\t\t\t\t\t\t\t\t<div class=\"article-content\">\n\t\t\t\t\t\t\t<div class=\"thumbnail-content\">\n\t\t\t\t\t\t\t\t\t\t\t\t\t\t\t\t\t\t<a class=\"thumbnail  \" href=\"https:\/\/equisil.com\/de\/2024\/09\/23\/pflege-von-lederzubehoer-fuer-den-pferdesport-ein-leitfaden-fuer-langlebigkeit-und-leistung\/\" >\n\t\t\t\t\t\t\t\t\t\t\t<figure>\n\t\t\t\t\t\t\t\t\t\t\t<img loading=\"lazy\" decoding=\"async\" width=\"1174\" height=\"862\" src=\"https:\/\/equisil.com\/wp-content\/uploads\/2024\/09\/paard-hoofd-stock-jumping-hippo-jump-waregem-rhea-major-1-1174x862.jpg\" class=\"attachment-nooni_blog_thumb size-nooni_blog_thumb wp-post-image\" alt=\"\" \/>\t\t\t\t\t\t\t\t\t\t\t<\/figure>\n\t\t\t\t\t\t\t\t\t\t<\/a>\n\t\t\t\t\t\t\t\t\t\t\t\t\t\t\t\t\t\t\t<span class=\"date-time\">September 23, 2024<\/span>\n\t\t\t\t\t\t\t\t\t\t\t\t\t\t\t\t<\/div>\n\t\t\t\t\t\t\t\n\t\t\t\t\t\t\t<div class=\"entry-content\">\n\t\t\t\t\t\t\t\t<div class=\"entry-meta-top\">\n\t\t\t\t\t\t\t\n\t\t\t\t\t\t\t\t\t\t\t\t\t\t\t\t\t\n\t\t\t\t\t\t\t\t\t\t\t\t\t\t\t\t\t\t\n\t\t\t\t\t\t\t\t\t\t\t\t\t\t\t\t\t\t\n\t\t\t\t\t\t\t\t\t\t\t\t\t\t\t\t\t\t\n\t\t\t\t\t\t\t\t<\/div>\n\t\t\t\t\t\t\t\t\n\t\t\t\t\t\t\t\t<header>\n\t\t\t\t\t\t\t\t\t\t\t\t\t\t\t\t\t\t<h4 class=\"heading-title entry-title\">\n\t\t\t\t\t\t\t\t\t\t<a class=\"post-title\" href=\"https:\/\/equisil.com\/de\/2024\/09\/23\/pflege-von-lederzubehoer-fuer-den-pferdesport-ein-leitfaden-fuer-langlebigkeit-und-leistung\/\">Pflege von Lederzubeh\u00f6r f\u00fcr den Pferdesport: Ein Leitfaden f\u00fcr Langlebigkeit und Leistung<\/a>\n\t\t\t\t\t\t\t\t\t<\/h4>\n\t\t\t\t\t\t\t\t\t\t\t\t\t\t\t\t\t<\/header>\n\t\t\t\t\t\t\t\t\n\t\t\t\t\t\t\t\t\t\t\t\t\t\t\t\t<div class=\"excerpt\">&#13; Pflege von Lederzubeh\u00f6r f\u00fcr den Pferdesport: Ein Leitfaden f\u00fcr Langlebigkeit und Leistung &#13; &#13; Lederausr\u00fcstung<\/div>\n\t\t\t\t\t\t\t\t\n\t\t\t\t\t\t\t\t\t\t\t\t\t\t\t\t<div class=\"entry-meta-bottom\">\n\t\t\t\t\t\t\t\t\t<a class=\"button-readmore\" href=\"https:\/\/equisil.com\/de\/2024\/09\/23\/pflege-von-lederzubehoer-fuer-den-pferdesport-ein-leitfaden-fuer-langlebigkeit-und-leistung\/\">Read more<\/a>\n\t\t\t\t\t\t\t\t<\/div>\n\t\t\t\t\t\t\t\t\t\t\t\t\t\t\t<\/div>\n\t\t\t\t\t\t\t\n\t\t\t\t\t\t<\/div>\n\t\t\t\t\t\t\t\n\t\t\t\t\t\t\t\t\t\t<\/article>\n\t\t\t\t\t\t\t\t\t<\/div>\n\t\t\t\t\t\t\t\t\t<\/div>\n\t\t\t<\/div>\n\t\t\t\t\t\t<\/div>\n\t\t\t\t<\/div>\n\t\t\t\t\t<\/div>\n\t\t\t\t<\/div>\n\t\t\t\t<\/div>\n\t\t","protected":false},"excerpt":{"rendered":"<p>Unsere Produkte jetzt entdecken &nbsp; Behandlung von Stoffen und Leder (anti-microbial) Behandlung von Stoffen und Leder &nbsp; Leder-Reiniger Leder-Reiniger &nbsp; Behandlung im Stall (anti-microbial) Behandlung im Stall &nbsp; Entwirrer f\u00fcr M\u00e4hne und Schopf Entwirrer f\u00fcr M\u00e4hne und Schopf jetzt entdecken OUR BLOG &nbsp; September 23, 2024 Pflege von Lederzubeh\u00f6r f\u00fcr den Pferdesport: Ein Leitfaden f\u00fcr [&hellip;]<\/p>\n","protected":false},"author":1,"featured_media":6743,"parent":0,"menu_order":0,"comment_status":"closed","ping_status":"closed","template":"","meta":{"footnotes":""},"class_list":["post-6745","page","type-page","status-publish","has-post-thumbnail","hentry"],"yoast_head":"<!-- This site is optimized with the Yoast SEO plugin v27.3 - https:\/\/yoast.com\/product\/yoast-seo-wordpress\/ -->\n<title>Equisil f\u00fcr eine bio-sichere Pferdeumgebung! - Equisil a new equestrian revelation<\/title>\n<meta name=\"robots\" content=\"index, follow, max-snippet:-1, max-image-preview:large, max-video-preview:-1\" \/>\n<link rel=\"canonical\" href=\"https:\/\/equisil.com\/de\/\" \/>\n<meta property=\"og:locale\" content=\"de_DE\" \/>\n<meta property=\"og:type\" content=\"article\" \/>\n<meta property=\"og:title\" content=\"Equisil f\u00fcr einen insektenfreien und sicheren Stall\" \/>\n<meta property=\"og:description\" content=\"Unsere Produkte jetzt entdecken &nbsp; Behandlung von Stoffen und Leder (anti-microbial) Behandlung von Stoffen und Leder &nbsp; Leder-Reiniger Leder-Reiniger &nbsp; Behandlung im Stall (anti-microbial) Behandlung im Stall &nbsp; Entwirrer f\u00fcr M\u00e4hne und Schopf Entwirrer f\u00fcr M\u00e4hne und Schopf jetzt entdecken OUR BLOG &nbsp; September 23, 2024 Pflege von Lederzubeh\u00f6r f\u00fcr den Pferdesport: Ein Leitfaden f\u00fcr [&hellip;]\" \/>\n<meta property=\"og:url\" content=\"https:\/\/equisil.com\/de\/\" \/>\n<meta property=\"og:site_name\" content=\"Equisil a new equestrian revelation\" \/>\n<meta property=\"article:modified_time\" content=\"2025-02-19T15:15:42+00:00\" \/>\n<meta property=\"og:image\" content=\"https:\/\/equisil.com\/wp-content\/uploads\/2024\/09\/paard-hoofd-stock-jumping-hippo-jump-waregem-rhea-major-1-scaled.jpg\" \/>\n\t<meta property=\"og:image:width\" content=\"2560\" \/>\n\t<meta property=\"og:image:height\" content=\"1707\" \/>\n\t<meta property=\"og:image:type\" content=\"image\/jpeg\" \/>\n<meta name=\"twitter:card\" content=\"summary_large_image\" \/>\n<meta name=\"twitter:label1\" content=\"Gesch\u00e4tzte Lesezeit\" \/>\n\t<meta name=\"twitter:data1\" content=\"2\u00a0Minuten\" \/>\n<script type=\"application\/ld+json\" class=\"yoast-schema-graph\">{\"@context\":\"https:\\\/\\\/schema.org\",\"@graph\":[{\"@type\":\"WebPage\",\"@id\":\"https:\\\/\\\/equisil.com\\\/de\\\/\",\"url\":\"https:\\\/\\\/equisil.com\\\/de\\\/\",\"name\":\"Equisil f\u00fcr eine bio-sichere Pferdeumgebung! - Equisil a new equestrian revelation\",\"isPartOf\":{\"@id\":\"https:\\\/\\\/equisil.com\\\/#website\"},\"primaryImageOfPage\":{\"@id\":\"https:\\\/\\\/equisil.com\\\/de\\\/#primaryimage\"},\"image\":{\"@id\":\"https:\\\/\\\/equisil.com\\\/de\\\/#primaryimage\"},\"thumbnailUrl\":\"https:\\\/\\\/equisil.com\\\/wp-content\\\/uploads\\\/2024\\\/09\\\/pony-stock-springen-jumping-mechelen.png\",\"datePublished\":\"2021-05-24T08:03:13+00:00\",\"dateModified\":\"2025-02-19T15:15:42+00:00\",\"breadcrumb\":{\"@id\":\"https:\\\/\\\/equisil.com\\\/de\\\/#breadcrumb\"},\"inLanguage\":\"de\",\"potentialAction\":[{\"@type\":\"ReadAction\",\"target\":[\"https:\\\/\\\/equisil.com\\\/de\\\/\"]}]},{\"@type\":\"ImageObject\",\"inLanguage\":\"de\",\"@id\":\"https:\\\/\\\/equisil.com\\\/de\\\/#primaryimage\",\"url\":\"https:\\\/\\\/equisil.com\\\/wp-content\\\/uploads\\\/2024\\\/09\\\/pony-stock-springen-jumping-mechelen.png\",\"contentUrl\":\"https:\\\/\\\/equisil.com\\\/wp-content\\\/uploads\\\/2024\\\/09\\\/pony-stock-springen-jumping-mechelen.png\",\"width\":1225,\"height\":2018},{\"@type\":\"BreadcrumbList\",\"@id\":\"https:\\\/\\\/equisil.com\\\/de\\\/#breadcrumb\",\"itemListElement\":[{\"@type\":\"ListItem\",\"position\":1,\"name\":\"Home\",\"item\":\"https:\\\/\\\/equisil.com\\\/de\\\/\"},{\"@type\":\"ListItem\",\"position\":2,\"name\":\"Equisil f\u00fcr eine bio-sichere Pferdeumgebung!\"}]},{\"@type\":\"WebSite\",\"@id\":\"https:\\\/\\\/equisil.com\\\/#website\",\"url\":\"https:\\\/\\\/equisil.com\\\/\",\"name\":\"Equisil a new equestrian revelation\",\"description\":\"PREMIUM QUALITY HORSE SUPPLEMENTS\",\"potentialAction\":[{\"@type\":\"SearchAction\",\"target\":{\"@type\":\"EntryPoint\",\"urlTemplate\":\"https:\\\/\\\/equisil.com\\\/?s={search_term_string}\"},\"query-input\":{\"@type\":\"PropertyValueSpecification\",\"valueRequired\":true,\"valueName\":\"search_term_string\"}}],\"inLanguage\":\"de\"}]}<\/script>\n<!-- \/ Yoast SEO plugin. -->","yoast_head_json":{"title":"Equisil f\u00fcr eine bio-sichere Pferdeumgebung! - Equisil a new equestrian revelation","robots":{"index":"index","follow":"follow","max-snippet":"max-snippet:-1","max-image-preview":"max-image-preview:large","max-video-preview":"max-video-preview:-1"},"canonical":"https:\/\/equisil.com\/de\/","og_locale":"de_DE","og_type":"article","og_title":"Equisil f\u00fcr einen insektenfreien und sicheren Stall","og_description":"Unsere Produkte jetzt entdecken &nbsp; Behandlung von Stoffen und Leder (anti-microbial) Behandlung von Stoffen und Leder &nbsp; Leder-Reiniger Leder-Reiniger &nbsp; Behandlung im Stall (anti-microbial) Behandlung im Stall &nbsp; Entwirrer f\u00fcr M\u00e4hne und Schopf Entwirrer f\u00fcr M\u00e4hne und Schopf jetzt entdecken OUR BLOG &nbsp; September 23, 2024 Pflege von Lederzubeh\u00f6r f\u00fcr den Pferdesport: Ein Leitfaden f\u00fcr [&hellip;]","og_url":"https:\/\/equisil.com\/de\/","og_site_name":"Equisil a new equestrian revelation","article_modified_time":"2025-02-19T15:15:42+00:00","og_image":[{"width":2560,"height":1707,"url":"https:\/\/equisil.com\/wp-content\/uploads\/2024\/09\/paard-hoofd-stock-jumping-hippo-jump-waregem-rhea-major-1-scaled.jpg","type":"image\/jpeg"}],"twitter_card":"summary_large_image","twitter_misc":{"Gesch\u00e4tzte Lesezeit":"2\u00a0Minuten"},"schema":{"@context":"https:\/\/schema.org","@graph":[{"@type":"WebPage","@id":"https:\/\/equisil.com\/de\/","url":"https:\/\/equisil.com\/de\/","name":"Equisil f\u00fcr eine bio-sichere Pferdeumgebung! - Equisil a new equestrian revelation","isPartOf":{"@id":"https:\/\/equisil.com\/#website"},"primaryImageOfPage":{"@id":"https:\/\/equisil.com\/de\/#primaryimage"},"image":{"@id":"https:\/\/equisil.com\/de\/#primaryimage"},"thumbnailUrl":"https:\/\/equisil.com\/wp-content\/uploads\/2024\/09\/pony-stock-springen-jumping-mechelen.png","datePublished":"2021-05-24T08:03:13+00:00","dateModified":"2025-02-19T15:15:42+00:00","breadcrumb":{"@id":"https:\/\/equisil.com\/de\/#breadcrumb"},"inLanguage":"de","potentialAction":[{"@type":"ReadAction","target":["https:\/\/equisil.com\/de\/"]}]},{"@type":"ImageObject","inLanguage":"de","@id":"https:\/\/equisil.com\/de\/#primaryimage","url":"https:\/\/equisil.com\/wp-content\/uploads\/2024\/09\/pony-stock-springen-jumping-mechelen.png","contentUrl":"https:\/\/equisil.com\/wp-content\/uploads\/2024\/09\/pony-stock-springen-jumping-mechelen.png","width":1225,"height":2018},{"@type":"BreadcrumbList","@id":"https:\/\/equisil.com\/de\/#breadcrumb","itemListElement":[{"@type":"ListItem","position":1,"name":"Home","item":"https:\/\/equisil.com\/de\/"},{"@type":"ListItem","position":2,"name":"Equisil f\u00fcr eine bio-sichere Pferdeumgebung!"}]},{"@type":"WebSite","@id":"https:\/\/equisil.com\/#website","url":"https:\/\/equisil.com\/","name":"Equisil a new equestrian revelation","description":"PREMIUM QUALITY HORSE SUPPLEMENTS","potentialAction":[{"@type":"SearchAction","target":{"@type":"EntryPoint","urlTemplate":"https:\/\/equisil.com\/?s={search_term_string}"},"query-input":{"@type":"PropertyValueSpecification","valueRequired":true,"valueName":"search_term_string"}}],"inLanguage":"de"}]}},"_links":{"self":[{"href":"https:\/\/equisil.com\/de\/wp-json\/wp\/v2\/pages\/6745","targetHints":{"allow":["GET"]}}],"collection":[{"href":"https:\/\/equisil.com\/de\/wp-json\/wp\/v2\/pages"}],"about":[{"href":"https:\/\/equisil.com\/de\/wp-json\/wp\/v2\/types\/page"}],"author":[{"embeddable":true,"href":"https:\/\/equisil.com\/de\/wp-json\/wp\/v2\/users\/1"}],"replies":[{"embeddable":true,"href":"https:\/\/equisil.com\/de\/wp-json\/wp\/v2\/comments?post=6745"}],"version-history":[{"count":5,"href":"https:\/\/equisil.com\/de\/wp-json\/wp\/v2\/pages\/6745\/revisions"}],"predecessor-version":[{"id":6882,"href":"https:\/\/equisil.com\/de\/wp-json\/wp\/v2\/pages\/6745\/revisions\/6882"}],"wp:featuredmedia":[{"embeddable":true,"href":"https:\/\/equisil.com\/de\/wp-json\/wp\/v2\/media\/6743"}],"wp:attachment":[{"href":"https:\/\/equisil.com\/de\/wp-json\/wp\/v2\/media?parent=6745"}],"curies":[{"name":"wp","href":"https:\/\/api.w.org\/{rel}","templated":true}]}}