{"id":6741,"date":"2022-11-04T15:36:36","date_gmt":"2022-11-04T13:36:36","guid":{"rendered":"https:\/\/equisil.com\/ueber-uns\/"},"modified":"2025-02-19T17:11:26","modified_gmt":"2025-02-19T15:11:26","slug":"ueber-uns","status":"publish","type":"page","link":"https:\/\/equisil.com\/de\/ueber-uns\/","title":{"rendered":"\u00dcber uns"},"content":{"rendered":"\t\t<div data-elementor-type=\"wp-page\" data-elementor-id=\"6741\" class=\"elementor elementor-6741 elementor-5093\">\n\t\t\t\t<div class=\"elementor-element elementor-element-19df130 e-flex e-con-boxed e-con e-parent\" data-id=\"19df130\" data-element_type=\"container\" data-e-type=\"container\">\n\t\t\t\t\t<div class=\"e-con-inner\">\n\t\t\t\t<div class=\"elementor-element elementor-element-6b26eee elementor-widget elementor-widget-heading\" data-id=\"6b26eee\" data-element_type=\"widget\" data-e-type=\"widget\" data-widget_type=\"heading.default\">\n\t\t\t\t<div class=\"elementor-widget-container\">\n\t\t\t\t\t<h2 class=\"elementor-heading-title elementor-size-default\">Entwickelt f\u00fcr das Wohlbefinden Ihres Pferdes!<\/h2>\t\t\t\t<\/div>\n\t\t\t\t<\/div>\n\t\t\t\t<div class=\"elementor-element elementor-element-4a96844 elementor-widget__width-initial elementor-widget elementor-widget-text-editor\" data-id=\"4a96844\" data-element_type=\"widget\" data-e-type=\"widget\" data-widget_type=\"text-editor.default\">\n\t\t\t\t<div class=\"elementor-widget-container\">\n\t\t\t\t\t\t\t\t\t<p data-sourcepos=\"11:1-11:217\">Equisil sorgt f\u00fcr optimale Hygienebedingungen im Stall und f\u00f6rdert so die Gesundheit Ihres Pferdes. Mit modernster Silikon- und antimikrobieller Technologie schaffen wir eine Umgebung, in der sich Ihr Pferd wohlf\u00fchlt. <strong>Gemeinsam f\u00fcr die Gesundheit unserer Pferde. <\/strong>Setzen auch Sie auf Equisil und geben Sie Ihrem Pferd die Pflege, die es verdient.<\/p>\t\t\t\t\t\t\t\t<\/div>\n\t\t\t\t<\/div>\n\t\t\t\t\t<\/div>\n\t\t\t\t<\/div>\n\t\t<div class=\"elementor-element elementor-element-c4e81fc e-flex e-con-boxed e-con e-parent\" data-id=\"c4e81fc\" data-element_type=\"container\" data-e-type=\"container\" data-settings=\"{&quot;background_background&quot;:&quot;classic&quot;}\">\n\t\t\t\t\t<div class=\"e-con-inner\">\n\t\t\t\t\t<\/div>\n\t\t\t\t<\/div>\n\t\t<div class=\"elementor-element elementor-element-84d6d60 e-flex e-con-boxed e-con e-parent\" data-id=\"84d6d60\" data-element_type=\"container\" data-e-type=\"container\">\n\t\t\t\t\t<div class=\"e-con-inner\">\n\t\t<div class=\"elementor-element elementor-element-df5da85 e-con-full e-flex e-con e-child\" data-id=\"df5da85\" data-element_type=\"container\" data-e-type=\"container\">\n\t\t\t\t<div class=\"elementor-element elementor-element-ecedf92 elementor-widget elementor-widget-image\" data-id=\"ecedf92\" data-element_type=\"widget\" data-e-type=\"widget\" data-widget_type=\"image.default\">\n\t\t\t\t<div class=\"elementor-widget-container\">\n\t\t\t\t\t\t\t\t\t\t\t\t\t\t\t<img fetchpriority=\"high\" decoding=\"async\" width=\"1225\" height=\"2018\" src=\"https:\/\/equisil.com\/wp-content\/uploads\/2024\/09\/pony-stock-springen-jumping-mechelen.png\" class=\"elementor-animation-grow attachment-full size-full wp-image-6743\" alt=\"\" srcset=\"https:\/\/equisil.com\/wp-content\/uploads\/2024\/09\/pony-stock-springen-jumping-mechelen.png 1225w, https:\/\/equisil.com\/wp-content\/uploads\/2024\/09\/pony-stock-springen-jumping-mechelen-182x300.png 182w, https:\/\/equisil.com\/wp-content\/uploads\/2024\/09\/pony-stock-springen-jumping-mechelen-622x1024.png 622w, https:\/\/equisil.com\/wp-content\/uploads\/2024\/09\/pony-stock-springen-jumping-mechelen-768x1265.png 768w, https:\/\/equisil.com\/wp-content\/uploads\/2024\/09\/pony-stock-springen-jumping-mechelen-932x1536.png 932w, https:\/\/equisil.com\/wp-content\/uploads\/2024\/09\/pony-stock-springen-jumping-mechelen-600x988.png 600w\" sizes=\"(max-width: 1225px) 100vw, 1225px\" \/>\t\t\t\t\t\t\t\t\t\t\t\t\t\t\t<\/div>\n\t\t\t\t<\/div>\n\t\t\t\t<\/div>\n\t\t<div class=\"elementor-element elementor-element-bbeab9c e-con-full e-flex e-con e-child\" data-id=\"bbeab9c\" data-element_type=\"container\" data-e-type=\"container\">\n\t\t\t\t<div class=\"elementor-element elementor-element-9ef3237 elementor-widget elementor-widget-spacer\" data-id=\"9ef3237\" data-element_type=\"widget\" data-e-type=\"widget\" data-widget_type=\"spacer.default\">\n\t\t\t\t<div class=\"elementor-widget-container\">\n\t\t\t\t\t\t\t<div class=\"elementor-spacer\">\n\t\t\t<div class=\"elementor-spacer-inner\"><\/div>\n\t\t<\/div>\n\t\t\t\t\t\t<\/div>\n\t\t\t\t<\/div>\n\t\t\t\t<div class=\"elementor-element elementor-element-1fa3292 elementor-widget elementor-widget-heading\" data-id=\"1fa3292\" data-element_type=\"widget\" data-e-type=\"widget\" data-widget_type=\"heading.default\">\n\t\t\t\t<div class=\"elementor-widget-container\">\n\t\t\t\t\t<h6 class=\"elementor-heading-title elementor-size-default\">Wer wir sind: Equisil<\/h6>\t\t\t\t<\/div>\n\t\t\t\t<\/div>\n\t\t\t\t<div class=\"elementor-element elementor-element-af558f8 elementor-widget elementor-widget-spacer\" data-id=\"af558f8\" data-element_type=\"widget\" data-e-type=\"widget\" data-widget_type=\"spacer.default\">\n\t\t\t\t<div class=\"elementor-widget-container\">\n\t\t\t\t\t\t\t<div class=\"elementor-spacer\">\n\t\t\t<div class=\"elementor-spacer-inner\"><\/div>\n\t\t<\/div>\n\t\t\t\t\t\t<\/div>\n\t\t\t\t<\/div>\n\t\t\t\t<div class=\"elementor-element elementor-element-1c1eb75 elementor-widget-tablet__width-initial elementor-widget elementor-widget-text-editor\" data-id=\"1c1eb75\" data-element_type=\"widget\" data-e-type=\"widget\" data-widget_type=\"text-editor.default\">\n\t\t\t\t<div class=\"elementor-widget-container\">\n\t\t\t\t\t\t\t\t\t<p>EQUISIL BV ist ein globales Unternehmen mit Sitz in Belgien, das von Reitsportprofis und erfahrenen Forschungs- und Entwicklungsspezialisten gegr\u00fcndet wurde.<\/p>\t\t\t\t\t\t\t\t<\/div>\n\t\t\t\t<\/div>\n\t\t\t\t<div class=\"elementor-element elementor-element-d33658e elementor-widget elementor-widget-heading\" data-id=\"d33658e\" data-element_type=\"widget\" data-e-type=\"widget\" data-widget_type=\"heading.default\">\n\t\t\t\t<div class=\"elementor-widget-container\">\n\t\t\t\t\t<h6 class=\"elementor-heading-title elementor-size-default\">Was wir tun<\/h6>\t\t\t\t<\/div>\n\t\t\t\t<\/div>\n\t\t\t\t<div class=\"elementor-element elementor-element-beb846d elementor-widget-tablet__width-initial elementor-widget elementor-widget-text-editor\" data-id=\"beb846d\" data-element_type=\"widget\" data-e-type=\"widget\" data-widget_type=\"text-editor.default\">\n\t\t\t\t<div class=\"elementor-widget-container\">\n\t\t\t\t\t\t\t\t\t<p> <\/p><p>EQUISIL\u00ae ist ein antimikrobielles Breitspektrumprodukt, das speziell f\u00fcr Reitsportanlagen wie Gest\u00fcte, Tierkliniken, Vermehrungszentren, Springst\u00e4lle, Rennst\u00e4lle, Transportfahrzeuge, Textilien und Lederprodukte entwickelt wurde. Unser Hauptziel ist es, die Ausbreitung von Krankheiten auf umweltvertr\u00e4gliche Weise zu verhindern, indem wir Bakterien, Sporen, Hefen, Pilze und Viren durch einen physikalischen, mechanischen Ansatz ausrotten, anstatt auf Chemikalien oder toxische Mittel zur\u00fcckzugreifen. <\/p><p> <\/p>\t\t\t\t\t\t\t\t<\/div>\n\t\t\t\t<\/div>\n\t\t\t\t<div class=\"elementor-element elementor-element-d948a27 elementor-widget elementor-widget-heading\" data-id=\"d948a27\" data-element_type=\"widget\" data-e-type=\"widget\" data-widget_type=\"heading.default\">\n\t\t\t\t<div class=\"elementor-widget-container\">\n\t\t\t\t\t<h6 class=\"elementor-heading-title elementor-size-default\">Auftrag &amp; Vision:<\/h6>\t\t\t\t<\/div>\n\t\t\t\t<\/div>\n\t\t\t\t<div class=\"elementor-element elementor-element-78f6533 elementor-widget-tablet__width-initial elementor-widget elementor-widget-text-editor\" data-id=\"78f6533\" data-element_type=\"widget\" data-e-type=\"widget\" data-widget_type=\"text-editor.default\">\n\t\t\t\t<div class=\"elementor-widget-container\">\n\t\t\t\t\t\t\t\t\t<p> <\/p><p>Unsere Aufgabe ist es, eine au\u00dfergew\u00f6hnliche und einf\u00fchlsame Pflege f\u00fcr Pferde zu bieten, bei der ihre Gesundheit, ihr Wohlbefinden und ihre Leistung im Vordergrund stehen. Dies erreichen wir durch personalisierte und umfassende Dienstleistungen. Wir haben uns dem Schutz Ihrer wertvollsten Begleiter verschrieben und sorgen daf\u00fcr, dass Ihre Pferde unter den sichersten und hygienischsten Bedingungen untergebracht sind. <\/p><p> <\/p>\t\t\t\t\t\t\t\t<\/div>\n\t\t\t\t<\/div>\n\t\t\t\t<div class=\"elementor-element elementor-element-23ae5c3 elementor-widget elementor-widget-heading\" data-id=\"23ae5c3\" data-element_type=\"widget\" data-e-type=\"widget\" data-widget_type=\"heading.default\">\n\t\t\t\t<div class=\"elementor-widget-container\">\n\t\t\t\t\t<h6 class=\"elementor-heading-title elementor-size-default\">Definition der Biosicherheit<\/h6>\t\t\t\t<\/div>\n\t\t\t\t<\/div>\n\t\t\t\t<div class=\"elementor-element elementor-element-06c856d elementor-widget-tablet__width-initial elementor-widget elementor-widget-text-editor\" data-id=\"06c856d\" data-element_type=\"widget\" data-e-type=\"widget\" data-widget_type=\"text-editor.default\">\n\t\t\t\t<div class=\"elementor-widget-container\">\n\t\t\t\t\t\t\t\t\t<p data-sourcepos=\"5:1-5:130\"><br \/>Biosicherheit umfasst eine Reihe von vorbeugenden Ma\u00dfnahmen, die dazu dienen, Ihre Pferde vor Infektionskrankheiten zu sch\u00fctzen.<\/p><p data-sourcepos=\"7:1-7:48\"><strong>Equisil bietet Ihnen umfassenden Schutz vor:<\/strong><\/p><ul data-sourcepos=\"9:1-12:0\"><li data-sourcepos=\"9:1-9:80\">Einschleppung von Krankheiten in Reitsportzentren, Gest\u00fcten und Tierkliniken<\/li><li data-sourcepos=\"10:1-10:39\">Kreuzkontamination zwischen Pferden<\/li><li data-sourcepos=\"11:1-12:0\">Ausbr\u00fcchen von Infektionskrankheiten<\/li><\/ul><p data-sourcepos=\"13:1-13:22\"><strong>So funktioniert&#8217;s:<\/strong><\/p><p data-sourcepos=\"15:1-15:201\">Mit Equisil minimieren Sie das Risiko der Einschleppung und \u00dcbertragung von Krankheiten. Unsere Produkte schaffen eine sichere und hygienische Umgebung f\u00fcr Ihre Pferde und sch\u00fctzen so ihre Gesundheit.<\/p><p data-sourcepos=\"17:1-17:25\"><strong>Vorteile von Equisil:<\/strong><\/p><ul data-sourcepos=\"19:1-22:0\"><li data-sourcepos=\"19:1-19:47\">Effektiver Schutz vor Infektionskrankheiten<\/li><li data-sourcepos=\"20:1-20:38\">Gesunde und leistungsstarke Pferde<\/li><li data-sourcepos=\"21:1-22:0\">Ruhiges Gewissen f\u00fcr Pferdebesitzer und -betreuer<\/li><\/ul><p data-sourcepos=\"23:1-23:45\"><strong>Gemeinsam f\u00fcr die Gesundheit Ihrer Pferde<\/strong><\/p><p data-sourcepos=\"25:1-25:86\">Setzen auch Sie auf Equisil und geben Sie Ihren Pferden die Pflege, die sie verdienen.<\/p><p data-sourcepos=\"27:1-27:15\"><strong>\u00c4nderungen:<\/strong><\/p><ul data-sourcepos=\"29:1-35:0\"><li data-sourcepos=\"29:1-29:49\">Eine aussagekr\u00e4ftige \u00dcberschrift hinzugef\u00fcgt.<\/li><li data-sourcepos=\"30:1-30:43\">Den Text in k\u00fcrzere Abs\u00e4tze unterteilt.<\/li><li data-sourcepos=\"31:1-31:66\">Aufz\u00e4hlungszeichen verwendet, um die Lesbarkeit zu verbessern.<\/li><li data-sourcepos=\"32:1-32:44\">Komplizierte Formulierungen vereinfacht.<\/li><li data-sourcepos=\"33:1-33:46\">Die Vorteile f\u00fcr den Leser st\u00e4rker betont.<\/li><li data-sourcepos=\"34:1-35:0\">Einen Call-to-Action hinzugef\u00fcgt.<\/li><\/ul><p data-sourcepos=\"36:1-36:22\"><strong>Zus\u00e4tzliche Tipps:<\/strong><\/p><ul data-sourcepos=\"38:1-40:129\"><li data-sourcepos=\"38:1-38:65\">F\u00fcgen Sie Bilder oder Videos hinzu, um den Text aufzulockern.<\/li><li data-sourcepos=\"39:1-39:67\">Verlinken Sie relevante Produkte oder Seiten auf Ihrer Website.<\/li><li data-sourcepos=\"40:1-40:129\">Verwenden Sie Keywords, die f\u00fcr Ihre Zielgruppe relevant sind (z. B. &#8220;Pferdegesundheit&#8221;, &#8220;Stallhygiene&#8221;, &#8220;Infektionsschutz&#8221;).<\/li><\/ul>\t\t\t\t\t\t\t\t<\/div>\n\t\t\t\t<\/div>\n\t\t\t\t<div class=\"elementor-element elementor-element-521b7bc elementor-widget elementor-widget-spacer\" data-id=\"521b7bc\" data-element_type=\"widget\" data-e-type=\"widget\" data-widget_type=\"spacer.default\">\n\t\t\t\t<div class=\"elementor-widget-container\">\n\t\t\t\t\t\t\t<div class=\"elementor-spacer\">\n\t\t\t<div class=\"elementor-spacer-inner\"><\/div>\n\t\t<\/div>\n\t\t\t\t\t\t<\/div>\n\t\t\t\t<\/div>\n\t\t\t\t<div class=\"elementor-element elementor-element-2e2366c elementor-widget elementor-widget-spacer\" data-id=\"2e2366c\" data-element_type=\"widget\" data-e-type=\"widget\" data-widget_type=\"spacer.default\">\n\t\t\t\t<div class=\"elementor-widget-container\">\n\t\t\t\t\t\t\t<div class=\"elementor-spacer\">\n\t\t\t<div class=\"elementor-spacer-inner\"><\/div>\n\t\t<\/div>\n\t\t\t\t\t\t<\/div>\n\t\t\t\t<\/div>\n\t\t\t\t<\/div>\n\t\t\t\t\t<\/div>\n\t\t\t\t<\/div>\n\t\t\t\t<\/div>\n\t\t","protected":false},"excerpt":{"rendered":"<p>Entwickelt f\u00fcr das Wohlbefinden Ihres Pferdes! Equisil sorgt f\u00fcr optimale Hygienebedingungen im Stall und f\u00f6rdert so die Gesundheit Ihres Pferdes. Mit modernster Silikon- und antimikrobieller Technologie schaffen wir eine Umgebung, in der sich Ihr Pferd wohlf\u00fchlt. Gemeinsam f\u00fcr die Gesundheit unserer Pferde. Setzen auch Sie auf Equisil und geben Sie Ihrem Pferd die Pflege, die [&hellip;]<\/p>\n","protected":false},"author":1,"featured_media":0,"parent":0,"menu_order":0,"comment_status":"closed","ping_status":"closed","template":"","meta":{"footnotes":""},"class_list":["post-6741","page","type-page","status-publish","hentry"],"yoast_head":"<!-- This site is optimized with the Yoast SEO plugin v27.3 - https:\/\/yoast.com\/product\/yoast-seo-wordpress\/ -->\n<title>\u00dcber uns - Equisil a new equestrian revelation<\/title>\n<meta name=\"robots\" content=\"index, follow, max-snippet:-1, max-image-preview:large, max-video-preview:-1\" \/>\n<link rel=\"canonical\" href=\"https:\/\/equisil.com\/de\/ueber-uns\/\" \/>\n<meta property=\"og:locale\" content=\"de_DE\" \/>\n<meta property=\"og:type\" content=\"article\" \/>\n<meta property=\"og:title\" content=\"Equisil - Biosicherheit \u2013 Sch\u00fctzen Sie Ihre Pferde effektiv\" \/>\n<meta property=\"og:description\" content=\"Biosicherheit umfasst eine Reihe von vorbeugenden Ma\u00dfnahmen, die dazu dienen, Ihre Pferde vor Infektionskrankheiten zu sch\u00fctzen.\" \/>\n<meta property=\"og:url\" content=\"https:\/\/equisil.com\/de\/ueber-uns\/\" \/>\n<meta property=\"og:site_name\" content=\"Equisil a new equestrian revelation\" \/>\n<meta property=\"article:modified_time\" content=\"2025-02-19T15:11:26+00:00\" \/>\n<meta property=\"og:image\" content=\"https:\/\/equisil.com\/wp-content\/uploads\/2023\/10\/TTpk3uz6z40U.jpg\" \/>\n\t<meta property=\"og:image:width\" content=\"2048\" \/>\n\t<meta property=\"og:image:height\" content=\"1536\" \/>\n\t<meta property=\"og:image:type\" content=\"image\/jpeg\" \/>\n<meta name=\"twitter:card\" content=\"summary_large_image\" \/>\n<meta name=\"twitter:label1\" content=\"Gesch\u00e4tzte Lesezeit\" \/>\n\t<meta name=\"twitter:data1\" content=\"2\u00a0Minuten\" \/>\n<script type=\"application\/ld+json\" class=\"yoast-schema-graph\">{\"@context\":\"https:\\\/\\\/schema.org\",\"@graph\":[{\"@type\":\"WebPage\",\"@id\":\"https:\\\/\\\/equisil.com\\\/de\\\/ueber-uns\\\/\",\"url\":\"https:\\\/\\\/equisil.com\\\/de\\\/ueber-uns\\\/\",\"name\":\"\u00dcber uns - Equisil a new equestrian revelation\",\"isPartOf\":{\"@id\":\"https:\\\/\\\/equisil.com\\\/#website\"},\"primaryImageOfPage\":{\"@id\":\"https:\\\/\\\/equisil.com\\\/de\\\/ueber-uns\\\/#primaryimage\"},\"image\":{\"@id\":\"https:\\\/\\\/equisil.com\\\/de\\\/ueber-uns\\\/#primaryimage\"},\"thumbnailUrl\":\"https:\\\/\\\/equisil.com\\\/wp-content\\\/uploads\\\/2024\\\/09\\\/pony-stock-springen-jumping-mechelen.png\",\"datePublished\":\"2022-11-04T13:36:36+00:00\",\"dateModified\":\"2025-02-19T15:11:26+00:00\",\"breadcrumb\":{\"@id\":\"https:\\\/\\\/equisil.com\\\/de\\\/ueber-uns\\\/#breadcrumb\"},\"inLanguage\":\"de\",\"potentialAction\":[{\"@type\":\"ReadAction\",\"target\":[\"https:\\\/\\\/equisil.com\\\/de\\\/ueber-uns\\\/\"]}]},{\"@type\":\"ImageObject\",\"inLanguage\":\"de\",\"@id\":\"https:\\\/\\\/equisil.com\\\/de\\\/ueber-uns\\\/#primaryimage\",\"url\":\"https:\\\/\\\/equisil.com\\\/wp-content\\\/uploads\\\/2024\\\/09\\\/pony-stock-springen-jumping-mechelen.png\",\"contentUrl\":\"https:\\\/\\\/equisil.com\\\/wp-content\\\/uploads\\\/2024\\\/09\\\/pony-stock-springen-jumping-mechelen.png\"},{\"@type\":\"BreadcrumbList\",\"@id\":\"https:\\\/\\\/equisil.com\\\/de\\\/ueber-uns\\\/#breadcrumb\",\"itemListElement\":[{\"@type\":\"ListItem\",\"position\":1,\"name\":\"Home\",\"item\":\"https:\\\/\\\/equisil.com\\\/de\\\/\"},{\"@type\":\"ListItem\",\"position\":2,\"name\":\"\u00dcber uns\"}]},{\"@type\":\"WebSite\",\"@id\":\"https:\\\/\\\/equisil.com\\\/#website\",\"url\":\"https:\\\/\\\/equisil.com\\\/\",\"name\":\"Equisil a new equestrian revelation\",\"description\":\"PREMIUM QUALITY HORSE SUPPLEMENTS\",\"potentialAction\":[{\"@type\":\"SearchAction\",\"target\":{\"@type\":\"EntryPoint\",\"urlTemplate\":\"https:\\\/\\\/equisil.com\\\/?s={search_term_string}\"},\"query-input\":{\"@type\":\"PropertyValueSpecification\",\"valueRequired\":true,\"valueName\":\"search_term_string\"}}],\"inLanguage\":\"de\"}]}<\/script>\n<!-- \/ Yoast SEO plugin. -->","yoast_head_json":{"title":"\u00dcber uns - Equisil a new equestrian revelation","robots":{"index":"index","follow":"follow","max-snippet":"max-snippet:-1","max-image-preview":"max-image-preview:large","max-video-preview":"max-video-preview:-1"},"canonical":"https:\/\/equisil.com\/de\/ueber-uns\/","og_locale":"de_DE","og_type":"article","og_title":"Equisil - Biosicherheit \u2013 Sch\u00fctzen Sie Ihre Pferde effektiv","og_description":"Biosicherheit umfasst eine Reihe von vorbeugenden Ma\u00dfnahmen, die dazu dienen, Ihre Pferde vor Infektionskrankheiten zu sch\u00fctzen.","og_url":"https:\/\/equisil.com\/de\/ueber-uns\/","og_site_name":"Equisil a new equestrian revelation","article_modified_time":"2025-02-19T15:11:26+00:00","og_image":[{"width":2048,"height":1536,"url":"https:\/\/equisil.com\/wp-content\/uploads\/2023\/10\/TTpk3uz6z40U.jpg","type":"image\/jpeg"}],"twitter_card":"summary_large_image","twitter_misc":{"Gesch\u00e4tzte Lesezeit":"2\u00a0Minuten"},"schema":{"@context":"https:\/\/schema.org","@graph":[{"@type":"WebPage","@id":"https:\/\/equisil.com\/de\/ueber-uns\/","url":"https:\/\/equisil.com\/de\/ueber-uns\/","name":"\u00dcber uns - Equisil a new equestrian revelation","isPartOf":{"@id":"https:\/\/equisil.com\/#website"},"primaryImageOfPage":{"@id":"https:\/\/equisil.com\/de\/ueber-uns\/#primaryimage"},"image":{"@id":"https:\/\/equisil.com\/de\/ueber-uns\/#primaryimage"},"thumbnailUrl":"https:\/\/equisil.com\/wp-content\/uploads\/2024\/09\/pony-stock-springen-jumping-mechelen.png","datePublished":"2022-11-04T13:36:36+00:00","dateModified":"2025-02-19T15:11:26+00:00","breadcrumb":{"@id":"https:\/\/equisil.com\/de\/ueber-uns\/#breadcrumb"},"inLanguage":"de","potentialAction":[{"@type":"ReadAction","target":["https:\/\/equisil.com\/de\/ueber-uns\/"]}]},{"@type":"ImageObject","inLanguage":"de","@id":"https:\/\/equisil.com\/de\/ueber-uns\/#primaryimage","url":"https:\/\/equisil.com\/wp-content\/uploads\/2024\/09\/pony-stock-springen-jumping-mechelen.png","contentUrl":"https:\/\/equisil.com\/wp-content\/uploads\/2024\/09\/pony-stock-springen-jumping-mechelen.png"},{"@type":"BreadcrumbList","@id":"https:\/\/equisil.com\/de\/ueber-uns\/#breadcrumb","itemListElement":[{"@type":"ListItem","position":1,"name":"Home","item":"https:\/\/equisil.com\/de\/"},{"@type":"ListItem","position":2,"name":"\u00dcber uns"}]},{"@type":"WebSite","@id":"https:\/\/equisil.com\/#website","url":"https:\/\/equisil.com\/","name":"Equisil a new equestrian revelation","description":"PREMIUM QUALITY HORSE SUPPLEMENTS","potentialAction":[{"@type":"SearchAction","target":{"@type":"EntryPoint","urlTemplate":"https:\/\/equisil.com\/?s={search_term_string}"},"query-input":{"@type":"PropertyValueSpecification","valueRequired":true,"valueName":"search_term_string"}}],"inLanguage":"de"}]}},"_links":{"self":[{"href":"https:\/\/equisil.com\/de\/wp-json\/wp\/v2\/pages\/6741","targetHints":{"allow":["GET"]}}],"collection":[{"href":"https:\/\/equisil.com\/de\/wp-json\/wp\/v2\/pages"}],"about":[{"href":"https:\/\/equisil.com\/de\/wp-json\/wp\/v2\/types\/page"}],"author":[{"embeddable":true,"href":"https:\/\/equisil.com\/de\/wp-json\/wp\/v2\/users\/1"}],"replies":[{"embeddable":true,"href":"https:\/\/equisil.com\/de\/wp-json\/wp\/v2\/comments?post=6741"}],"version-history":[{"count":5,"href":"https:\/\/equisil.com\/de\/wp-json\/wp\/v2\/pages\/6741\/revisions"}],"predecessor-version":[{"id":6878,"href":"https:\/\/equisil.com\/de\/wp-json\/wp\/v2\/pages\/6741\/revisions\/6878"}],"wp:attachment":[{"href":"https:\/\/equisil.com\/de\/wp-json\/wp\/v2\/media?parent=6741"}],"curies":[{"name":"wp","href":"https:\/\/api.w.org\/{rel}","templated":true}]}}